{"id":51567,"date":"2025-02-20T10:03:57","date_gmt":"2025-02-20T10:03:57","guid":{"rendered":"https:\/\/inatech-group.com\/our-logistics\/"},"modified":"2025-03-30T00:23:36","modified_gmt":"2025-03-30T00:23:36","slug":"nase-logisticke-kapacitete","status":"publish","type":"page","link":"https:\/\/inatech-group.com\/sr\/nase-logisticke-kapacitete\/","title":{"rendered":"NA\u0160E LOGISTI\u010cKE KAPACITETE"},"content":{"rendered":"\t\t<div data-elementor-type=\"wp-page\" data-elementor-id=\"51567\" class=\"elementor elementor-51567 elementor-46377\" data-elementor-post-type=\"page\">\n\t\t\t\t\t\t<section class=\"elementor-section elementor-top-section elementor-element elementor-element-0da0259 elementor-section-boxed elementor-section-height-default elementor-section-height-default\" data-id=\"0da0259\" data-element_type=\"section\" data-settings=\"{&quot;jet_parallax_layout_list&quot;:[]}\">\n\t\t\t\t\t\t<div class=\"elementor-container elementor-column-gap-default\">\n\t\t\t\t\t<div class=\"elementor-column elementor-col-100 elementor-top-column elementor-element elementor-element-74f4211\" data-id=\"74f4211\" data-element_type=\"column\">\n\t\t\t<div class=\"elementor-widget-wrap elementor-element-populated\">\n\t\t\t\t\t\t<div class=\"elementor-element elementor-element-7cacea0 elementor-widget elementor-widget-rs-heading\" data-id=\"7cacea0\" data-element_type=\"widget\" data-widget_type=\"rs-heading.default\">\n\t\t\t\t<div class=\"elementor-widget-container\">\n\t\t\t\t\t        <div class=\"rs-heading default center \">\r\n        \t<div class=\"title-inner\">\r\n        \t\t      \t\t\r\n\t            <h2 class=\"title\"><span class=\"watermark\"><\/span>NA\u0160E LOGISTI\u010cKE KAPACITETE<\/h2>\t        <\/div>\r\n\t                <\/div>\r\n\r\n        \t\t\t\t<\/div>\n\t\t\t\t<\/div>\n\t\t\t\t\t<\/div>\n\t\t<\/div>\n\t\t\t\t\t<\/div>\n\t\t<\/section>\n\t\t<div class=\"elementor-element elementor-element-40404c1 e-flex e-con-boxed e-con e-parent\" data-id=\"40404c1\" data-element_type=\"container\" data-settings=\"{&quot;jet_parallax_layout_list&quot;:[]}\">\n\t\t\t\t\t<div class=\"e-con-inner\">\n\t\t\t\t<div class=\"elementor-element elementor-element-d3585e5 elementor-widget elementor-widget-text-editor\" data-id=\"d3585e5\" data-element_type=\"widget\" data-widget_type=\"text-editor.default\">\n\t\t\t\t\t\t\t\t\t<p>Inatech Packaging posluje iz dva velika logisti\u010dka centra, strate\u0161ki sme\u0161tena u Oradei i Bukure\u0161tu, \u010dime obezbe\u0111ujemo optimizovan tok isporuke i efikasnu nacionalnu pokrivenost. Ove lokacije nam omogu\u0107avaju brzo procesuiranje narud\u017ebina, smanjenje vremena isporuke i pru\u017eanje brzih i pouzdanih usluga na\u0161im klijentima.<\/p><p>Zahvaljuju\u0107i savremenoj infrastrukturi i posve\u0107enom timu, brzo mo\u017eemo da odgovorimo na zahteve razli\u010ditih industrija, odr\u017eavaju\u0107i raznovrsnu zalihu proizvoda i nude\u0107i prilago\u0111ena re\u0161enja za ambala\u017eu. Bez obzira na lokaciju na\u0161ih klijenata, garantujemo efikasne isporuke i logisti\u010dka re\u0161enja prilago\u0111ena specifi\u010dnim potrebama svakog poslovanja.<\/p>\t\t\t\t\t\t\t\t<\/div>\n\t\t\t\t\t<\/div>\n\t\t\t\t<\/div>\n\t\t<div class=\"elementor-element elementor-element-ada806b e-con-full e-flex e-con e-parent\" data-id=\"ada806b\" data-element_type=\"container\" data-settings=\"{&quot;jet_parallax_layout_list&quot;:[]}\">\n\t\t\t\t<div class=\"elementor-element elementor-element-374f27e elementor-widget__width-inherit elementor-widget elementor-widget-inatech_logistics_widget\" data-id=\"374f27e\" data-element_type=\"widget\" data-widget_type=\"inatech_logistics_widget.default\">\n\t\t\t\t<div class=\"elementor-widget-container\">\n\t\t\t\t\t        <div class='inatech-logistics-container'>\n                            <div class='inatech-logistics-card inatech_card'>\n                    <div class='top-border'><\/div>\n                    <h3>GLAVNI OPERATIVNI I LOGISTI\u010cKI CENTAR<\/h3>\n                    <img src='https:\/\/inatech-group.com\/wp-content\/uploads\/2025\/03\/Inatech_Sediu_Domnesti.webp' alt='Logistics Image'>\n                    <p class='location'><i class=\"fas fa-map-marker-alt\"><\/i> DOMNESTI, ILFOV<\/p>\n                    <div class='description'><ul> <li>Pokriveno podru\u010dje: jugozapad, jugoistok, severoistok, ju\u017eni centar Rumunije, Bugarska;<\/li> <li>Veli\u010dina sedi\u0161ta: 340 m\u00b2<\/li> <li>Veli\u010dina magacina INATECH Packaging-a:<\/li> <li>(H5A=1020 m\u00b2, H1=1589 m\u00b2, ukupna veli\u010dina magacina=2610 m\u00b2)<\/li> <li>Veli\u010dina magacina iFOAM-a: 920 m\u00b2<\/li> <li>Flota: 5 kombija (3.5 t);<\/li> <li>1 prikolica (120 m\u00b3);<\/li> <li>9 automobila.<\/li> <\/ul><\/div>\n                    <a href='' class='logistics-btn'><\/a>\n                <\/div>\n                            <div class='inatech-logistics-card inatech_card'>\n                    <div class='top-border'><\/div>\n                    <h3>LOGISTI\u010cKI CENTAR I KANCELARIJE<\/h3>\n                    <img src='https:\/\/inatech-group.com\/wp-content\/uploads\/2025\/03\/Inatech_Oradea-1.webp' alt='Logistics Image'>\n                    <p class='location'><i class=\"fas fa-map-marker-alt\"><\/i> ORADEA<\/p>\n                    <div class='description'><ul> <li>Pokriveno podru\u010dje: severozapad Rumunije, Ma\u0111arska;<\/li> <li>Veli\u010dina magacina: 2400 m\u00b2;<\/li> <li>Flota: 2 kombija (3.5 t);<\/li> <li>1 prikolica;<\/li> <li>2 automobila.<\/li> <\/ul><\/div>\n                    <a href='' class='logistics-btn'><\/a>\n                <\/div>\n                    <\/div>\n        \t\t\t\t<\/div>\n\t\t\t\t<\/div>\n\t\t\t\t<\/div>\n\t\t<div class=\"elementor-element elementor-element-4583cd3 e-con-full e-flex e-con e-parent\" data-id=\"4583cd3\" data-element_type=\"container\" data-settings=\"{&quot;jet_parallax_layout_list&quot;:[]}\">\n\t\t\t\t<\/div>\n\t\t\t\t<\/div>\n\t\t","protected":false},"excerpt":{"rendered":"<p>NA\u0160E LOGISTI\u010cKE KAPACITETE Inatech Packaging posluje iz dva velika logisti\u010dka centra, strate\u0161ki sme\u0161tena u Oradei i Bukure\u0161tu, \u010dime obezbe\u0111ujemo optimizovan tok isporuke i efikasnu nacionalnu pokrivenost. Ove lokacije nam omogu\u0107avaju brzo procesuiranje narud\u017ebina, smanjenje vremena isporuke i pru\u017eanje brzih i pouzdanih usluga na\u0161im klijentima. Zahvaljuju\u0107i savremenoj infrastrukturi i posve\u0107enom timu, brzo mo\u017eemo da odgovorimo na&#8230;<\/p>\n","protected":false},"author":2,"featured_media":0,"parent":0,"menu_order":0,"comment_status":"closed","ping_status":"closed","template":"","meta":{"footnotes":""},"class_list":["post-51567","page","type-page","status-publish","hentry"],"_links":{"self":[{"href":"https:\/\/inatech-group.com\/sr\/wp-json\/wp\/v2\/pages\/51567","targetHints":{"allow":["GET"]}}],"collection":[{"href":"https:\/\/inatech-group.com\/sr\/wp-json\/wp\/v2\/pages"}],"about":[{"href":"https:\/\/inatech-group.com\/sr\/wp-json\/wp\/v2\/types\/page"}],"author":[{"embeddable":true,"href":"https:\/\/inatech-group.com\/sr\/wp-json\/wp\/v2\/users\/2"}],"replies":[{"embeddable":true,"href":"https:\/\/inatech-group.com\/sr\/wp-json\/wp\/v2\/comments?post=51567"}],"version-history":[{"count":0,"href":"https:\/\/inatech-group.com\/sr\/wp-json\/wp\/v2\/pages\/51567\/revisions"}],"wp:attachment":[{"href":"https:\/\/inatech-group.com\/sr\/wp-json\/wp\/v2\/media?parent=51567"}],"curies":[{"name":"wp","href":"https:\/\/api.w.org\/{rel}","templated":true}]}}