{"id":51542,"date":"2025-01-29T01:12:55","date_gmt":"2025-01-29T01:12:55","guid":{"rendered":"https:\/\/inatech-group.com\/join-our-team\/"},"modified":"2025-04-03T19:00:13","modified_gmt":"2025-04-03T19:00:13","slug":"pridruzite-se-nasem-timu","status":"publish","type":"page","link":"https:\/\/inatech-group.com\/sr\/pridruzite-se-nasem-timu\/","title":{"rendered":"PRIDRU\u017dITE SE NA\u0160EM TIMU"},"content":{"rendered":"\t\t<div data-elementor-type=\"wp-page\" data-elementor-id=\"51542\" class=\"elementor elementor-51542 elementor-44134\" data-elementor-post-type=\"page\">\n\t\t\t\t<div class=\"elementor-element elementor-element-e11167d e-flex e-con-boxed e-con e-parent\" data-id=\"e11167d\" data-element_type=\"container\" data-settings=\"{&quot;jet_parallax_layout_list&quot;:[]}\">\n\t\t\t\t\t<div class=\"e-con-inner\">\n\t\t\t\t<div class=\"elementor-element elementor-element-bf3b4ea elementor-widget elementor-widget-heading\" data-id=\"bf3b4ea\" data-element_type=\"widget\" data-widget_type=\"heading.default\">\n\t\t\t\t\t<h2 class=\"elementor-heading-title elementor-size-default\">Mogu\u0107nosti za razvoj i profesionalni uspeh<\/h2>\t\t\t\t<\/div>\n\t\t\t\t\t<\/div>\n\t\t\t\t<\/div>\n\t\t<div class=\"elementor-element elementor-element-565f65e e-flex e-con-boxed e-con e-parent\" data-id=\"565f65e\" data-element_type=\"container\" data-settings=\"{&quot;jet_parallax_layout_list&quot;:[]}\">\n\t\t\t\t\t<div class=\"e-con-inner\">\n\t\t\t\t<div class=\"elementor-element elementor-element-35ebea3 elementor-widget elementor-widget-text-editor\" data-id=\"35ebea3\" data-element_type=\"widget\" data-widget_type=\"text-editor.default\">\n\t\t\t\t\t\t\t\t\t<p>U INATECH GRUPI, posve\u0107eni smo pru\u017eanju inovativnih re\u0161enja za ambala\u017eu koja prave razliku.<\/p><p><span class=\"hidemobile\">Na\u0161 uspeh pokre\u0107e posve\u0107enost i strast na\u0161ih \u010dlanova tima, i uvek tra\u017eimo talentovane pojedince koji \u017eele da nam se pridru\u017ee.<\/span><\/p><p><span class=\"hidemobile\">Kada se pridru\u017eite INATECH GRUPI, postajete deo dinami\u010dne, budu\u0107nosti orijentisane kompanije koja se fokusira na stvaranje dugoro\u010dnih vrednosti za svoje klijente. Nudimo mogu\u0107nosti za li\u010dni i profesionalni razvoj, omogu\u0107avaju\u0107i vam da doprinosite na\u0161em stalnom uspehu i budete deo kolaborativnog i podr\u017eavaju\u0107eg radnog okru\u017eenja.<\/span><\/p><p><span style=\"color: #3492eb;\"><strong>Pridru\u017eite nam se i budite deo kompanije koja oblikuje budu\u0107nost ambala\u017ee!<\/strong><\/span><\/p>\t\t\t\t\t\t\t\t<\/div>\n\t\t\t\t\t<\/div>\n\t\t\t\t<\/div>\n\t\t<div class=\"elementor-element elementor-element-9ec8c56 e-flex e-con-boxed e-con e-parent\" data-id=\"9ec8c56\" data-element_type=\"container\" data-settings=\"{&quot;background_background&quot;:&quot;classic&quot;,&quot;jet_parallax_layout_list&quot;:[]}\">\n\t\t\t\t\t<div class=\"e-con-inner\">\n\t\t\t\t<div class=\"elementor-element elementor-element-ec2bb57 elementor-widget elementor-widget-rs-cf7\" data-id=\"ec2bb57\" data-element_type=\"widget\" data-widget_type=\"rs-cf7.default\">\n\t\t\t\t<div class=\"elementor-widget-container\">\n\t\t\t\t\t\n<div class=\"wpcf7 no-js\" id=\"wpcf7-f52994-o1\" lang=\"ro-RO\" dir=\"ltr\" data-wpcf7-id=\"52994\">\n<div class=\"screen-reader-response\"><p role=\"status\" aria-live=\"polite\" aria-atomic=\"true\"><\/p> <ul><\/ul><\/div>\n<form action=\"\/sr\/wp-json\/wp\/v2\/pages\/51542#wpcf7-f52994-o1\" method=\"post\" class=\"wpcf7-form init\" aria-label=\"Formular de contact\" novalidate=\"novalidate\" data-status=\"init\">\n<fieldset class=\"hidden-fields-container\"><input type=\"hidden\" name=\"_wpcf7\" value=\"52994\" \/><input type=\"hidden\" name=\"_wpcf7_version\" value=\"6.1.3\" \/><input type=\"hidden\" name=\"_wpcf7_locale\" value=\"ro_RO\" \/><input type=\"hidden\" name=\"_wpcf7_unit_tag\" value=\"wpcf7-f52994-o1\" \/><input type=\"hidden\" name=\"_wpcf7_container_post\" value=\"0\" \/><input type=\"hidden\" name=\"_wpcf7_posted_data_hash\" value=\"\" \/><input type=\"hidden\" name=\"_wpcf7_recaptcha_response\" value=\"\" \/>\n<\/fieldset>\n<div class=\"row\">\n\t<div class=\"col-sm-12\">\n\t\t<p><span class=\"wpcf7-form-control-wrap\" data-name=\"your-name\"><input size=\"40\" maxlength=\"400\" class=\"wpcf7-form-control wpcf7-text wpcf7-validates-as-required\" aria-required=\"true\" aria-invalid=\"false\" placeholder=\"Ime\" value=\"\" type=\"text\" name=\"your-name\" \/><\/span>\n\t\t<\/p>\n\t<\/div>\n\t<div class=\"col-sm-6\">\n\t\t<p><span class=\"wpcf7-form-control-wrap\" data-name=\"your-email\"><input size=\"40\" maxlength=\"400\" class=\"wpcf7-form-control wpcf7-email wpcf7-validates-as-required wpcf7-text wpcf7-validates-as-email\" aria-required=\"true\" aria-invalid=\"false\" placeholder=\"E-mail\" value=\"\" type=\"email\" name=\"your-email\" \/><\/span>\n\t\t<\/p>\n\t<\/div>\n\t<div class=\"col-sm-6\">\n\t\t<p><span class=\"wpcf7-form-control-wrap\" data-name=\"your-phone\"><input size=\"40\" maxlength=\"400\" class=\"wpcf7-form-control wpcf7-text wpcf7-validates-as-required\" aria-required=\"true\" aria-invalid=\"false\" placeholder=\"Telefon\" value=\"\" type=\"text\" name=\"your-phone\" \/><\/span>\n\t\t<\/p>\n\t<\/div>\n\t<div class=\"col-sm-12\">\n\t\t<div class=\"inatech_cv_upload_container\">\n\t\t\t<p>Po\u0161aljite svoj CV\n\t\t\t<\/p>\n\t\t\t<div class=\"inatech_cv_upload_wrapper\">\n\t\t\t\t<p><input id=\"inatech_cv_upload_input\" type=\"file\" name=\"CV\" accept=\".pdf,.doc,.docx,.txt,.rtf,.odt\" class=\"inatech_cv_upload_hidden\" \/><br \/>\n<label for=\"inatech_cv_upload_input\" id=\"inatech_cv_upload_button\" class=\"inatech_cv_upload_button\"><br \/>\n<i class=\"fa-solid fa-file-arrow-up\"><\/i> Izaberite svoj CV<br \/>\n<\/label>\n\t\t\t\t<\/p>\n\t\t\t<\/div>\n\t\t<\/div>\n\t<\/div>\n\t<div class=\"col-sm-12\">\n\t\t<p>Izaberite \u017eeljenu poziciju\n\t\t<\/p>\n\t\t<p><span class=\"wpcf7-form-control-wrap\" data-name=\"Job\"><select class=\"wpcf7-form-control wpcf7-select\" aria-invalid=\"false\" name=\"Job\"><option value=\"Prva opcija\">Prva opcija<\/option><option value=\"Druga opcija\">Druga opcija<\/option><option value=\"Tre\u0107a opcija\">Tre\u0107a opcija<\/option><\/select><\/span>\n\t\t<\/p>\n\t<\/div>\n\t<div class=\"col-sm-12\">\n\t\t<p>Izaberite kancelariju\n\t\t<\/p>\n\t\t<p><span class=\"wpcf7-form-control-wrap\" data-name=\"Sediul\"><select class=\"wpcf7-form-control wpcf7-select\" aria-invalid=\"false\" name=\"Sediul\"><option value=\"Bukure\u0161t\">Bukure\u0161t<\/option><option value=\"Oradea\">Oradea<\/option><\/select><\/span>\n\t\t<\/p>\n\t<\/div>\n\t<div class=\"form-button col-sm-12\">\n\t\t<p id=\"inatech_send_cv\" class=\"submit-btn\"><input class=\"wpcf7-form-control wpcf7-submit has-spinner\" type=\"submit\" value=\"Po\u0161alji sada\" \/>\n\t\t<\/p>\n\t<\/div>\n<\/div><div class=\"wpcf7-response-output\" aria-hidden=\"true\"><\/div>\n<\/form>\n<\/div>\n\t\t\t\t<\/div>\n\t\t\t\t<\/div>\n\t\t\t\t\t<\/div>\n\t\t\t\t<\/div>\n\t\t<div class=\"elementor-element elementor-element-748d146 e-con-full e-flex e-con e-parent\" data-id=\"748d146\" data-element_type=\"container\" data-settings=\"{&quot;jet_parallax_layout_list&quot;:[]}\">\n\t\t\t\t<\/div>\n\t\t\t\t<\/div>\n\t\t","protected":false},"excerpt":{"rendered":"<p>Mogu\u0107nosti za razvoj i profesionalni uspeh U INATECH GRUPI, posve\u0107eni smo pru\u017eanju inovativnih re\u0161enja za ambala\u017eu koja prave razliku. Na\u0161 uspeh pokre\u0107e posve\u0107enost i strast na\u0161ih \u010dlanova tima, i uvek tra\u017eimo talentovane pojedince koji \u017eele da nam se pridru\u017ee. Kada se pridru\u017eite INATECH GRUPI, postajete deo dinami\u010dne, budu\u0107nosti orijentisane kompanije koja se fokusira na stvaranje&#8230;<\/p>\n","protected":false},"author":2,"featured_media":0,"parent":0,"menu_order":0,"comment_status":"closed","ping_status":"closed","template":"","meta":{"footnotes":""},"class_list":["post-51542","page","type-page","status-publish","hentry"],"_links":{"self":[{"href":"https:\/\/inatech-group.com\/sr\/wp-json\/wp\/v2\/pages\/51542","targetHints":{"allow":["GET"]}}],"collection":[{"href":"https:\/\/inatech-group.com\/sr\/wp-json\/wp\/v2\/pages"}],"about":[{"href":"https:\/\/inatech-group.com\/sr\/wp-json\/wp\/v2\/types\/page"}],"author":[{"embeddable":true,"href":"https:\/\/inatech-group.com\/sr\/wp-json\/wp\/v2\/users\/2"}],"replies":[{"embeddable":true,"href":"https:\/\/inatech-group.com\/sr\/wp-json\/wp\/v2\/comments?post=51542"}],"version-history":[{"count":0,"href":"https:\/\/inatech-group.com\/sr\/wp-json\/wp\/v2\/pages\/51542\/revisions"}],"wp:attachment":[{"href":"https:\/\/inatech-group.com\/sr\/wp-json\/wp\/v2\/media?parent=51542"}],"curies":[{"name":"wp","href":"https:\/\/api.w.org\/{rel}","templated":true}]}}