{"id":51534,"date":"2025-01-29T01:09:32","date_gmt":"2025-01-29T01:09:32","guid":{"rendered":"https:\/\/inatech-group.com\/certifications\/"},"modified":"2025-11-13T07:49:24","modified_gmt":"2025-11-13T07:49:24","slug":"sertifikati","status":"publish","type":"page","link":"https:\/\/inatech-group.com\/sr\/sertifikati\/","title":{"rendered":"SERTIFIKATI"},"content":{"rendered":"\t\t<div data-elementor-type=\"wp-page\" data-elementor-id=\"51534\" class=\"elementor elementor-51534 elementor-44127\" data-elementor-post-type=\"page\">\n\t\t\t\t\t\t<section class=\"elementor-section elementor-top-section elementor-element elementor-element-6779016 elementor-section-boxed elementor-section-height-default elementor-section-height-default\" data-id=\"6779016\" data-element_type=\"section\" data-settings=\"{&quot;jet_parallax_layout_list&quot;:[]}\">\n\t\t\t\t\t\t<div class=\"elementor-container elementor-column-gap-default\">\n\t\t\t\t\t<div class=\"elementor-column elementor-col-100 elementor-top-column elementor-element elementor-element-1578f01\" data-id=\"1578f01\" data-element_type=\"column\">\n\t\t\t<div class=\"elementor-widget-wrap elementor-element-populated\">\n\t\t\t\t\t\t<div class=\"elementor-element elementor-element-edf4373 elementor-widget elementor-widget-rs-heading\" data-id=\"edf4373\" data-element_type=\"widget\" data-widget_type=\"rs-heading.default\">\n\t\t\t\t<div class=\"elementor-widget-container\">\n\t\t\t\t\t        <div class=\"rs-heading default center \">\r\n        \t<div class=\"title-inner\">\r\n        \t\t      \t\t\r\n\t            <h2 class=\"title\"><span class=\"watermark\"><\/span>Na\u0161i sertifikati i standardi kvaliteta<\/h2>\t        <\/div>\r\n\t                <\/div>\r\n\r\n        \t\t\t\t<\/div>\n\t\t\t\t<\/div>\n\t\t\t\t\t<\/div>\n\t\t<\/div>\n\t\t\t\t\t<\/div>\n\t\t<\/section>\n\t\t<div class=\"elementor-element elementor-element-fc8017f e-flex e-con-boxed e-con e-parent\" data-id=\"fc8017f\" data-element_type=\"container\" data-settings=\"{&quot;jet_parallax_layout_list&quot;:[]}\">\n\t\t\t\t\t<div class=\"e-con-inner\">\n\t\t\t\t<div class=\"elementor-element elementor-element-71d5648 elementor-widget elementor-widget-text-editor\" data-id=\"71d5648\" data-element_type=\"widget\" data-widget_type=\"text-editor.default\">\n\t\t\t\t\t\t\t\t\t<p class=\"\" data-start=\"0\" data-end=\"125\"><strong data-start=\"0\" data-end=\"17\">INATECH Grupa<\/strong> pridr\u017eava se najvi\u0161ih standarda kvaliteta i bezbednosti, poseduju\u0107i sertifikate prema me\u0111unarodnim normama.<\/p> <p class=\"\" data-start=\"127\" data-end=\"464\">Posedujemo sertifikate koji potvr\u0111uju uskla\u0111enost na\u0161ih proizvodnih i distributivnih procesa, obezbe\u0111uju\u0107i pouzdane i odr\u017eive proizvode za na\u0161e klijente. Kroz ove rigorozne standarde, posve\u0107eni smo pru\u017eanju inovativnih, sigurnih i ekolo\u0161ki prihvatljivih re\u0161enja, odr\u017eavaju\u0107i izvrsnost u svim aspektima na\u0161eg poslovanja.<\/p>\t\t\t\t\t\t\t\t<\/div>\n\t\t\t\t\t<\/div>\n\t\t\t\t<\/div>\n\t\t<div class=\"elementor-element elementor-element-c5437ad e-grid e-con-boxed e-con e-parent\" data-id=\"c5437ad\" data-element_type=\"container\" data-settings=\"{&quot;jet_parallax_layout_list&quot;:[]}\">\n\t\t\t\t\t<div class=\"e-con-inner\">\n\t\t\t\t<div class=\"elementor-element elementor-element-d5aabcd elementor-widget elementor-widget-image\" data-id=\"d5aabcd\" data-element_type=\"widget\" data-widget_type=\"image.default\">\n\t\t\t\t\t\t\t\t\t\t\t\t\t\t\t<img fetchpriority=\"high\" decoding=\"async\" width=\"343\" height=\"617\" src=\"https:\/\/inatech-group.com\/wp-content\/uploads\/2025\/11\/Certificat-INATECH-Packaging-2025-ISO-9001.webp\" class=\"attachment-large size-large wp-image-53765\" alt=\"\" srcset=\"https:\/\/inatech-group.com\/wp-content\/uploads\/2025\/11\/Certificat-INATECH-Packaging-2025-ISO-9001.webp 343w, https:\/\/inatech-group.com\/wp-content\/uploads\/2025\/11\/Certificat-INATECH-Packaging-2025-ISO-9001-167x300.webp 167w\" sizes=\"(max-width: 343px) 100vw, 343px\" \/>\t\t\t\t\t\t\t\t\t\t\t\t\t\t\t<\/div>\n\t\t\t\t<div class=\"elementor-element elementor-element-91f0ee4 elementor-widget elementor-widget-image\" data-id=\"91f0ee4\" data-element_type=\"widget\" data-widget_type=\"image.default\">\n\t\t\t\t\t\t\t\t\t\t\t\t\t\t\t<img decoding=\"async\" width=\"343\" height=\"617\" src=\"https:\/\/inatech-group.com\/wp-content\/uploads\/2025\/11\/Certificat-INATECH-Packaging-2025-ISO-14001.webp\" class=\"attachment-large size-large wp-image-53770\" alt=\"\" srcset=\"https:\/\/inatech-group.com\/wp-content\/uploads\/2025\/11\/Certificat-INATECH-Packaging-2025-ISO-14001.webp 343w, https:\/\/inatech-group.com\/wp-content\/uploads\/2025\/11\/Certificat-INATECH-Packaging-2025-ISO-14001-167x300.webp 167w\" sizes=\"(max-width: 343px) 100vw, 343px\" \/>\t\t\t\t\t\t\t\t\t\t\t\t\t\t\t<\/div>\n\t\t\t\t\t<\/div>\n\t\t\t\t<\/div>\n\t\t<div class=\"elementor-element elementor-element-dbb645c e-con-full e-flex e-con e-parent\" data-id=\"dbb645c\" data-element_type=\"container\" data-settings=\"{&quot;jet_parallax_layout_list&quot;:[]}\">\n\t\t\t\t<\/div>\n\t\t\t\t<\/div>\n\t\t","protected":false},"excerpt":{"rendered":"<p>Na\u0161i sertifikati i standardi kvaliteta INATECH Grupa pridr\u017eava se najvi\u0161ih standarda kvaliteta i bezbednosti, poseduju\u0107i sertifikate prema me\u0111unarodnim normama. Posedujemo sertifikate koji potvr\u0111uju uskla\u0111enost na\u0161ih proizvodnih i distributivnih procesa, obezbe\u0111uju\u0107i pouzdane i odr\u017eive proizvode za na\u0161e klijente. Kroz ove rigorozne standarde, posve\u0107eni smo pru\u017eanju inovativnih, sigurnih i ekolo\u0161ki prihvatljivih re\u0161enja, odr\u017eavaju\u0107i izvrsnost u svim aspektima&#8230;<\/p>\n","protected":false},"author":2,"featured_media":0,"parent":0,"menu_order":0,"comment_status":"closed","ping_status":"closed","template":"","meta":{"footnotes":""},"class_list":["post-51534","page","type-page","status-publish","hentry"],"_links":{"self":[{"href":"https:\/\/inatech-group.com\/sr\/wp-json\/wp\/v2\/pages\/51534","targetHints":{"allow":["GET"]}}],"collection":[{"href":"https:\/\/inatech-group.com\/sr\/wp-json\/wp\/v2\/pages"}],"about":[{"href":"https:\/\/inatech-group.com\/sr\/wp-json\/wp\/v2\/types\/page"}],"author":[{"embeddable":true,"href":"https:\/\/inatech-group.com\/sr\/wp-json\/wp\/v2\/users\/2"}],"replies":[{"embeddable":true,"href":"https:\/\/inatech-group.com\/sr\/wp-json\/wp\/v2\/comments?post=51534"}],"version-history":[{"count":3,"href":"https:\/\/inatech-group.com\/sr\/wp-json\/wp\/v2\/pages\/51534\/revisions"}],"predecessor-version":[{"id":53782,"href":"https:\/\/inatech-group.com\/sr\/wp-json\/wp\/v2\/pages\/51534\/revisions\/53782"}],"wp:attachment":[{"href":"https:\/\/inatech-group.com\/sr\/wp-json\/wp\/v2\/media?parent=51534"}],"curies":[{"name":"wp","href":"https:\/\/api.w.org\/{rel}","templated":true}]}}