{"id":51529,"date":"2025-01-29T01:08:21","date_gmt":"2025-01-29T01:08:21","guid":{"rendered":"https:\/\/inatech-group.com\/circular-economy\/"},"modified":"2025-03-30T00:27:54","modified_gmt":"2025-03-30T00:27:54","slug":"kruzna-ekonomija","status":"publish","type":"page","link":"https:\/\/inatech-group.com\/sr\/kruzna-ekonomija\/","title":{"rendered":"KRU\u017dNA EKONOMIJA"},"content":{"rendered":"\t\t<div data-elementor-type=\"wp-page\" data-elementor-id=\"51529\" class=\"elementor elementor-51529 elementor-44121\" data-elementor-post-type=\"page\">\n\t\t\t\t<div class=\"elementor-element elementor-element-f611e69 e-flex e-con-boxed e-con e-parent\" data-id=\"f611e69\" data-element_type=\"container\" data-settings=\"{&quot;jet_parallax_layout_list&quot;:[]}\">\n\t\t\t\t\t<div class=\"e-con-inner\">\n\t\t\t\t<div class=\"elementor-element elementor-element-c97ea7d elementor-widget elementor-widget-heading\" data-id=\"c97ea7d\" data-element_type=\"widget\" data-widget_type=\"heading.default\">\n\t\t\t\t\t<h2 class=\"elementor-heading-title elementor-size-default\">Kru\u017ena ekonomija i na\u0161a ekolo\u0161ka odgovornost\n\n\n\n\n<\/h2>\t\t\t\t<\/div>\n\t\t\t\t\t<\/div>\n\t\t\t\t<\/div>\n\t\t<div class=\"elementor-element elementor-element-a26c301 e-flex e-con-boxed e-con e-parent\" data-id=\"a26c301\" data-element_type=\"container\" data-settings=\"{&quot;jet_parallax_layout_list&quot;:[]}\">\n\t\t\t\t\t<div class=\"e-con-inner\">\n\t\t\t\t<div class=\"elementor-element elementor-element-fc8a4cb elementor-widget elementor-widget-text-editor\" data-id=\"fc8a4cb\" data-element_type=\"widget\" data-widget_type=\"text-editor.default\">\n\t\t\t\t\t\t\t\t\t<p>U INATECH Packaging-u verujemo da je kru\u017ena ekonomija klju\u010d za odr\u017eiviju budu\u0107nost. Zato se trudimo da implementiramo prakse koje smanjuju ekolo\u0161ki uticaj i podsti\u010du recikla\u017eu i ponovnu upotrebu materijala. Ponosni smo \u0161to smo sertifikovana kompanija po standardu Forest Stewardship Council (FSC), \u0161to pokazuje na\u0161u posve\u0107enost odgovornom upravljanju \u0161umama i o\u010duvanju prirodnih resursa.<\/p>\t\t\t\t\t\t\t\t<\/div>\n\t\t\t\t\t<\/div>\n\t\t\t\t<\/div>\n\t\t<div class=\"elementor-element elementor-element-e3a5f8d e-flex e-con-boxed e-con e-parent\" data-id=\"e3a5f8d\" data-element_type=\"container\" data-settings=\"{&quot;jet_parallax_layout_list&quot;:[]}\">\n\t\t\t\t\t<div class=\"e-con-inner\">\n\t\t\t\t<div class=\"elementor-element elementor-element-61ec915 elementor-widget elementor-widget-image\" data-id=\"61ec915\" data-element_type=\"widget\" data-widget_type=\"image.default\">\n\t\t\t\t\t\t\t\t\t\t\t\t\t\t\t<img fetchpriority=\"high\" decoding=\"async\" width=\"1410\" height=\"480\" src=\"https:\/\/inatech-group.com\/wp-content\/uploads\/2025\/02\/Inatech_Economie_Circulara_2.webp\" class=\"attachment-full size-full wp-image-45115\" alt=\"\" srcset=\"https:\/\/inatech-group.com\/wp-content\/uploads\/2025\/02\/Inatech_Economie_Circulara_2.webp 1410w, https:\/\/inatech-group.com\/wp-content\/uploads\/2025\/02\/Inatech_Economie_Circulara_2-300x102.webp 300w, https:\/\/inatech-group.com\/wp-content\/uploads\/2025\/02\/Inatech_Economie_Circulara_2-1024x349.webp 1024w, https:\/\/inatech-group.com\/wp-content\/uploads\/2025\/02\/Inatech_Economie_Circulara_2-768x261.webp 768w\" sizes=\"(max-width: 1410px) 100vw, 1410px\" \/>\t\t\t\t\t\t\t\t\t\t\t\t\t\t\t<\/div>\n\t\t\t\t\t<\/div>\n\t\t\t\t<\/div>\n\t\t<div class=\"elementor-element elementor-element-5fcf09c e-flex e-con-boxed e-con e-parent\" data-id=\"5fcf09c\" data-element_type=\"container\" data-settings=\"{&quot;jet_parallax_layout_list&quot;:[]}\">\n\t\t\t\t\t<div class=\"e-con-inner\">\n\t\t\t\t<div class=\"elementor-element elementor-element-ef7077d elementor-widget elementor-widget-heading\" data-id=\"ef7077d\" data-element_type=\"widget\" data-widget_type=\"heading.default\">\n\t\t\t\t\t<h3 class=\"elementor-heading-title elementor-size-default\">Recikla\u017ea i odr\u017eivost: Na\u0161a posve\u0107enost \u010distijoj \u017eivotnoj sredini<\/h3>\t\t\t\t<\/div>\n\t\t\t\t<div class=\"elementor-element elementor-element-c24c3d0 elementor-widget elementor-widget-text-editor\" data-id=\"c24c3d0\" data-element_type=\"widget\" data-widget_type=\"text-editor.default\">\n\t\t\t\t\t\t\t\t\tOdr\u017eivi razvoj i za\u0161tita \u017eivotne sredine su klju\u010dni stubovi dru\u0161tva kojem pripadamo. INATECH Grupa po\u0161tuje \u017eivotnu sredinu u kojoj \u017eivimo, implementiraju\u0107i odgovornu politiku upravljanja otpadom koja omogu\u0107ava recikla\u017eu i obnovu 95% otpada od ekspanzivnih \u0107elijskih pena i LDPE proizvoda.\n\n\t\t\t\t\t\t\t\t<\/div>\n\t\t\t\t\t<\/div>\n\t\t\t\t<\/div>\n\t\t<div class=\"elementor-element elementor-element-a9fafac e-flex e-con-boxed e-con e-parent\" data-id=\"a9fafac\" data-element_type=\"container\" data-settings=\"{&quot;jet_parallax_layout_list&quot;:[]}\">\n\t\t\t\t\t<div class=\"e-con-inner\">\n\t\t\t\t<div class=\"elementor-element elementor-element-ab61c0a elementor-widget elementor-widget-text-editor\" data-id=\"ab61c0a\" data-element_type=\"widget\" data-widget_type=\"text-editor.default\">\n\t\t\t\t\t\t\t\t\tIFOAM AG, deo INATECH Grupe, dobio je ekolo\u0161ku dozvolu za prikupljanje i obradu plasti\u010dnog otpada. IFOAM AG je investirao u opremu za obradu otpada i transformaciju u reciklirane plasti\u010dne sirovine, kao \u0161to su mlin za plastiku\/uni\u0161tava\u010d i ekstruder za proizvodnju recikliranih plasti\u010dnih peleta.\n\n\t\t\t\t\t\t\t\t<\/div>\n\t\t\t\t\t<\/div>\n\t\t\t\t<\/div>\n\t\t<div class=\"elementor-element elementor-element-6cd29b7 e-con-full e-flex e-con e-parent\" data-id=\"6cd29b7\" data-element_type=\"container\" data-settings=\"{&quot;jet_parallax_layout_list&quot;:[]}\">\n\t\t\t\t<\/div>\n\t\t\t\t<\/div>\n\t\t","protected":false},"excerpt":{"rendered":"<p>Kru\u017ena ekonomija i na\u0161a ekolo\u0161ka odgovornost U INATECH Packaging-u verujemo da je kru\u017ena ekonomija klju\u010d za odr\u017eiviju budu\u0107nost. Zato se trudimo da implementiramo prakse koje smanjuju ekolo\u0161ki uticaj i podsti\u010du recikla\u017eu i ponovnu upotrebu materijala. Ponosni smo \u0161to smo sertifikovana kompanija po standardu Forest Stewardship Council (FSC), \u0161to pokazuje na\u0161u posve\u0107enost odgovornom upravljanju \u0161umama i&#8230;<\/p>\n","protected":false},"author":2,"featured_media":0,"parent":0,"menu_order":0,"comment_status":"closed","ping_status":"closed","template":"","meta":{"footnotes":""},"class_list":["post-51529","page","type-page","status-publish","hentry"],"_links":{"self":[{"href":"https:\/\/inatech-group.com\/sr\/wp-json\/wp\/v2\/pages\/51529","targetHints":{"allow":["GET"]}}],"collection":[{"href":"https:\/\/inatech-group.com\/sr\/wp-json\/wp\/v2\/pages"}],"about":[{"href":"https:\/\/inatech-group.com\/sr\/wp-json\/wp\/v2\/types\/page"}],"author":[{"embeddable":true,"href":"https:\/\/inatech-group.com\/sr\/wp-json\/wp\/v2\/users\/2"}],"replies":[{"embeddable":true,"href":"https:\/\/inatech-group.com\/sr\/wp-json\/wp\/v2\/comments?post=51529"}],"version-history":[{"count":0,"href":"https:\/\/inatech-group.com\/sr\/wp-json\/wp\/v2\/pages\/51529\/revisions"}],"wp:attachment":[{"href":"https:\/\/inatech-group.com\/sr\/wp-json\/wp\/v2\/media?parent=51529"}],"curies":[{"name":"wp","href":"https:\/\/api.w.org\/{rel}","templated":true}]}}