{"id":51517,"date":"2025-01-29T01:04:19","date_gmt":"2025-01-29T01:04:19","guid":{"rendered":"https:\/\/inatech-group.com\/inatech-group-team\/"},"modified":"2026-01-26T08:20:54","modified_gmt":"2026-01-26T08:20:54","slug":"nas-tim","status":"publish","type":"page","link":"https:\/\/inatech-group.com\/sr\/nas-tim\/","title":{"rendered":"Na\u0161 tim"},"content":{"rendered":"\t\t<div data-elementor-type=\"wp-page\" data-elementor-id=\"51517\" class=\"elementor elementor-51517 elementor-44104\" data-elementor-post-type=\"page\">\n\t\t\t\t<div class=\"elementor-element elementor-element-2725a86 e-flex e-con-boxed e-con e-parent\" data-id=\"2725a86\" data-element_type=\"container\" data-settings=\"{&quot;jet_parallax_layout_list&quot;:[]}\">\n\t\t\t\t\t<div class=\"e-con-inner\">\n\t\t\t\t<div class=\"elementor-element elementor-element-55f2210 elementor-widget elementor-widget-heading\" data-id=\"55f2210\" data-element_type=\"widget\" data-widget_type=\"heading.default\">\n\t\t\t\t\t<h2 class=\"elementor-heading-title elementor-size-default\">Odbor direktora \u2013 INATECH GROUP<\/h2>\t\t\t\t<\/div>\n\t\t\t\t\t<\/div>\n\t\t\t\t<\/div>\n\t\t<div class=\"elementor-element elementor-element-72f9ac0 e-flex e-con-boxed e-con e-parent\" data-id=\"72f9ac0\" data-element_type=\"container\" data-settings=\"{&quot;jet_parallax_layout_list&quot;:[]}\">\n\t\t\t\t\t<div class=\"e-con-inner\">\n\t\t\t\t<div class=\"elementor-element elementor-element-def7148 elementor-widget elementor-widget-text-editor\" data-id=\"def7148\" data-element_type=\"widget\" data-widget_type=\"text-editor.default\">\n\t\t\t\t\t\t\t\t\tIzvr\u0161ni tim INATECH Group okuplja lidere sa zajedni\u010dkom vizijom: odr\u017eivi razvoj, inovacije i operativna izvrsnost. Kroz donete odluke i preuzete strate\u0161ke smernice, oni koordiniraju rad svih divizija grupe, u\u010dvr\u0161\u0107uju\u0107i poziciju INATECH-a kao pouzdanog partnera u industriji ambala\u017ee, integrisanih industrijskih re\u0161enja i profesionalnih izolacionih materijala koji se koriste u gra\u0111evinarstvu.\t\t\t\t\t\t\t\t<\/div>\n\t\t\t\t\t<\/div>\n\t\t\t\t<\/div>\n\t\t<div class=\"elementor-element elementor-element-afd6d85 e-flex e-con-boxed e-con e-parent\" data-id=\"afd6d85\" data-element_type=\"container\" data-settings=\"{&quot;jet_parallax_layout_list&quot;:[]}\">\n\t\t\t\t\t<div class=\"e-con-inner\">\n\t\t\t\t<div class=\"elementor-element elementor-element-4636716 elementor-widget elementor-widget-rsteam\" data-id=\"4636716\" data-element_type=\"widget\" data-widget_type=\"rsteam.default\">\n\t\t\t\t<div class=\"elementor-widget-container\">\n\t\t\t\t\t<div class=\"rs-team-grid rs-team team-grid-style1 popup rsaddon_pro_box\">\r\n\t<div class=\"row\">\r\n\t\t \t\r\n\t\t\t\t\t\r\n\t\t\t\t<div class=\"col-lg-3 col-md-6 col-xs-1\">\r\n\t\t\t\t\t<div class=\"team-item\">\r\n\t\t\t\t\t\t<div class=\"team-inner-wrap\">\r\n\t\t\t\t\t\t\t<div class=\"image-wrap\">\r\n\t\t\t\t\t\t\t\t\r\n\r\n\t\t\t\t\t\t\t\t\t\t\t\t\t\t\t  \t\t<a class=\"pointer-events\"  data-effect=\"mfp-zoom-in\">\r\n\t\t\t\t\t\t\t    \t\t\t\t\t\t\t    \r\n\t\t\t\t\t\t\t\t\t<img fetchpriority=\"high\" decoding=\"async\" width=\"640\" height=\"640\" src=\"https:\/\/inatech-group.com\/wp-content\/uploads\/2025\/02\/Badescu-George-Cristian-960-x-960-px.jpg\" class=\"attachment-large size-large wp-post-image\" alt=\"\" srcset=\"https:\/\/inatech-group.com\/wp-content\/uploads\/2025\/02\/Badescu-George-Cristian-960-x-960-px.jpg 800w, https:\/\/inatech-group.com\/wp-content\/uploads\/2025\/02\/Badescu-George-Cristian-960-x-960-px-300x300.jpg 300w, https:\/\/inatech-group.com\/wp-content\/uploads\/2025\/02\/Badescu-George-Cristian-960-x-960-px-150x150.jpg 150w, https:\/\/inatech-group.com\/wp-content\/uploads\/2025\/02\/Badescu-George-Cristian-960-x-960-px-768x768.jpg 768w, https:\/\/inatech-group.com\/wp-content\/uploads\/2025\/02\/Badescu-George-Cristian-960-x-960-px-500x500.jpg 500w\" sizes=\"(max-width: 640px) 100vw, 640px\" \/>\t\t\t\t\t\t\t\t<\/a>\r\n\t\t\t\t\t\t\t\t\t\t\t\t\t\t\t\t\t<div class=\"social-icons1 f\">\r\n\t\t\t\t\t\t\t\t\t\t<a href=\"https:\/\/www.linkedin.com\/in\/cristian-george-badescu\/\" class=\"social-icon\"><i class=\"fab fa-linkedin-in\"><\/i><\/a>\t\t\t\t\t\t\t        <\/div>\r\n\t\t\t\t\t\t\t        \r\n\t\t\t\t\t\t\t<\/div>\t\r\n\t\t\t\t\t\t\t<div class=\"team-content\">\r\n\t\t\t\t\t\t\t  <h3 class=\"team-name\">\r\n\t\t\t\t\t\t\t  \t\t\t\t\t\t\t\t  \t\t<a class=\"pointer-events\"  data-effect=\"mfp-zoom-in\">\r\n\t\t\t\t\t\t\t    \r\n\t\t\t\t\t\t\t  \tCristian Badescu<\/a><\/h3>\r\n\t\t\t\t\t\t\t  <span class=\"team-title\">Generalni direktor<\/span>\r\n\t\t\t\t\t\t\t<\/div>\t\t\t\t\t\r\n\t\t\t\t  \t\t<\/div>\r\n\t\t\t  \t\t<\/div>\r\n\t\t\t\t<\/div>\r\n\r\n\t\t\t\t<!-- Hidden PupupBox Text -->\r\n\r\n\t\t\t\t\r\n\t\t\t\r\n\t\t\t\t\t\r\n\t\t\t\t<div class=\"col-lg-3 col-md-6 col-xs-1\">\r\n\t\t\t\t\t<div class=\"team-item\">\r\n\t\t\t\t\t\t<div class=\"team-inner-wrap\">\r\n\t\t\t\t\t\t\t<div class=\"image-wrap\">\r\n\t\t\t\t\t\t\t\t\r\n\r\n\t\t\t\t\t\t\t\t\t\t\t\t\t\t\t  \t\t<a class=\"pointer-events\"  data-effect=\"mfp-zoom-in\">\r\n\t\t\t\t\t\t\t    \t\t\t\t\t\t\t    \r\n\t\t\t\t\t\t\t\t\t<img decoding=\"async\" width=\"640\" height=\"640\" src=\"https:\/\/inatech-group.com\/wp-content\/uploads\/2025\/01\/Andrei_Rusu.webp\" class=\"attachment-large size-large wp-post-image\" alt=\"Andrei RUSU - Business Manager INATECH GROUP\" srcset=\"https:\/\/inatech-group.com\/wp-content\/uploads\/2025\/01\/Andrei_Rusu.webp 1000w, https:\/\/inatech-group.com\/wp-content\/uploads\/2025\/01\/Andrei_Rusu-300x300.webp 300w, https:\/\/inatech-group.com\/wp-content\/uploads\/2025\/01\/Andrei_Rusu-150x150.webp 150w, https:\/\/inatech-group.com\/wp-content\/uploads\/2025\/01\/Andrei_Rusu-768x768.webp 768w, https:\/\/inatech-group.com\/wp-content\/uploads\/2025\/01\/Andrei_Rusu-500x500.webp 500w, https:\/\/inatech-group.com\/wp-content\/uploads\/2025\/01\/Andrei_Rusu-700x700.webp 700w\" sizes=\"(max-width: 640px) 100vw, 640px\" \/>\t\t\t\t\t\t\t\t<\/a>\r\n\t\t\t\t\t\t\t\t\t\t\t\t\t\t\t\t\t<div class=\"social-icons1 f\">\r\n\t\t\t\t\t\t\t\t\t\t<a href=\"https:\/\/www.linkedin.com\/in\/andrei-rusu-0a797051\/\" class=\"social-icon\"><i class=\"fab fa-linkedin-in\"><\/i><\/a>\t\t\t\t\t\t\t        <\/div>\r\n\t\t\t\t\t\t\t        \r\n\t\t\t\t\t\t\t<\/div>\t\r\n\t\t\t\t\t\t\t<div class=\"team-content\">\r\n\t\t\t\t\t\t\t  <h3 class=\"team-name\">\r\n\t\t\t\t\t\t\t  \t\t\t\t\t\t\t\t  \t\t<a class=\"pointer-events\"  data-effect=\"mfp-zoom-in\">\r\n\t\t\t\t\t\t\t    \r\n\t\t\t\t\t\t\t  \tAndrei Rusu<\/a><\/h3>\r\n\t\t\t\t\t\t\t  <span class=\"team-title\">Operativni direktor<\/span>\r\n\t\t\t\t\t\t\t<\/div>\t\t\t\t\t\r\n\t\t\t\t  \t\t<\/div>\r\n\t\t\t  \t\t<\/div>\r\n\t\t\t\t<\/div>\r\n\r\n\t\t\t\t<!-- Hidden PupupBox Text -->\r\n\r\n\t\t\t\t\r\n\t\t\t\r\n\t\t\t\t\t\r\n\t\t\t\t<div class=\"col-lg-3 col-md-6 col-xs-1\">\r\n\t\t\t\t\t<div class=\"team-item\">\r\n\t\t\t\t\t\t<div class=\"team-inner-wrap\">\r\n\t\t\t\t\t\t\t<div class=\"image-wrap\">\r\n\t\t\t\t\t\t\t\t\r\n\r\n\t\t\t\t\t\t\t\t\t\t\t\t\t\t\t  \t\t<a class=\"pointer-events\"  data-effect=\"mfp-zoom-in\">\r\n\t\t\t\t\t\t\t    \t\t\t\t\t\t\t    \r\n\t\t\t\t\t\t\t\t\t<img decoding=\"async\" width=\"640\" height=\"640\" src=\"https:\/\/inatech-group.com\/wp-content\/uploads\/2025\/01\/Simona_Bucur.webp\" class=\"attachment-large size-large wp-post-image\" alt=\"Simona BUCUR - CFO INATECH GROUP\" srcset=\"https:\/\/inatech-group.com\/wp-content\/uploads\/2025\/01\/Simona_Bucur.webp 1000w, https:\/\/inatech-group.com\/wp-content\/uploads\/2025\/01\/Simona_Bucur-300x300.webp 300w, https:\/\/inatech-group.com\/wp-content\/uploads\/2025\/01\/Simona_Bucur-150x150.webp 150w, https:\/\/inatech-group.com\/wp-content\/uploads\/2025\/01\/Simona_Bucur-768x768.webp 768w, https:\/\/inatech-group.com\/wp-content\/uploads\/2025\/01\/Simona_Bucur-500x500.webp 500w, https:\/\/inatech-group.com\/wp-content\/uploads\/2025\/01\/Simona_Bucur-700x700.webp 700w\" sizes=\"(max-width: 640px) 100vw, 640px\" \/>\t\t\t\t\t\t\t\t<\/a>\r\n\t\t\t\t\t\t\t\t\t\t\t\t\t\t\t\t\t<div class=\"social-icons1 f\">\r\n\t\t\t\t\t\t\t\t\t\t<a href=\"https:\/\/www.linkedin.com\/in\/simona-b-a08873216\/\" class=\"social-icon\"><i class=\"fab fa-linkedin-in\"><\/i><\/a>\t\t\t\t\t\t\t        <\/div>\r\n\t\t\t\t\t\t\t        \r\n\t\t\t\t\t\t\t<\/div>\t\r\n\t\t\t\t\t\t\t<div class=\"team-content\">\r\n\t\t\t\t\t\t\t  <h3 class=\"team-name\">\r\n\t\t\t\t\t\t\t  \t\t\t\t\t\t\t\t  \t\t<a class=\"pointer-events\"  data-effect=\"mfp-zoom-in\">\r\n\t\t\t\t\t\t\t    \r\n\t\t\t\t\t\t\t  \tSIMONA BUCUR<\/a><\/h3>\r\n\t\t\t\t\t\t\t  <span class=\"team-title\">Finansijski direktor<\/span>\r\n\t\t\t\t\t\t\t<\/div>\t\t\t\t\t\r\n\t\t\t\t  \t\t<\/div>\r\n\t\t\t  \t\t<\/div>\r\n\t\t\t\t<\/div>\r\n\r\n\t\t\t\t<!-- Hidden PupupBox Text -->\r\n\r\n\t\t\t\t\r\n\t\t\t\r\n\t\t\t\t\t\r\n\t\t\t\t<div class=\"col-lg-3 col-md-6 col-xs-1\">\r\n\t\t\t\t\t<div class=\"team-item\">\r\n\t\t\t\t\t\t<div class=\"team-inner-wrap\">\r\n\t\t\t\t\t\t\t<div class=\"image-wrap\">\r\n\t\t\t\t\t\t\t\t\r\n\r\n\t\t\t\t\t\t\t\t\t\t\t\t\t\t\t  \t\t<a class=\"pointer-events\"  data-effect=\"mfp-zoom-in\">\r\n\t\t\t\t\t\t\t    \t\t\t\t\t\t\t    \r\n\t\t\t\t\t\t\t\t\t<img loading=\"lazy\" decoding=\"async\" width=\"640\" height=\"640\" src=\"https:\/\/inatech-group.com\/wp-content\/uploads\/2025\/01\/Doina-CRISTESCU.png\" class=\"attachment-large size-large wp-post-image\" alt=\"Doina CRISTESCU\" srcset=\"https:\/\/inatech-group.com\/wp-content\/uploads\/2025\/01\/Doina-CRISTESCU.png 1000w, https:\/\/inatech-group.com\/wp-content\/uploads\/2025\/01\/Doina-CRISTESCU-300x300.png 300w, https:\/\/inatech-group.com\/wp-content\/uploads\/2025\/01\/Doina-CRISTESCU-150x150.png 150w, https:\/\/inatech-group.com\/wp-content\/uploads\/2025\/01\/Doina-CRISTESCU-768x768.png 768w, https:\/\/inatech-group.com\/wp-content\/uploads\/2025\/01\/Doina-CRISTESCU-500x500.png 500w, https:\/\/inatech-group.com\/wp-content\/uploads\/2025\/01\/Doina-CRISTESCU-700x700.png 700w\" sizes=\"(max-width: 640px) 100vw, 640px\" \/>\t\t\t\t\t\t\t\t<\/a>\r\n\t\t\t\t\t\t\t\t\t\t\t\t\t\t\t\t\t<div class=\"social-icons1 f\">\r\n\t\t\t\t\t\t\t\t\t\t<a href=\"https:\/\/www.linkedin.com\/in\/doina-cristescu-02234b20b\" class=\"social-icon\"><i class=\"fab fa-linkedin-in\"><\/i><\/a>\t\t\t\t\t\t\t        <\/div>\r\n\t\t\t\t\t\t\t        \r\n\t\t\t\t\t\t\t<\/div>\t\r\n\t\t\t\t\t\t\t<div class=\"team-content\">\r\n\t\t\t\t\t\t\t  <h3 class=\"team-name\">\r\n\t\t\t\t\t\t\t  \t\t\t\t\t\t\t\t  \t\t<a class=\"pointer-events\"  data-effect=\"mfp-zoom-in\">\r\n\t\t\t\t\t\t\t    \r\n\t\t\t\t\t\t\t  \tDoina Cristescu<\/a><\/h3>\r\n\t\t\t\t\t\t\t  <span class=\"team-title\">Menad\u017eer ra\u010dunovodstva<\/span>\r\n\t\t\t\t\t\t\t<\/div>\t\t\t\t\t\r\n\t\t\t\t  \t\t<\/div>\r\n\t\t\t  \t\t<\/div>\r\n\t\t\t\t<\/div>\r\n\r\n\t\t\t\t<!-- Hidden PupupBox Text -->\r\n\r\n\t\t\t\t\r\n\t\t\t\r\n\t\t\t\t\t\r\n\t\t\t\t<div class=\"col-lg-3 col-md-6 col-xs-1\">\r\n\t\t\t\t\t<div class=\"team-item\">\r\n\t\t\t\t\t\t<div class=\"team-inner-wrap\">\r\n\t\t\t\t\t\t\t<div class=\"image-wrap\">\r\n\t\t\t\t\t\t\t\t\r\n\r\n\t\t\t\t\t\t\t\t\t\t\t\t\t\t\t  \t\t<a class=\"pointer-events\"  data-effect=\"mfp-zoom-in\">\r\n\t\t\t\t\t\t\t    \t\t\t\t\t\t\t    \r\n\t\t\t\t\t\t\t\t\t<img loading=\"lazy\" decoding=\"async\" width=\"640\" height=\"640\" src=\"https:\/\/inatech-group.com\/wp-content\/uploads\/2025\/01\/Victor-POP-1000x1000-px-150-dpi-fundal-alb-webp.webp\" class=\"attachment-large size-large wp-post-image\" alt=\"\" srcset=\"https:\/\/inatech-group.com\/wp-content\/uploads\/2025\/01\/Victor-POP-1000x1000-px-150-dpi-fundal-alb-webp.webp 1000w, https:\/\/inatech-group.com\/wp-content\/uploads\/2025\/01\/Victor-POP-1000x1000-px-150-dpi-fundal-alb-webp-300x300.webp 300w, https:\/\/inatech-group.com\/wp-content\/uploads\/2025\/01\/Victor-POP-1000x1000-px-150-dpi-fundal-alb-webp-150x150.webp 150w, https:\/\/inatech-group.com\/wp-content\/uploads\/2025\/01\/Victor-POP-1000x1000-px-150-dpi-fundal-alb-webp-768x768.webp 768w, https:\/\/inatech-group.com\/wp-content\/uploads\/2025\/01\/Victor-POP-1000x1000-px-150-dpi-fundal-alb-webp-500x500.webp 500w\" sizes=\"(max-width: 640px) 100vw, 640px\" \/>\t\t\t\t\t\t\t\t<\/a>\r\n\t\t\t\t\t\t\t\t\t\t\t\t\t\t\t\t\t<div class=\"social-icons1 f\">\r\n\t\t\t\t\t\t\t\t\t\t<a href=\"https:\/\/ro.linkedin.com\/in\/victor-pop-ulma-packaging\" class=\"social-icon\"><i class=\"fab fa-linkedin-in\"><\/i><\/a>\t\t\t\t\t\t\t        <\/div>\r\n\t\t\t\t\t\t\t        \r\n\t\t\t\t\t\t\t<\/div>\t\r\n\t\t\t\t\t\t\t<div class=\"team-content\">\r\n\t\t\t\t\t\t\t  <h3 class=\"team-name\">\r\n\t\t\t\t\t\t\t  \t\t\t\t\t\t\t\t  \t\t<a class=\"pointer-events\"  data-effect=\"mfp-zoom-in\">\r\n\t\t\t\t\t\t\t    \r\n\t\t\t\t\t\t\t  \tVictor POP<\/a><\/h3>\r\n\t\t\t\t\t\t\t  <span class=\"team-title\">Direktor prodaje<\/span>\r\n\t\t\t\t\t\t\t<\/div>\t\t\t\t\t\r\n\t\t\t\t  \t\t<\/div>\r\n\t\t\t  \t\t<\/div>\r\n\t\t\t\t<\/div>\r\n\r\n\t\t\t\t<!-- Hidden PupupBox Text -->\r\n\r\n\t\t\t\t\r\n\t\t\t\r\n\t\t\t\t\t\r\n\t\t\t\t<div class=\"col-lg-3 col-md-6 col-xs-1\">\r\n\t\t\t\t\t<div class=\"team-item\">\r\n\t\t\t\t\t\t<div class=\"team-inner-wrap\">\r\n\t\t\t\t\t\t\t<div class=\"image-wrap\">\r\n\t\t\t\t\t\t\t\t\r\n\r\n\t\t\t\t\t\t\t\t\t\t\t\t\t\t\t  \t\t<a class=\"pointer-events\"  data-effect=\"mfp-zoom-in\">\r\n\t\t\t\t\t\t\t    \t\t\t\t\t\t\t    \r\n\t\t\t\t\t\t\t\t\t<img loading=\"lazy\" decoding=\"async\" width=\"640\" height=\"640\" src=\"https:\/\/inatech-group.com\/wp-content\/uploads\/2025\/01\/Daniel_Vaum.webp\" class=\"attachment-large size-large wp-post-image\" alt=\"Daniel VAUM - Purchasing Manager INATECH GROUP\" srcset=\"https:\/\/inatech-group.com\/wp-content\/uploads\/2025\/01\/Daniel_Vaum.webp 1000w, https:\/\/inatech-group.com\/wp-content\/uploads\/2025\/01\/Daniel_Vaum-300x300.webp 300w, https:\/\/inatech-group.com\/wp-content\/uploads\/2025\/01\/Daniel_Vaum-150x150.webp 150w, https:\/\/inatech-group.com\/wp-content\/uploads\/2025\/01\/Daniel_Vaum-768x768.webp 768w, https:\/\/inatech-group.com\/wp-content\/uploads\/2025\/01\/Daniel_Vaum-500x500.webp 500w, https:\/\/inatech-group.com\/wp-content\/uploads\/2025\/01\/Daniel_Vaum-700x700.webp 700w\" sizes=\"(max-width: 640px) 100vw, 640px\" \/>\t\t\t\t\t\t\t\t<\/a>\r\n\t\t\t\t\t\t\t\t\t\t\t\t\t\t\t\t\t<div class=\"social-icons1 f\">\r\n\t\t\t\t\t\t\t\t\t\t<a href=\"https:\/\/www.linkedin.com\/in\/daniel-vaum-04a9b072\/\" class=\"social-icon\"><i class=\"fab fa-linkedin-in\"><\/i><\/a>\t\t\t\t\t\t\t        <\/div>\r\n\t\t\t\t\t\t\t        \r\n\t\t\t\t\t\t\t<\/div>\t\r\n\t\t\t\t\t\t\t<div class=\"team-content\">\r\n\t\t\t\t\t\t\t  <h3 class=\"team-name\">\r\n\t\t\t\t\t\t\t  \t\t\t\t\t\t\t\t  \t\t<a class=\"pointer-events\"  data-effect=\"mfp-zoom-in\">\r\n\t\t\t\t\t\t\t    \r\n\t\t\t\t\t\t\t  \tDaniel Vaum<\/a><\/h3>\r\n\t\t\t\t\t\t\t  <span class=\"team-title\">Menad\u017eer nabavke<\/span>\r\n\t\t\t\t\t\t\t<\/div>\t\t\t\t\t\r\n\t\t\t\t  \t\t<\/div>\r\n\t\t\t  \t\t<\/div>\r\n\t\t\t\t<\/div>\r\n\r\n\t\t\t\t<!-- Hidden PupupBox Text -->\r\n\r\n\t\t\t\t\r\n\t\t\t\r\n\t\t\t\t\t\r\n\t\t\t\t<div class=\"col-lg-3 col-md-6 col-xs-1\">\r\n\t\t\t\t\t<div class=\"team-item\">\r\n\t\t\t\t\t\t<div class=\"team-inner-wrap\">\r\n\t\t\t\t\t\t\t<div class=\"image-wrap\">\r\n\t\t\t\t\t\t\t\t\r\n\r\n\t\t\t\t\t\t\t\t\t\t\t\t\t\t\t  \t\t<a class=\"pointer-events\"  data-effect=\"mfp-zoom-in\">\r\n\t\t\t\t\t\t\t    \t\t\t\t\t\t\t    \r\n\t\t\t\t\t\t\t\t\t<img loading=\"lazy\" decoding=\"async\" width=\"640\" height=\"640\" src=\"https:\/\/inatech-group.com\/wp-content\/uploads\/2025\/01\/Alexandru-DRAGOMIRESCU-echipa-Inatech-1000x1000-px-150-fundal-alb.jpg\" class=\"attachment-large size-large wp-post-image\" alt=\"\" srcset=\"https:\/\/inatech-group.com\/wp-content\/uploads\/2025\/01\/Alexandru-DRAGOMIRESCU-echipa-Inatech-1000x1000-px-150-fundal-alb.jpg 1000w, https:\/\/inatech-group.com\/wp-content\/uploads\/2025\/01\/Alexandru-DRAGOMIRESCU-echipa-Inatech-1000x1000-px-150-fundal-alb-300x300.jpg 300w, https:\/\/inatech-group.com\/wp-content\/uploads\/2025\/01\/Alexandru-DRAGOMIRESCU-echipa-Inatech-1000x1000-px-150-fundal-alb-150x150.jpg 150w, https:\/\/inatech-group.com\/wp-content\/uploads\/2025\/01\/Alexandru-DRAGOMIRESCU-echipa-Inatech-1000x1000-px-150-fundal-alb-768x768.jpg 768w, https:\/\/inatech-group.com\/wp-content\/uploads\/2025\/01\/Alexandru-DRAGOMIRESCU-echipa-Inatech-1000x1000-px-150-fundal-alb-500x500.jpg 500w\" sizes=\"(max-width: 640px) 100vw, 640px\" \/>\t\t\t\t\t\t\t\t<\/a>\r\n\t\t\t\t\t\t\t\t\t\t\t\t\t\t\t\t\t<div class=\"social-icons1 f\">\r\n\t\t\t\t\t\t\t\t\t\t<a href=\"https:\/\/linkedin.com\/in\/alexandru-dragomirescu-112b95145\" class=\"social-icon\"><i class=\"fab fa-linkedin-in\"><\/i><\/a>\t\t\t\t\t\t\t        <\/div>\r\n\t\t\t\t\t\t\t        \r\n\t\t\t\t\t\t\t<\/div>\t\r\n\t\t\t\t\t\t\t<div class=\"team-content\">\r\n\t\t\t\t\t\t\t  <h3 class=\"team-name\">\r\n\t\t\t\t\t\t\t  \t\t\t\t\t\t\t\t  \t\t<a class=\"pointer-events\"  data-effect=\"mfp-zoom-in\">\r\n\t\t\t\t\t\t\t    \r\n\t\t\t\t\t\t\t  \tALEXANDRU DRAGOMIRESCU<\/a><\/h3>\r\n\t\t\t\t\t\t\t  <span class=\"team-title\">Menad\u017eer logistike<\/span>\r\n\t\t\t\t\t\t\t<\/div>\t\t\t\t\t\r\n\t\t\t\t  \t\t<\/div>\r\n\t\t\t  \t\t<\/div>\r\n\t\t\t\t<\/div>\r\n\r\n\t\t\t\t<!-- Hidden PupupBox Text -->\r\n\r\n\t\t\t\t\r\n\t\t\t\r\n\t\t\t\t\t\r\n\t\t\t\t<div class=\"col-lg-3 col-md-6 col-xs-1\">\r\n\t\t\t\t\t<div class=\"team-item\">\r\n\t\t\t\t\t\t<div class=\"team-inner-wrap\">\r\n\t\t\t\t\t\t\t<div class=\"image-wrap\">\r\n\t\t\t\t\t\t\t\t\r\n\r\n\t\t\t\t\t\t\t\t\t\t\t\t\t\t\t  \t\t<a class=\"pointer-events\"  data-effect=\"mfp-zoom-in\">\r\n\t\t\t\t\t\t\t    \t\t\t\t\t\t\t    \r\n\t\t\t\t\t\t\t\t\t<img loading=\"lazy\" decoding=\"async\" width=\"640\" height=\"640\" src=\"https:\/\/inatech-group.com\/wp-content\/uploads\/2025\/01\/Madalina_Geamanu.webp\" class=\"attachment-large size-large wp-post-image\" alt=\"Madalina GEAMANU - Marketing Manager INATECH GROUP\" srcset=\"https:\/\/inatech-group.com\/wp-content\/uploads\/2025\/01\/Madalina_Geamanu.webp 1000w, https:\/\/inatech-group.com\/wp-content\/uploads\/2025\/01\/Madalina_Geamanu-300x300.webp 300w, https:\/\/inatech-group.com\/wp-content\/uploads\/2025\/01\/Madalina_Geamanu-150x150.webp 150w, https:\/\/inatech-group.com\/wp-content\/uploads\/2025\/01\/Madalina_Geamanu-768x768.webp 768w, https:\/\/inatech-group.com\/wp-content\/uploads\/2025\/01\/Madalina_Geamanu-500x500.webp 500w, https:\/\/inatech-group.com\/wp-content\/uploads\/2025\/01\/Madalina_Geamanu-700x700.webp 700w\" sizes=\"(max-width: 640px) 100vw, 640px\" \/>\t\t\t\t\t\t\t\t<\/a>\r\n\t\t\t\t\t\t\t\t\t\t\t\t\t\t\t\t\t<div class=\"social-icons1 f\">\r\n\t\t\t\t\t\t\t\t\t\t<a href=\"https:\/\/www.linkedin.com\/in\/m\u0103d\u0103lina-alexandra-geam\u0103nu-0091451b8\/\" class=\"social-icon\"><i class=\"fab fa-linkedin-in\"><\/i><\/a>\t\t\t\t\t\t\t        <\/div>\r\n\t\t\t\t\t\t\t        \r\n\t\t\t\t\t\t\t<\/div>\t\r\n\t\t\t\t\t\t\t<div class=\"team-content\">\r\n\t\t\t\t\t\t\t  <h3 class=\"team-name\">\r\n\t\t\t\t\t\t\t  \t\t\t\t\t\t\t\t  \t\t<a class=\"pointer-events\"  data-effect=\"mfp-zoom-in\">\r\n\t\t\t\t\t\t\t    \r\n\t\t\t\t\t\t\t  \tMadalina Geamanu<\/a><\/h3>\r\n\t\t\t\t\t\t\t  <span class=\"team-title\">Direktor marketinga<\/span>\r\n\t\t\t\t\t\t\t<\/div>\t\t\t\t\t\r\n\t\t\t\t  \t\t<\/div>\r\n\t\t\t  \t\t<\/div>\r\n\t\t\t\t<\/div>\r\n\r\n\t\t\t\t<!-- Hidden PupupBox Text -->\r\n\r\n\t\t\t\t\r\n\t\t\t  \r\n\t<\/div>\r\n<\/div>\t\t\t\t<\/div>\n\t\t\t\t<\/div>\n\t\t\t\t\t<\/div>\n\t\t\t\t<\/div>\n\t\t<div class=\"elementor-element elementor-element-56dda33 e-con-full e-flex e-con e-parent\" data-id=\"56dda33\" data-element_type=\"container\" data-settings=\"{&quot;jet_parallax_layout_list&quot;:[]}\">\n\t\t\t\t<\/div>\n\t\t\t\t<\/div>\n\t\t","protected":false},"excerpt":{"rendered":"<p>Odbor direktora \u2013 INATECH GROUP Izvr\u0161ni tim INATECH Group okuplja lidere sa zajedni\u010dkom vizijom: odr\u017eivi razvoj, inovacije i operativna izvrsnost. Kroz donete odluke i preuzete strate\u0161ke smernice, oni koordiniraju rad svih divizija grupe, u\u010dvr\u0161\u0107uju\u0107i poziciju INATECH-a kao pouzdanog partnera u industriji ambala\u017ee, integrisanih industrijskih re\u0161enja i profesionalnih izolacionih materijala koji se koriste u gra\u0111evinarstvu. Cristian&#8230;<\/p>\n","protected":false},"author":2,"featured_media":0,"parent":0,"menu_order":0,"comment_status":"closed","ping_status":"closed","template":"","meta":{"footnotes":""},"class_list":["post-51517","page","type-page","status-publish","hentry"],"_links":{"self":[{"href":"https:\/\/inatech-group.com\/sr\/wp-json\/wp\/v2\/pages\/51517","targetHints":{"allow":["GET"]}}],"collection":[{"href":"https:\/\/inatech-group.com\/sr\/wp-json\/wp\/v2\/pages"}],"about":[{"href":"https:\/\/inatech-group.com\/sr\/wp-json\/wp\/v2\/types\/page"}],"author":[{"embeddable":true,"href":"https:\/\/inatech-group.com\/sr\/wp-json\/wp\/v2\/users\/2"}],"replies":[{"embeddable":true,"href":"https:\/\/inatech-group.com\/sr\/wp-json\/wp\/v2\/comments?post=51517"}],"version-history":[{"count":9,"href":"https:\/\/inatech-group.com\/sr\/wp-json\/wp\/v2\/pages\/51517\/revisions"}],"predecessor-version":[{"id":53891,"href":"https:\/\/inatech-group.com\/sr\/wp-json\/wp\/v2\/pages\/51517\/revisions\/53891"}],"wp:attachment":[{"href":"https:\/\/inatech-group.com\/sr\/wp-json\/wp\/v2\/media?parent=51517"}],"curies":[{"name":"wp","href":"https:\/\/api.w.org\/{rel}","templated":true}]}}