{"id":51502,"date":"2025-01-29T00:58:14","date_gmt":"2025-01-29T00:58:14","guid":{"rendered":"https:\/\/inatech-group.com\/inatech-group-companies\/"},"modified":"2025-03-30T21:00:19","modified_gmt":"2025-03-30T21:00:19","slug":"kompanije-inatech-grupe","status":"publish","type":"page","link":"https:\/\/inatech-group.com\/sr\/kompanije-inatech-grupe\/","title":{"rendered":"Kompanije INATECH Grupe"},"content":{"rendered":"\t\t<div data-elementor-type=\"wp-page\" data-elementor-id=\"51502\" class=\"elementor elementor-51502 elementor-44083\" data-elementor-post-type=\"page\">\n\t\t\t\t<div class=\"elementor-element elementor-element-a374a14 e-flex e-con-boxed e-con e-parent\" data-id=\"a374a14\" data-element_type=\"container\" data-settings=\"{&quot;jet_parallax_layout_list&quot;:[]}\">\n\t\t\t\t\t<div class=\"e-con-inner\">\n\t\t\t\t<div class=\"elementor-element elementor-element-fdcfbec elementor-widget elementor-widget-heading\" data-id=\"fdcfbec\" data-element_type=\"widget\" data-widget_type=\"heading.default\">\n\t\t\t\t\t<h2 class=\"elementor-heading-title elementor-size-default\">Profesionalna grupa u ekspanziji<\/h2>\t\t\t\t<\/div>\n\t\t\t\t\t<\/div>\n\t\t\t\t<\/div>\n\t\t<div class=\"elementor-element elementor-element-6dd7e0c e-flex e-con-boxed e-con e-parent\" data-id=\"6dd7e0c\" data-element_type=\"container\" data-settings=\"{&quot;jet_parallax_layout_list&quot;:[]}\">\n\t\t\t\t\t<div class=\"e-con-inner\">\n\t\t\t\t<div class=\"elementor-element elementor-element-fd08d8a elementor-widget elementor-widget-text-editor\" data-id=\"fd08d8a\" data-element_type=\"widget\" data-widget_type=\"text-editor.default\">\n\t\t\t\t\t\t\t\t\t<p>Inatech Grupa ja\u010da svoje prisustvo na evropskom tr\u017ei\u0161tu, upravljaju\u0107i sa 2 distributivna centra i posluju\u0107i u 3 zemlje.<\/p><p><span class=\"hidemobile\">Grupa sledi strategiju dinami\u010dne diversifikacije, neprestano \u0161ire\u0107i svoj asortiman proizvoda i usluga sa ciljem da postane sveobuhvatan poslovni partner.<\/span><\/p>\t\t\t\t\t\t\t\t<\/div>\n\t\t\t\t\t<\/div>\n\t\t\t\t<\/div>\n\t\t<div class=\"elementor-element elementor-element-eabfeb2 e-grid elementor-hidden-mobile e-con-boxed e-con e-parent\" data-id=\"eabfeb2\" data-element_type=\"container\" data-settings=\"{&quot;jet_parallax_layout_list&quot;:[]}\">\n\t\t\t\t\t<div class=\"e-con-inner\">\n\t\t\t\t<div class=\"elementor-element elementor-element-ee26956 elementor-invisible elementor-widget elementor-widget-ucaddon_image_card_content_box\" data-id=\"ee26956\" data-element_type=\"widget\" data-settings=\"{&quot;_animation&quot;:&quot;fadeIn&quot;}\" data-widget_type=\"ucaddon_image_card_content_box.default\">\n\t\t\t\t<div class=\"elementor-widget-container\">\n\t\t\t\t\t\n<!-- start Image Card -->\n<style>\/* widget: Image Card *\/\n\n.uc_classic_content *{\n\tbox-sizing: border-box;\n}\n\n#uc_image_card_content_box_elementor_ee26956 \n{\n\tfont-size:14px;\n\toverflow:hidden;\n\tcolor:#8a8a8a;\n\ttext-align:center;\n\tposition:relative;\n\twidth:100%;\n    box-shadow:rgba(0,0,0,0.10) 0px 5px 20px;\n}\n\n.uc_classic_content .uc_classic_content_content h2\n{\n\tfont-size:21px;\n    color:black;\n}\n\n.uc_classic_content .uc_classic_content_content p\n{\n\tline-height:1.5em;\n}\n\n.uc_classic_content .uc_classic_content_border\n{\n\tdisplay:block;\n    margin: 0 auto;\n}\n\n.uc_classic_content  .uc_classic_content_placeholder img\n{\n\twidth:100%;\n    object-fit:cover;\n}\n\n#uc_image_card_content_box_elementor_ee26956 .uc_classic_content_content \n{\n display: flex;\n flex-flow: column nowrap;\n}\n#uc_image_card_content_box_elementor_ee26956 .btn_wrap\n{\n  margin-top:auto;\n}\n#uc_image_card_content_box_elementor_ee26956 .uc_classic_content_content .uc_more_btn {\n\tdisplay:inline-block;\n\ttext-decoration:none;\n\ttransition: all 0.3s ease;\n    border-style:solid;\n    text-align:center;\n    \n\n}\n\n\n\n\n\n<\/style>\n\n<div class=\"uc_classic_content\" id=\"uc_image_card_content_box_elementor_ee26956\">\n  <span class=\"uc_classic_content_border\"><\/span>\n    \t<div class=\"uc_classic_content_container_holder\">\n           \n                  \t<div class=\"uc_classic_content_placeholder\">              \n        \t\t<img decoding=\"async\" src=\"https:\/\/inatech-group.com\/wp-content\/uploads\/2025\/03\/Inatech_logo_light-1-1.svg\" alt=\"Inatech_logo_light-1\">              \n            <\/div>\n                      <div class=\"uc_classic_content_content\">\n             <h2 class=\"ue-title\">Kompletan dobavlja\u010d ambala\u017ee<\/h2>              <div class=\"ue-text\"><p>INATECH PACKAGING je specijalizovana divizija INATECH Grupe, posve\u0107ena pru\u017eanju inovativnih re\u0161enja za za\u0161titnu ambala\u017eu. Nudimo \u0161irok asortiman proizvoda prilago\u0111enih specifi\u010dnim potrebama svakog klijenta, uz osiguranje bezbednosti robe tokom skladi\u0161tenja i transporta.<br \/>Kori\u0161\u0107enjem visokokvalitetnih materijala i savremenih tehnologija, garantujemo da svako pakovanje pru\u017ea optimalnu za\u0161titu, efikasnost i odr\u017eivost.<\/p><\/div>              \n                            \t\t<div class=\"btn_wrap\"><a class=\"uc_more_btn elementor-animation-bob\" href=\"https:\/\/inatech-shop.ro\/\"  target='_blank'>VEB-SAJT KOMPANIJE<\/a><\/div>\n              \n            <\/div>\n        <\/div>\n   <\/div>\n<!-- end Image Card -->\t\t\t\t<\/div>\n\t\t\t\t<\/div>\n\t\t\t\t<div class=\"elementor-element elementor-element-4812cc9 elementor-invisible elementor-widget elementor-widget-ucaddon_image_card_content_box\" data-id=\"4812cc9\" data-element_type=\"widget\" data-settings=\"{&quot;_animation&quot;:&quot;fadeIn&quot;,&quot;_animation_delay&quot;:500}\" data-widget_type=\"ucaddon_image_card_content_box.default\">\n\t\t\t\t<div class=\"elementor-widget-container\">\n\t\t\t\t\t\n<!-- start Image Card -->\n<style>\/* widget: Image Card *\/\n\n.uc_classic_content *{\n\tbox-sizing: border-box;\n}\n\n#uc_image_card_content_box_elementor_4812cc9 \n{\n\tfont-size:14px;\n\toverflow:hidden;\n\tcolor:#8a8a8a;\n\ttext-align:center;\n\tposition:relative;\n\twidth:100%;\n    box-shadow:rgba(0,0,0,0.10) 0px 5px 20px;\n}\n\n.uc_classic_content .uc_classic_content_content h2\n{\n\tfont-size:21px;\n    color:black;\n}\n\n.uc_classic_content .uc_classic_content_content p\n{\n\tline-height:1.5em;\n}\n\n.uc_classic_content .uc_classic_content_border\n{\n\tdisplay:block;\n    margin: 0 auto;\n}\n\n.uc_classic_content  .uc_classic_content_placeholder img\n{\n\twidth:100%;\n    object-fit:cover;\n}\n\n#uc_image_card_content_box_elementor_4812cc9 .uc_classic_content_content \n{\n display: flex;\n flex-flow: column nowrap;\n}\n#uc_image_card_content_box_elementor_4812cc9 .btn_wrap\n{\n  margin-top:auto;\n}\n#uc_image_card_content_box_elementor_4812cc9 .uc_classic_content_content .uc_more_btn {\n\tdisplay:inline-block;\n\ttext-decoration:none;\n\ttransition: all 0.3s ease;\n    border-style:solid;\n    text-align:center;\n    \n\n}\n\n\n\n\n\n<\/style>\n\n<div class=\"uc_classic_content\" id=\"uc_image_card_content_box_elementor_4812cc9\">\n  <span class=\"uc_classic_content_border\"><\/span>\n    \t<div class=\"uc_classic_content_container_holder\">\n           \n                  \t<div class=\"uc_classic_content_placeholder\">              \n        \t\t<img decoding=\"async\" src=\"https:\/\/inatech-group.com\/wp-content\/uploads\/2025\/03\/Ifoam_Logo_Tabs-2.svg\" alt=\"Ifoam_Logo_Tabs\">              \n            <\/div>\n                      <div class=\"uc_classic_content_content\">\n             <h2 class=\"ue-title\"> Proizvo\u0111a\u010d prilago\u0111ene ambala\u017ee<\/h2>              <div class=\"ue-text\"><p>IFOAM AG je deo INATECH Grupe i predstavlja inovativnog proizvo\u0111a\u010da prilago\u0111ene za\u0161titne ambala\u017ee. Specijalizovan za obradu tehni\u010dkih pena, plastike i kartona, IFOAM AG razvija efikasna i odr\u017eiva re\u0161enja u skladu sa specifi\u010dnim zahtevima svakog klijenta.<br \/>Kroz kontinuirana ulaganja u tehnologiju i inovacije, kompanija obezbe\u0111uje optimalnu za\u0161titu robe tokom skladi\u0161tenja i transporta, dodatno ja\u010daju\u0107i posve\u0107enost INATECH Grupe kvalitetu i izvrsnosti.<\/p><\/div>              \n                            \t\t<div class=\"btn_wrap\"><a class=\"uc_more_btn elementor-animation-bob\" href=\"https:\/\/ifoam.ro\/\" >VEB-SAJT KOMPANIJE<\/a><\/div>\n              \n            <\/div>\n        <\/div>\n   <\/div>\n<!-- end Image Card -->\t\t\t\t<\/div>\n\t\t\t\t<\/div>\n\t\t\t\t<div class=\"elementor-element elementor-element-3bad5d3 elementor-invisible elementor-widget elementor-widget-ucaddon_image_card_content_box\" data-id=\"3bad5d3\" data-element_type=\"widget\" data-settings=\"{&quot;_animation&quot;:&quot;fadeIn&quot;,&quot;_animation_delay&quot;:1000}\" data-widget_type=\"ucaddon_image_card_content_box.default\">\n\t\t\t\t<div class=\"elementor-widget-container\">\n\t\t\t\t\t\n<!-- start Image Card -->\n<style>\/* widget: Image Card *\/\n\n.uc_classic_content *{\n\tbox-sizing: border-box;\n}\n\n#uc_image_card_content_box_elementor_3bad5d3 \n{\n\tfont-size:14px;\n\toverflow:hidden;\n\tcolor:#8a8a8a;\n\ttext-align:center;\n\tposition:relative;\n\twidth:100%;\n    box-shadow:rgba(0,0,0,0.10) 0px 5px 20px;\n}\n\n.uc_classic_content .uc_classic_content_content h2\n{\n\tfont-size:21px;\n    color:black;\n}\n\n.uc_classic_content .uc_classic_content_content p\n{\n\tline-height:1.5em;\n}\n\n.uc_classic_content .uc_classic_content_border\n{\n\tdisplay:block;\n    margin: 0 auto;\n}\n\n.uc_classic_content  .uc_classic_content_placeholder img\n{\n\twidth:100%;\n    object-fit:cover;\n}\n\n#uc_image_card_content_box_elementor_3bad5d3 .uc_classic_content_content \n{\n display: flex;\n flex-flow: column nowrap;\n}\n#uc_image_card_content_box_elementor_3bad5d3 .btn_wrap\n{\n  margin-top:auto;\n}\n#uc_image_card_content_box_elementor_3bad5d3 .uc_classic_content_content .uc_more_btn {\n\tdisplay:inline-block;\n\ttext-decoration:none;\n\ttransition: all 0.3s ease;\n    border-style:solid;\n    text-align:center;\n    \n\n}\n\n\n\n\n\n<\/style>\n\n<div class=\"uc_classic_content\" id=\"uc_image_card_content_box_elementor_3bad5d3\">\n  <span class=\"uc_classic_content_border\"><\/span>\n    \t<div class=\"uc_classic_content_container_holder\">\n           \n                  \t<div class=\"uc_classic_content_placeholder\">              \n        \t\t<img decoding=\"async\" src=\"https:\/\/inatech-group.com\/wp-content\/uploads\/2025\/03\/ISOTeckLine_Logo_Tabs_white-1.svg\" alt=\"ISOTeckLine_Logo_Tabs_white\">              \n            <\/div>\n                      <div class=\"uc_classic_content_content\">\n             <h2 class=\"ue-title\">Profesionalni dobavlja\u010d izolacionih materijala za gra\u0111evinarstvo<\/h2>              <div class=\"ue-text\"><p><strong data-start=\"125\" data-end=\"141\">ISOTECK LINE<\/strong> je deo <strong data-start=\"149\" data-end=\"166\">INATECH Grupe<\/strong> i specijalizovan je za pru\u017eanje profesionalnih re\u0161enja u oblasti gra\u0111evinske izolacije. Kori\u0161\u0107enjem visokokvalitetnih materijala i savremenih tehnologija, <strong data-start=\"322\" data-end=\"338\">ISOTECK LINE<\/strong> nudi efikasne i dugotrajne proizvode uskla\u0111ene sa zahtevima industrije.<br data-start=\"410\" data-end=\"413\" \/>Cilj kompanije je unapre\u0111enje energetske efikasnosti i smanjenje negativnog uticaja na \u017eivotnu sredinu, uz podr\u0161ku odr\u017eivom razvoju u gra\u0111evinskom sektoru.<\/p><\/div>              \n                            \t\t<div class=\"btn_wrap\"><a class=\"uc_more_btn elementor-animation-float\" href=\"https:\/\/isoteckline.com\/\" >VEB-SAJT KOMPANIJE<\/a><\/div>\n              \n            <\/div>\n        <\/div>\n   <\/div>\n<!-- end Image Card -->\t\t\t\t<\/div>\n\t\t\t\t<\/div>\n\t\t\t\t\t<\/div>\n\t\t\t\t<\/div>\n\t\t<div class=\"elementor-element elementor-element-045a3cc elementor-hidden-desktop elementor-hidden-tablet e-flex e-con-boxed e-con e-parent\" data-id=\"045a3cc\" data-element_type=\"container\" data-settings=\"{&quot;jet_parallax_layout_list&quot;:[]}\">\n\t\t\t\t\t<div class=\"e-con-inner\">\n\t\t\t\t<div class=\"elementor-element elementor-element-3dc2042 elementor-widget elementor-widget-inatech_company_slider\" data-id=\"3dc2042\" data-element_type=\"widget\" data-widget_type=\"inatech_company_slider.default\">\n\t\t\t\t<div class=\"elementor-widget-container\">\n\t\t\t\t\t<style>@media(min-width:768px){.inatech-mobile-slider{display:none;}}<\/style><div class=\"inatech-mobile-slider swiper-container\" data-swiper=\"true\">\n                    <div class=\"swiper-wrapper\"><div class=\"swiper-slide\">\t\t<div data-elementor-type=\"container\" data-elementor-id=\"52453\" class=\"elementor elementor-52453 elementor-50982\" data-elementor-post-type=\"elementor_library\">\n\t\t\t\t<div class=\"elementor-element elementor-element-aa4ca99 e-flex e-con-boxed e-con e-parent\" data-id=\"aa4ca99\" data-element_type=\"container\" data-settings=\"{&quot;jet_parallax_layout_list&quot;:[]}\">\n\t\t\t\t\t<div class=\"e-con-inner\">\n\t\t\t\t<div class=\"elementor-element elementor-element-c0130b2 elementor-invisible elementor-widget elementor-widget-ucaddon_image_card_content_box\" data-id=\"c0130b2\" data-element_type=\"widget\" data-settings=\"{&quot;_animation&quot;:&quot;fadeIn&quot;}\" data-widget_type=\"ucaddon_image_card_content_box.default\">\n\t\t\t\t<div class=\"elementor-widget-container\">\n\t\t\t\t\t\n<!-- start Image Card -->\n<style>\/* widget: Image Card *\/\n\n.uc_classic_content *{\n\tbox-sizing: border-box;\n}\n\n#uc_image_card_content_box_elementor_c0130b2 \n{\n\tfont-size:14px;\n\toverflow:hidden;\n\tcolor:#8a8a8a;\n\ttext-align:center;\n\tposition:relative;\n\twidth:100%;\n    box-shadow:rgba(0,0,0,0.10) 0px 5px 20px;\n}\n\n.uc_classic_content .uc_classic_content_content h2\n{\n\tfont-size:21px;\n    color:black;\n}\n\n.uc_classic_content .uc_classic_content_content p\n{\n\tline-height:1.5em;\n}\n\n.uc_classic_content .uc_classic_content_border\n{\n\tdisplay:block;\n    margin: 0 auto;\n}\n\n.uc_classic_content  .uc_classic_content_placeholder img\n{\n\twidth:100%;\n    object-fit:cover;\n}\n\n#uc_image_card_content_box_elementor_c0130b2 .uc_classic_content_content \n{\n display: flex;\n flex-flow: column nowrap;\n}\n#uc_image_card_content_box_elementor_c0130b2 .btn_wrap\n{\n  margin-top:auto;\n}\n#uc_image_card_content_box_elementor_c0130b2 .uc_classic_content_content .uc_more_btn {\n\tdisplay:inline-block;\n\ttext-decoration:none;\n\ttransition: all 0.3s ease;\n    border-style:solid;\n    text-align:center;\n    \n\n}\n\n\n\n\n\n<\/style>\n\n<div class=\"uc_classic_content\" id=\"uc_image_card_content_box_elementor_c0130b2\">\n  <span class=\"uc_classic_content_border\"><\/span>\n    \t<div class=\"uc_classic_content_container_holder\">\n           \n                  \t<div class=\"uc_classic_content_placeholder\">              \n        \t\t<img decoding=\"async\" src=\"https:\/\/inatech-group.com\/wp-content\/uploads\/2025\/03\/Inatech_logo_light-1-1.svg\" alt=\"Inatech_logo_light-1\">              \n            <\/div>\n                      <div class=\"uc_classic_content_content\">\n             <h2 class=\"ue-title\">Kompletan dobavlja\u010d ambala\u017ee<\/h2>              <div class=\"ue-text\"><p>INATECH PACKAGING je specijalizovana divizija INATECH Grupe, posve\u0107ena pru\u017eanju inovativnih re\u0161enja za za\u0161titnu ambala\u017eu. Nudimo \u0161irok asortiman proizvoda prilago\u0111enih specifi\u010dnim potrebama svakog klijenta, uz osiguranje bezbednosti robe tokom skladi\u0161tenja i transporta.<br \/>Kori\u0161\u0107enjem visokokvalitetnih materijala i savremenih tehnologija, garantujemo da svako pakovanje pru\u017ea optimalnu za\u0161titu, efikasnost i odr\u017eivost.<\/p><\/div>              \n                            \t\t<div class=\"btn_wrap\"><a class=\"uc_more_btn elementor-animation-bob\" href=\"https:\/\/inatech-shop.ro\/\"  target='_blank'>VEB-SAJT KOMPANIJE<\/a><\/div>\n              \n            <\/div>\n        <\/div>\n   <\/div>\n<!-- end Image Card -->\t\t\t\t<\/div>\n\t\t\t\t<\/div>\n\t\t\t\t\t<\/div>\n\t\t\t\t<\/div>\n\t\t\t\t<\/div>\n\t\t<\/div><div class=\"swiper-slide\">\t\t<div data-elementor-type=\"page\" data-elementor-id=\"52457\" class=\"elementor elementor-52457 elementor-51023\" data-elementor-post-type=\"elementor_library\">\n\t\t\t\t<div class=\"elementor-element elementor-element-171ed3f e-flex e-con-boxed e-con e-parent\" data-id=\"171ed3f\" data-element_type=\"container\" data-settings=\"{&quot;jet_parallax_layout_list&quot;:[]}\">\n\t\t\t\t\t<div class=\"e-con-inner\">\n\t\t\t\t<div class=\"elementor-element elementor-element-56e84e2 elementor-invisible elementor-widget elementor-widget-ucaddon_image_card_content_box\" data-id=\"56e84e2\" data-element_type=\"widget\" data-settings=\"{&quot;_animation&quot;:&quot;fadeIn&quot;,&quot;_animation_delay&quot;:500}\" data-widget_type=\"ucaddon_image_card_content_box.default\">\n\t\t\t\t<div class=\"elementor-widget-container\">\n\t\t\t\t\t\n<!-- start Image Card -->\n<style>\/* widget: Image Card *\/\n\n.uc_classic_content *{\n\tbox-sizing: border-box;\n}\n\n#uc_image_card_content_box_elementor_56e84e2 \n{\n\tfont-size:14px;\n\toverflow:hidden;\n\tcolor:#8a8a8a;\n\ttext-align:center;\n\tposition:relative;\n\twidth:100%;\n    box-shadow:rgba(0,0,0,0.10) 0px 5px 20px;\n}\n\n.uc_classic_content .uc_classic_content_content h2\n{\n\tfont-size:21px;\n    color:black;\n}\n\n.uc_classic_content .uc_classic_content_content p\n{\n\tline-height:1.5em;\n}\n\n.uc_classic_content .uc_classic_content_border\n{\n\tdisplay:block;\n    margin: 0 auto;\n}\n\n.uc_classic_content  .uc_classic_content_placeholder img\n{\n\twidth:100%;\n    object-fit:cover;\n}\n\n#uc_image_card_content_box_elementor_56e84e2 .uc_classic_content_content \n{\n display: flex;\n flex-flow: column nowrap;\n}\n#uc_image_card_content_box_elementor_56e84e2 .btn_wrap\n{\n  margin-top:auto;\n}\n#uc_image_card_content_box_elementor_56e84e2 .uc_classic_content_content .uc_more_btn {\n\tdisplay:inline-block;\n\ttext-decoration:none;\n\ttransition: all 0.3s ease;\n    border-style:solid;\n    text-align:center;\n    \n\n}\n\n\n\n\n\n<\/style>\n\n<div class=\"uc_classic_content\" id=\"uc_image_card_content_box_elementor_56e84e2\">\n  <span class=\"uc_classic_content_border\"><\/span>\n    \t<div class=\"uc_classic_content_container_holder\">\n           \n                  \t<div class=\"uc_classic_content_placeholder\">              \n        \t\t<img decoding=\"async\" src=\"https:\/\/inatech-group.com\/wp-content\/uploads\/2025\/03\/Ifoam_Logo_Tabs-2.svg\" alt=\"Ifoam_Logo_Tabs\">              \n            <\/div>\n                      <div class=\"uc_classic_content_content\">\n             <h2 class=\"ue-title\"> Proizvo\u0111a\u010d prilago\u0111ene ambala\u017ee<\/h2>              <div class=\"ue-text\"><p>IFOAM AG je deo INATECH Grupe i predstavlja inovativnog proizvo\u0111a\u010da prilago\u0111ene za\u0161titne ambala\u017ee. Specijalizovan za obradu tehni\u010dkih pena, plastike i kartona, IFOAM AG razvija efikasna i odr\u017eiva re\u0161enja u skladu sa specifi\u010dnim zahtevima svakog klijenta.<br \/>Kroz kontinuirana ulaganja u tehnologiju i inovacije, kompanija obezbe\u0111uje optimalnu za\u0161titu robe tokom skladi\u0161tenja i transporta, dodatno ja\u010daju\u0107i posve\u0107enost INATECH Grupe kvalitetu i izvrsnosti.<\/p><\/div>              \n                            \t\t<div class=\"btn_wrap\"><a class=\"uc_more_btn elementor-animation-bob\" href=\"https:\/\/ifoam.ro\/\" >VEB-SAJT KOMPANIJE<\/a><\/div>\n              \n            <\/div>\n        <\/div>\n   <\/div>\n<!-- end Image Card -->\t\t\t\t<\/div>\n\t\t\t\t<\/div>\n\t\t\t\t\t<\/div>\n\t\t\t\t<\/div>\n\t\t\t\t<\/div>\n\t\t<\/div><div class=\"swiper-slide\">\t\t<div data-elementor-type=\"container\" data-elementor-id=\"52461\" class=\"elementor elementor-52461 elementor-51033\" data-elementor-post-type=\"elementor_library\">\n\t\t\t\t<div class=\"elementor-element elementor-element-9b065ce e-con-full e-flex e-con e-parent\" data-id=\"9b065ce\" data-element_type=\"container\" data-settings=\"{&quot;jet_parallax_layout_list&quot;:[]}\">\n\t\t\t\t<div class=\"elementor-element elementor-element-6787e66 elementor-invisible elementor-widget elementor-widget-ucaddon_image_card_content_box\" data-id=\"6787e66\" data-element_type=\"widget\" data-settings=\"{&quot;_animation&quot;:&quot;fadeIn&quot;,&quot;_animation_delay&quot;:1000}\" data-widget_type=\"ucaddon_image_card_content_box.default\">\n\t\t\t\t<div class=\"elementor-widget-container\">\n\t\t\t\t\t\n<!-- start Image Card -->\n<style>\/* widget: Image Card *\/\n\n.uc_classic_content *{\n\tbox-sizing: border-box;\n}\n\n#uc_image_card_content_box_elementor_6787e66 \n{\n\tfont-size:14px;\n\toverflow:hidden;\n\tcolor:#8a8a8a;\n\ttext-align:center;\n\tposition:relative;\n\twidth:100%;\n    box-shadow:rgba(0,0,0,0.10) 0px 5px 20px;\n}\n\n.uc_classic_content .uc_classic_content_content h2\n{\n\tfont-size:21px;\n    color:black;\n}\n\n.uc_classic_content .uc_classic_content_content p\n{\n\tline-height:1.5em;\n}\n\n.uc_classic_content .uc_classic_content_border\n{\n\tdisplay:block;\n    margin: 0 auto;\n}\n\n.uc_classic_content  .uc_classic_content_placeholder img\n{\n\twidth:100%;\n    object-fit:cover;\n}\n\n#uc_image_card_content_box_elementor_6787e66 .uc_classic_content_content \n{\n display: flex;\n flex-flow: column nowrap;\n}\n#uc_image_card_content_box_elementor_6787e66 .btn_wrap\n{\n  margin-top:auto;\n}\n#uc_image_card_content_box_elementor_6787e66 .uc_classic_content_content .uc_more_btn {\n\tdisplay:inline-block;\n\ttext-decoration:none;\n\ttransition: all 0.3s ease;\n    border-style:solid;\n    text-align:center;\n    \n\n}\n\n\n\n\n\n<\/style>\n\n<div class=\"uc_classic_content\" id=\"uc_image_card_content_box_elementor_6787e66\">\n  <span class=\"uc_classic_content_border\"><\/span>\n    \t<div class=\"uc_classic_content_container_holder\">\n           \n                  \t<div class=\"uc_classic_content_placeholder\">              \n        \t\t<img decoding=\"async\" src=\"https:\/\/inatech-group.com\/wp-content\/uploads\/2025\/03\/ISOTeckLine_Logo_Tabs_white-1.svg\" alt=\"ISOTeckLine_Logo_Tabs_white\">              \n            <\/div>\n                      <div class=\"uc_classic_content_content\">\n             <h2 class=\"ue-title\">Profesionalni dobavlja\u010d izolacionih materijala za gra\u0111evinarstvo<\/h2>              <div class=\"ue-text\"><p><strong data-start=\"125\" data-end=\"141\">ISOTECK LINE<\/strong> je deo <strong data-start=\"149\" data-end=\"166\">INATECH Grupe<\/strong> i specijalizovan je za pru\u017eanje profesionalnih re\u0161enja u oblasti gra\u0111evinske izolacije. Kori\u0161\u0107enjem visokokvalitetnih materijala i savremenih tehnologija, <strong data-start=\"322\" data-end=\"338\">ISOTECK LINE<\/strong> nudi efikasne i dugotrajne proizvode uskla\u0111ene sa zahtevima industrije.<br data-start=\"410\" data-end=\"413\" \/>Cilj kompanije je unapre\u0111enje energetske efikasnosti i smanjenje negativnog uticaja na \u017eivotnu sredinu, uz podr\u0161ku odr\u017eivom razvoju u gra\u0111evinskom sektoru.<\/p><\/div>              \n                            \t\t<div class=\"btn_wrap\"><a class=\"uc_more_btn elementor-animation-float\" href=\"https:\/\/isoteckline.com\/\" >VEB-SAJT KOMPANIJE<\/a><\/div>\n              \n            <\/div>\n        <\/div>\n   <\/div>\n<!-- end Image Card -->\t\t\t\t<\/div>\n\t\t\t\t<\/div>\n\t\t\t\t<\/div>\n\t\t\t\t<\/div>\n\t\t<\/div><\/div>\n                  <div class=\"swiper-button-next\"><\/div>\n                  <div class=\"swiper-button-prev\"><\/div>\n                <\/div>\t\t\t\t<\/div>\n\t\t\t\t<\/div>\n\t\t\t\t\t<\/div>\n\t\t\t\t<\/div>\n\t\t<div class=\"elementor-element elementor-element-6cd38fd e-con-full e-flex e-con e-parent\" data-id=\"6cd38fd\" data-element_type=\"container\" id=\"inatech_pre_footer\" data-settings=\"{&quot;jet_parallax_layout_list&quot;:[]}\">\n\t\t\t\t<\/div>\n\t\t\t\t<\/div>\n\t\t","protected":false},"excerpt":{"rendered":"<p>Profesionalna grupa u ekspanziji Inatech Grupa ja\u010da svoje prisustvo na evropskom tr\u017ei\u0161tu, upravljaju\u0107i sa 2 distributivna centra i posluju\u0107i u 3 zemlje. Grupa sledi strategiju dinami\u010dne diversifikacije, neprestano \u0161ire\u0107i svoj asortiman proizvoda i usluga sa ciljem da postane sveobuhvatan poslovni partner. Kompletan dobavlja\u010d ambala\u017ee INATECH PACKAGING je specijalizovana divizija INATECH Grupe, posve\u0107ena pru\u017eanju inovativnih re\u0161enja&#8230;<\/p>\n","protected":false},"author":2,"featured_media":0,"parent":0,"menu_order":0,"comment_status":"closed","ping_status":"closed","template":"","meta":{"footnotes":""},"class_list":["post-51502","page","type-page","status-publish","hentry"],"_links":{"self":[{"href":"https:\/\/inatech-group.com\/sr\/wp-json\/wp\/v2\/pages\/51502","targetHints":{"allow":["GET"]}}],"collection":[{"href":"https:\/\/inatech-group.com\/sr\/wp-json\/wp\/v2\/pages"}],"about":[{"href":"https:\/\/inatech-group.com\/sr\/wp-json\/wp\/v2\/types\/page"}],"author":[{"embeddable":true,"href":"https:\/\/inatech-group.com\/sr\/wp-json\/wp\/v2\/users\/2"}],"replies":[{"embeddable":true,"href":"https:\/\/inatech-group.com\/sr\/wp-json\/wp\/v2\/comments?post=51502"}],"version-history":[{"count":0,"href":"https:\/\/inatech-group.com\/sr\/wp-json\/wp\/v2\/pages\/51502\/revisions"}],"wp:attachment":[{"href":"https:\/\/inatech-group.com\/sr\/wp-json\/wp\/v2\/media?parent=51502"}],"curies":[{"name":"wp","href":"https:\/\/api.w.org\/{rel}","templated":true}]}}