{"id":51565,"date":"2025-02-20T10:03:57","date_gmt":"2025-02-20T10:03:57","guid":{"rendered":"https:\/\/inatech-group.com\/our-logistics\/"},"modified":"2025-03-30T14:28:04","modified_gmt":"2025-03-30T14:28:04","slug":"logisztikank","status":"publish","type":"page","link":"https:\/\/inatech-group.com\/hu\/logisztikank\/","title":{"rendered":"LOGISZTIK\u00c1NK"},"content":{"rendered":"\t\t<div data-elementor-type=\"wp-page\" data-elementor-id=\"51565\" class=\"elementor elementor-51565 elementor-46377\" data-elementor-post-type=\"page\">\n\t\t\t\t\t\t<section class=\"elementor-section elementor-top-section elementor-element elementor-element-0da0259 elementor-section-boxed elementor-section-height-default elementor-section-height-default\" data-id=\"0da0259\" data-element_type=\"section\" data-settings=\"{&quot;jet_parallax_layout_list&quot;:[]}\">\n\t\t\t\t\t\t<div class=\"elementor-container elementor-column-gap-default\">\n\t\t\t\t\t<div class=\"elementor-column elementor-col-100 elementor-top-column elementor-element elementor-element-74f4211\" data-id=\"74f4211\" data-element_type=\"column\">\n\t\t\t<div class=\"elementor-widget-wrap elementor-element-populated\">\n\t\t\t\t\t\t<div class=\"elementor-element elementor-element-7cacea0 elementor-widget elementor-widget-rs-heading\" data-id=\"7cacea0\" data-element_type=\"widget\" data-widget_type=\"rs-heading.default\">\n\t\t\t\t<div class=\"elementor-widget-container\">\n\t\t\t\t\t        <div class=\"rs-heading default center \">\r\n        \t<div class=\"title-inner\">\r\n        \t\t      \t\t\r\n\t            <h2 class=\"title\"><span class=\"watermark\"><\/span>LOGISZTIK\u00c1NK<\/h2>\t        <\/div>\r\n\t                <\/div>\r\n\r\n        \t\t\t\t<\/div>\n\t\t\t\t<\/div>\n\t\t\t\t\t<\/div>\n\t\t<\/div>\n\t\t\t\t\t<\/div>\n\t\t<\/section>\n\t\t<div class=\"elementor-element elementor-element-40404c1 e-flex e-con-boxed e-con e-parent\" data-id=\"40404c1\" data-element_type=\"container\" data-settings=\"{&quot;jet_parallax_layout_list&quot;:[]}\">\n\t\t\t\t\t<div class=\"e-con-inner\">\n\t\t\t\t<div class=\"elementor-element elementor-element-d3585e5 elementor-widget elementor-widget-text-editor\" data-id=\"d3585e5\" data-element_type=\"widget\" data-widget_type=\"text-editor.default\">\n\t\t\t\t\t\t\t\t\t<p>Az Inatech Packaging k\u00e9t nagy logisztikai k\u00f6zpontb\u00f3l m\u0171k\u00f6dik, amelyek strat\u00e9giai elhelyezked\u00e9s\u00fck r\u00e9v\u00e9n Nagyv\u00e1radon \u00e9s Bukarestben biztos\u00edtj\u00e1k az optimaliz\u00e1lt sz\u00e1ll\u00edt\u00e1si folyamatokat \u00e9s hat\u00e9kony orsz\u00e1gos lefedetts\u00e9get.<br \/>Ezek a helysz\u00ednek lehet\u0151v\u00e9 teszik sz\u00e1munkra, hogy gyorsan feldolgozzuk a megrendel\u00e9seket, cs\u00f6kkents\u00fck a sz\u00e1ll\u00edt\u00e1si id\u0151ket, \u00e9s \u00fcgyfeleink sz\u00e1m\u00e1ra gyors \u00e9s megb\u00edzhat\u00f3 szolg\u00e1ltat\u00e1sokat ny\u00fajtsunk.<\/p><p>Modern infrastrukt\u00far\u00e1nknak \u00e9s elk\u00f6telezett csapatunknak k\u00f6sz\u00f6nhet\u0151en gyorsan kiel\u00e9g\u00edtj\u00fck a k\u00fcl\u00f6nb\u00f6z\u0151 ipar\u00e1gak ig\u00e9nyeit, v\u00e1ltozatos term\u00e9kk\u00e9szletet tartunk \u00e9s egyedi csomagol\u00e1si megold\u00e1sokat k\u00edn\u00e1lunk. F\u00fcggetlen\u00fcl \u00fcgyfeleink hely\u00e9t\u0151l, garant\u00e1ljuk a hat\u00e9kony sz\u00e1ll\u00edt\u00e1st \u00e9s a logisztikai megold\u00e1sokat, amelyek az egyes v\u00e1llalkoz\u00e1sok speci\u00e1lis ig\u00e9nyeihez vannak igaz\u00edtva.<\/p>\t\t\t\t\t\t\t\t<\/div>\n\t\t\t\t\t<\/div>\n\t\t\t\t<\/div>\n\t\t<div class=\"elementor-element elementor-element-ada806b e-con-full e-flex e-con e-parent\" data-id=\"ada806b\" data-element_type=\"container\" data-settings=\"{&quot;jet_parallax_layout_list&quot;:[]}\">\n\t\t\t\t<div class=\"elementor-element elementor-element-374f27e elementor-widget__width-inherit elementor-widget elementor-widget-inatech_logistics_widget\" data-id=\"374f27e\" data-element_type=\"widget\" data-widget_type=\"inatech_logistics_widget.default\">\n\t\t\t\t<div class=\"elementor-widget-container\">\n\t\t\t\t\t        <div class='inatech-logistics-container'>\n                            <div class='inatech-logistics-card inatech_card'>\n                    <div class='top-border'><\/div>\n                    <h3>F\u0150 M\u0170K\u00d6D\u00c9SI \u00c9S LOGISZTIKAI K\u00d6ZPONT<\/h3>\n                    <img src='https:\/\/inatech-group.com\/wp-content\/uploads\/2025\/03\/Inatech_Sediu_Domnesti.webp' alt='Logistics Image'>\n                    <p class='location'><i class=\"fas fa-map-marker-alt\"><\/i> DOMNESTI, ILFOV<\/p>\n                    <div class='description'><ul>\n  <li>Fedezett ter\u00fclet: D-DNy, D-\u00c9, \u00c9-\u00c9K, D\u00e9l-K\u00f6z\u00e9p Rom\u00e1nia, Bulg\u00e1ria;<\/li>\n  <li>Sz\u00e9khely m\u00e9rete: 340 m\u00b2<\/li>\n  <li>INATECH Packaging rakt\u00e1rak m\u00e9rete:<\/li>\n  <li>(H5A=1020 m\u00b2, H1=1589 m\u00b2, \u00f6sszes rakt\u00e1r m\u00e9rete=2610 m\u00b2)<\/li>\n  <li>iFOAM rakt\u00e1r m\u00e9rete: 920 m\u00b2<\/li>\n  <li>J\u00e1rm\u0171flotta: 5 furgon (3,5 tonna);<\/li>\n  <li>1 csatolt p\u00f3tkocsi (120 m\u00b3);<\/li>\n  <li>9 szem\u00e9lyg\u00e9pkocsi.<\/li>\n<\/ul>\n<\/div>\n                    <a href='' class='logistics-btn'><\/a>\n                <\/div>\n                            <div class='inatech-logistics-card inatech_card'>\n                    <div class='top-border'><\/div>\n                    <h3>LOGISZTIKAI K\u00d6ZPONT \u00c9S IROD\u00c1K<\/h3>\n                    <img src='https:\/\/inatech-group.com\/wp-content\/uploads\/2025\/03\/Inatech_Oradea-1.webp' alt='Logistics Image'>\n                    <p class='location'><i class=\"fas fa-map-marker-alt\"><\/i> ORADEA<\/p>\n                    <div class='description'><ul>\n  <li>Fedezett ter\u00fclet: Rom\u00e1nia \u00c9Ny r\u00e9sze, Magyarorsz\u00e1g;<\/li>\n  <li>Rakt\u00e1r m\u00e9rete: 2400 m\u00b2;<\/li>\n  <li>J\u00e1rm\u0171flotta: 2 furgon (3,5 tonna);<\/li>\n  <li>1 p\u00f3tkocsi;<\/li>\n  <li>2 szem\u00e9lyg\u00e9pkocsi.<\/li>\n<\/ul>\n<\/div>\n                    <a href='' class='logistics-btn'><\/a>\n                <\/div>\n                    <\/div>\n        \t\t\t\t<\/div>\n\t\t\t\t<\/div>\n\t\t\t\t<\/div>\n\t\t<div class=\"elementor-element elementor-element-4583cd3 e-con-full e-flex e-con e-parent\" data-id=\"4583cd3\" data-element_type=\"container\" data-settings=\"{&quot;jet_parallax_layout_list&quot;:[]}\">\n\t\t\t\t<\/div>\n\t\t\t\t<\/div>\n\t\t","protected":false},"excerpt":{"rendered":"<p>LOGISZTIK\u00c1NK Az Inatech Packaging k\u00e9t nagy logisztikai k\u00f6zpontb\u00f3l m\u0171k\u00f6dik, amelyek strat\u00e9giai elhelyezked\u00e9s\u00fck r\u00e9v\u00e9n Nagyv\u00e1radon \u00e9s Bukarestben biztos\u00edtj\u00e1k az optimaliz\u00e1lt sz\u00e1ll\u00edt\u00e1si folyamatokat \u00e9s hat\u00e9kony orsz\u00e1gos lefedetts\u00e9get.Ezek a helysz\u00ednek lehet\u0151v\u00e9 teszik sz\u00e1munkra, hogy gyorsan feldolgozzuk a megrendel\u00e9seket, cs\u00f6kkents\u00fck a sz\u00e1ll\u00edt\u00e1si id\u0151ket, \u00e9s \u00fcgyfeleink sz\u00e1m\u00e1ra gyors \u00e9s megb\u00edzhat\u00f3 szolg\u00e1ltat\u00e1sokat ny\u00fajtsunk. Modern infrastrukt\u00far\u00e1nknak \u00e9s elk\u00f6telezett csapatunknak k\u00f6sz\u00f6nhet\u0151en gyorsan kiel\u00e9g\u00edtj\u00fck&#8230;<\/p>\n","protected":false},"author":2,"featured_media":0,"parent":0,"menu_order":0,"comment_status":"closed","ping_status":"closed","template":"","meta":{"footnotes":""},"class_list":["post-51565","page","type-page","status-publish","hentry"],"_links":{"self":[{"href":"https:\/\/inatech-group.com\/hu\/wp-json\/wp\/v2\/pages\/51565","targetHints":{"allow":["GET"]}}],"collection":[{"href":"https:\/\/inatech-group.com\/hu\/wp-json\/wp\/v2\/pages"}],"about":[{"href":"https:\/\/inatech-group.com\/hu\/wp-json\/wp\/v2\/types\/page"}],"author":[{"embeddable":true,"href":"https:\/\/inatech-group.com\/hu\/wp-json\/wp\/v2\/users\/2"}],"replies":[{"embeddable":true,"href":"https:\/\/inatech-group.com\/hu\/wp-json\/wp\/v2\/comments?post=51565"}],"version-history":[{"count":0,"href":"https:\/\/inatech-group.com\/hu\/wp-json\/wp\/v2\/pages\/51565\/revisions"}],"wp:attachment":[{"href":"https:\/\/inatech-group.com\/hu\/wp-json\/wp\/v2\/media?parent=51565"}],"curies":[{"name":"wp","href":"https:\/\/api.w.org\/{rel}","templated":true}]}}