{"id":51560,"date":"2025-02-20T03:51:20","date_gmt":"2025-02-20T03:51:20","guid":{"rendered":"https:\/\/inatech-group.com\/multichannel-strategy\/"},"modified":"2025-03-30T14:21:56","modified_gmt":"2025-03-30T14:21:56","slug":"multicsatornas-strategia","status":"publish","type":"page","link":"https:\/\/inatech-group.com\/hu\/multicsatornas-strategia\/","title":{"rendered":"MULTICSATORN\u00c1S STRAT\u00c9GIA"},"content":{"rendered":"\t\t<div data-elementor-type=\"wp-page\" data-elementor-id=\"51560\" class=\"elementor elementor-51560 elementor-46259\" data-elementor-post-type=\"page\">\n\t\t\t\t\t\t<section class=\"elementor-section elementor-top-section elementor-element elementor-element-8aed4c2 elementor-section-boxed elementor-section-height-default elementor-section-height-default\" data-id=\"8aed4c2\" data-element_type=\"section\" data-settings=\"{&quot;jet_parallax_layout_list&quot;:[]}\">\n\t\t\t\t\t\t<div class=\"elementor-container elementor-column-gap-default\">\n\t\t\t\t\t<div class=\"elementor-column elementor-col-100 elementor-top-column elementor-element elementor-element-3b491e8\" data-id=\"3b491e8\" data-element_type=\"column\">\n\t\t\t<div class=\"elementor-widget-wrap elementor-element-populated\">\n\t\t\t\t\t\t<div class=\"elementor-element elementor-element-b826ee1 elementor-widget elementor-widget-rs-heading\" data-id=\"b826ee1\" data-element_type=\"widget\" data-widget_type=\"rs-heading.default\">\n\t\t\t\t<div class=\"elementor-widget-container\">\n\t\t\t\t\t        <div class=\"rs-heading default center \">\r\n        \t<div class=\"title-inner\">\r\n        \t\t      \t\t\r\n\t            <h2 class=\"title\"><span class=\"watermark\"><\/span>MULTICSATORN\u00c1S STRAT\u00c9GIA\n<\/h2>\t        <\/div>\r\n\t                <\/div>\r\n\r\n        \t\t\t\t<\/div>\n\t\t\t\t<\/div>\n\t\t\t\t\t<\/div>\n\t\t<\/div>\n\t\t\t\t\t<\/div>\n\t\t<\/section>\n\t\t<div class=\"elementor-element elementor-element-6771586 e-flex e-con-boxed e-con e-parent\" data-id=\"6771586\" data-element_type=\"container\" data-settings=\"{&quot;jet_parallax_layout_list&quot;:[]}\">\n\t\t\t\t\t<div class=\"e-con-inner\">\n\t\t\t\t<div class=\"elementor-element elementor-element-94e023c elementor-widget elementor-widget-text-editor\" data-id=\"94e023c\" data-element_type=\"widget\" data-widget_type=\"text-editor.default\">\n\t\t\t\t\t\t\t\t\t<p>Az Inatech Packaging multicsatorn\u00e1s strat\u00e9gi\u00e1t alkalmaz, hogy \u00fcgyfelei sokf\u00e9le ig\u00e9ny\u00e9t kiel\u00e9g\u00edtse.<br \/>Elk\u00f6telezett \u00e9rt\u00e9kes\u00edt\u00e9si csapatunk szem\u00e9lyre szabott t\u00e1mogat\u00e1st \u00e9s egyedi megold\u00e1sokat k\u00edn\u00e1l minden v\u00e1llalkoz\u00e1s sz\u00e1m\u00e1ra.<br \/>Emellett k\u00e9t interakt\u00edv weboldalt \u00e9s online katal\u00f3gusokat is biztos\u00edtunk, amelyek gyors hozz\u00e1f\u00e9r\u00e9st ny\u00fajtanak teljes term\u00e9kk\u00edn\u00e1latunkhoz.<br \/>Ez lehet\u0151v\u00e9 teszi \u00fcgyfeleink sz\u00e1m\u00e1ra, hogy preferenci\u00e1iknak megfelel\u0151en egyszer\u0171en \u00e9s hat\u00e9konyan adjanak le rendel\u00e9seket.<\/p>\t\t\t\t\t\t\t\t<\/div>\n\t\t\t\t\t<\/div>\n\t\t\t\t<\/div>\n\t\t<div class=\"elementor-element elementor-element-5e0ca7d e-flex e-con-boxed e-con e-parent\" data-id=\"5e0ca7d\" data-element_type=\"container\" data-settings=\"{&quot;jet_parallax_layout_list&quot;:[]}\">\n\t\t\t\t\t<div class=\"e-con-inner\">\n\t\t\t\t<div class=\"elementor-element elementor-element-6166fcc elementor-widget elementor-widget-inatech_multichannel_items\" data-id=\"6166fcc\" data-element_type=\"widget\" data-widget_type=\"inatech_multichannel_items.default\">\n\t\t\t\t<div class=\"elementor-widget-container\">\n\t\t\t\t\t<div class=\"feature-box-container\">                <div class=\"feature-box first\">\n                   \n\n                    <!-- Main Content Box -->\n                    <div class=\"feature-content-box\">\n                        <div class=\"feature-diamond\">\n\n<div class=\"feature-top-icon\">\n                        <svg xmlns=\"http:\/\/www.w3.org\/2000\/svg\" xmlns:xlink=\"http:\/\/www.w3.org\/1999\/xlink\" id=\"Layer_1\" x=\"0px\" y=\"0px\" viewBox=\"0 0 60 40\" style=\"enable-background:new 0 0 60 40;\" xml:space=\"preserve\"><style type=\"text\/css\">\t.st0{fill:none;stroke:#FFFFFF;stroke-linecap:round;stroke-linejoin:round;stroke-miterlimit:10;}<\/style><g>\t<path class=\"st0\" d=\"M11.2,19.8c-4.6,1-8,5.1-8,9.9v2.6h16.3h4.1\"><\/path>\t<path class=\"st0\" d=\"M15.6,19.8c1.9,0.4,3.7,1.4,5,2.7c0.3,0.3,0.7,0.7,0.9,1.1\"><\/path>\t<path class=\"st0\" d=\"M19,14.6c0,3.1-2.5,5.6-5.6,5.6s-5.6-2.5-5.6-5.6S10.3,9,13.4,9S19,11.5,19,14.6z\"><\/path>\t<path class=\"st0\" d=\"M31.9,19.8c1.9,0.4,3.7,1.4,5,2.7c1.8,1.8,3,4.4,3,7.2v2.6H19.5v-2.6c0-4.9,3.4-8.9,8-9.9\"><\/path>\t<path class=\"st0\" d=\"M35.3,14.6c0,3.1-2.5,5.6-5.6,5.6s-5.6-2.5-5.6-5.6S26.6,9,29.7,9C32.7,9,35.3,11.5,35.3,14.6z\"><\/path>\t<path class=\"st0\" d=\"M37.8,23.6c1.4-1.9,3.5-3.3,5.9-3.8\"><\/path>\t<path class=\"st0\" d=\"M35.8,32.3h4.1h16.3v-2.6c0-2.8-1.1-5.4-3-7.2c-1.4-1.4-3.1-2.3-5-2.7\"><\/path>\t<path class=\"st0\" d=\"M51.6,14.6c0,3.1-2.5,5.6-5.6,5.6s-5.6-2.5-5.6-5.6S42.9,9,46,9C49,9,51.6,11.5,51.6,14.6z\"><\/path><\/g><\/svg>                    <\/div>\n\n\t\t\t<\/div>\n                        <h3 class=\"feature-title\"> \u00c9RT\u00c9KES\u00cdT\u00c9SI CSAPAT <\/h3>\n                        <p class=\"feature-content\"> Egy elk\u00f6telezett \u00e9rt\u00e9kes\u00edt\u00e9si csapat \u2013 terepen dolgoz\u00f3 k\u00e9pvisel\u0151kb\u0151l \u00e9s irodai munkat\u00e1rsakb\u00f3l \u00e1llva \u2013 t\u00e1mogatja \u00e9s seg\u00edti \u00fcgyfeleinket az \u00e1ltalunk kiszolg\u00e1lt piacokon. <\/p>\n                    <\/div>\n                <\/div>\n                                <div class=\"feature-box second\">\n                   \n\n                    <!-- Main Content Box -->\n                    <div class=\"feature-content-box\">\n                        <div class=\"feature-diamond\">\n\n<div class=\"feature-top-icon\">\n                        <svg xmlns=\"http:\/\/www.w3.org\/2000\/svg\" xmlns:xlink=\"http:\/\/www.w3.org\/1999\/xlink\" id=\"Layer_1\" x=\"0px\" y=\"0px\" viewBox=\"0 0 60 40\" style=\"enable-background:new 0 0 60 40;\" xml:space=\"preserve\"><style type=\"text\/css\">\t.st0{fill:#FFFFFF;}<\/style><path class=\"st0\" d=\"M30.3,38.4c-10.2,0-18.4-8.3-18.4-18.4c0-10.2,8.3-18.4,18.4-18.4c10.2,0,18.4,8.3,18.4,18.4 C48.7,30.2,40.4,38.4,30.3,38.4 M30.3,2.5c-9.7,0-17.5,7.9-17.5,17.5c0,9.7,7.9,17.5,17.5,17.5c9.7,0,17.6-7.9,17.6-17.5 C47.8,10.3,40,2.5,30.3,2.5\"><\/path><path class=\"st0\" d=\"M30.3,38.4c-3.2,0-6.2-3-8-8c0-0.1,0-0.2,0-0.3c0.1-0.1,0.1-0.2,0.3-0.2c0.5-0.2,0.9-0.6,1-1.1 c0.1-0.4,0-0.8-0.3-1.2c-0.3-0.4-0.9-0.6-1.4-0.5c-0.1,0-0.2,0-0.3-0.1c-0.1-0.1-0.2-0.2-0.2-0.3c-0.4-2.1-0.7-4.4-0.7-6.7 c0-2.5,0.2-4.9,0.7-7.1c0-0.1,0.1-0.2,0.2-0.3s0.2-0.1,0.3-0.1c0.8,0.2,1.6-0.3,1.8-1.1c0-0.1,0-0.2,0-0.2c0-0.6-0.4-1.2-1-1.4 c-0.1,0-0.2-0.1-0.3-0.2c-0.1-0.1-0.1-0.2,0-0.3c1.8-4.9,4.7-7.7,7.9-7.7c3.3,0,6.4,3.2,8.1,8.4c0.1,0.3,0.2,0.7,0.3,1l0,0 c0.8,2.7,1.2,5.8,1.2,8.9c0,2.3-0.2,4.6-0.7,6.7c0,0.1-0.1,0.2-0.2,0.3C38.9,27,38.8,27,38.7,27s-0.2,0-0.3,0 c-0.8,0-1.4,0.6-1.4,1.4c0,0.6,0.4,1.2,1,1.4c0.1,0,0.2,0.1,0.3,0.2s0.1,0.2,0,0.3C36.5,35.4,33.5,38.4,30.3,38.4 M23.3,30.5 c1.7,4.4,4.3,7,7,7s5.3-2.6,7-7.1c-0.7-0.4-1.2-1.2-1.2-2c0-1.3,1.1-2.4,2.4-2.3c0.4-1.9,0.6-4,0.6-6.2c0-2.9-0.4-5.8-1.1-8.3 c-2.5,0.4-5.1,0.7-7.6,0.7l0,0l0,0l0,0c-2,0-3.9-0.1-5.9-0.4c-0.3,0.9-1.3,1.6-2.3,1.5c-0.4,2.1-0.6,4.3-0.6,6.5 c0,2.1,0.2,4.2,0.6,6.2c0.7,0,1.4,0.3,1.8,0.8s0.6,1.2,0.5,1.9C24.3,29.6,23.9,30.2,23.3,30.5 M30.3,11.5c2.5,0,5-0.2,7.4-0.6 c-0.1-0.2-0.1-0.4-0.2-0.5c-1.7-4.9-4.4-7.8-7.3-7.8c-2.6,0-5.2,2.5-6.9,6.7c0.7,0.4,1.1,1.1,1.2,1.9C26.5,11.3,28.4,11.5,30.3,11.5 \"><\/path><path class=\"st0\" d=\"M48.3,20.4h-36c-0.2,0-0.4-0.2-0.4-0.4c0-0.2,0.2-0.4,0.4-0.4h36c0.2,0,0.4,0.2,0.4,0.4 C48.7,20.2,48.5,20.4,48.3,20.4\"><\/path><path class=\"st0\" d=\"M30.3,38.4c-0.2,0-0.4-0.2-0.4-0.4V2c0-0.2,0.2-0.4,0.4-0.4c0.2,0,0.4,0.2,0.4,0.4v36 C30.7,38.2,30.5,38.4,30.3,38.4\"><\/path><path class=\"st0\" d=\"M22.3,13.5c-1.3,0-2.3-1-2.3-2.3l0,0c-1.5-0.3-2.9-0.8-4.4-1.3c-0.2-0.1-0.4-0.3-0.3-0.6 C15.4,9.1,15.6,9,15.8,9c1.4,0.5,2.8,0.9,4.3,1.2c0.4-0.8,1.2-1.4,2.1-1.4c1.2,0,2.3,1,2.3,2.2c6.8,1,13.6,0.3,20.2-2 c0.2-0.1,0.5,0,0.6,0.3c0.1,0.2,0,0.5-0.3,0.6c-6.8,2.3-13.7,3-20.6,2.1C24.1,12.9,23.2,13.5,22.3,13.5 M22.3,9.7 c-0.7,0-1.3,0.5-1.4,1.1c0,0.1,0,0.2,0,0.3c0,0.8,0.6,1.4,1.4,1.4c0.7,0,1.3-0.5,1.4-1.2l0,0c0-0.1,0-0.1,0-0.2 C23.7,10.4,23,9.7,22.3,9.7\"><\/path><path class=\"st0\" d=\"M44.9,30.6L44.9,30.6c-1.6-0.5-3.1-0.9-4.7-1.3c-0.2-0.1-0.4-0.3-0.3-0.5c0.1-0.2,0.3-0.4,0.5-0.3 c1.6,0.4,3.1,0.8,4.7,1.3c0.2,0.1,0.4,0.3,0.3,0.6C45.2,30.5,45,30.6,44.9,30.6 M15.7,30.6c-0.2,0-0.4-0.1-0.4-0.3 c-0.1-0.2,0-0.5,0.3-0.6c1.6-0.5,3.1-1,4.7-1.3c0.2-0.1,0.5,0.1,0.5,0.3c0.1,0.2-0.1,0.5-0.3,0.5c-1.5,0.3-3,0.8-4.6,1.3 C15.8,30.6,15.7,30.6,15.7,30.6 M24,28.6c-0.2,0-0.4-0.2-0.4-0.4c0-0.2,0.1-0.5,0.4-0.5c4.2-0.6,8.5-0.6,12.7,0 c0.2,0,0.4,0.3,0.4,0.5s-0.3,0.4-0.5,0.4C32.4,28,28.2,28,24,28.6L24,28.6\"><\/path><path class=\"st0\" d=\"M38.4,30.8c-1.3,0-2.3-1-2.3-2.3s1-2.3,2.3-2.3c0.7,0,1.3,0.3,1.8,0.8c0.4,0.5,0.6,1.2,0.5,1.9 C40.5,30,39.5,30.8,38.4,30.8 M38.4,27c-0.8,0-1.4,0.6-1.4,1.4s0.6,1.4,1.4,1.4c0.7,0,1.3-0.5,1.4-1.2c0.1-0.4,0-0.8-0.3-1.1 C39.2,27.2,38.8,27,38.4,27\"><\/path><path class=\"st0\" d=\"M22.1,30.8c-1.3,0-2.3-1-2.3-2.3s1-2.3,2.3-2.3c0.7,0,1.3,0.3,1.8,0.8c0.4,0.5,0.6,1.2,0.5,1.9 C24.3,30,23.3,30.8,22.1,30.8 M22.1,27.1c-0.8,0-1.4,0.6-1.4,1.4s0.6,1.4,1.4,1.4c0.7,0,1.3-0.5,1.4-1.2c0.1-0.4,0-0.8-0.3-1.1 C23,27.2,22.6,27.1,22.1,27.1\"><\/path><\/svg>                    <\/div>\n\n\t\t\t<\/div>\n                        <h3 class=\"feature-title\"> E-kereskedelem \u00e9s online piacterek <\/h3>\n                        <p class=\"feature-content\"> Az INATECH Csoport \u00e9rt\u00e9kes\u00edt\u00e9s\u00e9nek t\u00f6bb mint 10%-\u00e1t online csatorn\u00e1kon kereszt\u00fcl bonyol\u00edtja le, t\u00f6bbek k\u00f6z\u00f6tt az al\u00e1bbiakon kereszt\u00fcl:\n\nK\u00e9t e-kereskedelmi weboldal\n\nE-mail marketing kamp\u00e1nyok\n\nOnline piacterek h\u00e1rom orsz\u00e1gban <\/p>\n                    <\/div>\n                <\/div>\n                                <div class=\"feature-box third\">\n                   \n\n                    <!-- Main Content Box -->\n                    <div class=\"feature-content-box\">\n                        <div class=\"feature-diamond\">\n\n<div class=\"feature-top-icon\">\n                        <svg xmlns=\"http:\/\/www.w3.org\/2000\/svg\" xmlns:xlink=\"http:\/\/www.w3.org\/1999\/xlink\" id=\"Layer_1\" x=\"0px\" y=\"0px\" viewBox=\"0 0 60 40\" style=\"enable-background:new 0 0 60 40;\" xml:space=\"preserve\"><style type=\"text\/css\">\t.st0{fill:#FFFFFF;}<\/style><path class=\"st0\" d=\"M26.4,23.6h3.2c1,0,1.8-0.8,1.8-1.8V9c0-1-0.8-1.8-1.8-1.8h-3.2c-1,0-1.8,0.8-1.8,1.8v12.8 C24.5,22.8,25.3,23.6,26.4,23.6 M25.7,9c0-0.3,0.3-0.6,0.6-0.6h3.2c0.3,0,0.6,0.3,0.6,0.6v12.8c0,0.3-0.3,0.6-0.6,0.6h-3.2 c-0.3,0-0.6-0.3-0.6-0.6V9z M33.8,14.8h5.6c1,0,1.7-0.8,1.7-1.7V10c0-1-0.8-1.7-1.7-1.7h-5.6c-1,0-1.7,0.8-1.7,1.7v3.1 C32.1,14,32.9,14.8,33.8,14.8 M33.3,10c0-0.3,0.2-0.5,0.5-0.5h5.6c0.3,0,0.5,0.2,0.5,0.5v3.1c0,0.3-0.2,0.5-0.5,0.5h-5.6 c-0.3,0-0.5-0.2-0.5-0.5V10z M33.8,22.6h5.6c1,0,1.7-0.8,1.7-1.7v-3.1c0-1-0.8-1.7-1.7-1.7h-5.6c-1,0-1.7,0.8-1.7,1.7v3.1 C32.1,21.8,32.9,22.6,33.8,22.6 M33.3,17.8c0-0.3,0.2-0.5,0.5-0.5h5.6c0.3,0,0.5,0.2,0.5,0.5v3.1c0,0.3-0.2,0.5-0.5,0.5h-5.6 c-0.3,0-0.5-0.2-0.5-0.5V17.8z M40.6,25.1c0,0.3-0.3,0.6-0.6,0.6H25.7c-0.3,0-0.6-0.3-0.6-0.6c0-0.3,0.3-0.6,0.6-0.6H40 C40.3,24.5,40.6,24.8,40.6,25.1 M36.1,27.7c0,0.3-0.3,0.6-0.6,0.6h-9.8c-0.3,0-0.6-0.3-0.6-0.6c0-0.3,0.3-0.6,0.6-0.6h9.8 C35.8,27.1,36.1,27.4,36.1,27.7 M42.6,4.9H23.5c-0.6-2-2.5-3.5-4.7-3.5c-2.7,0-4.8,2.2-4.8,4.8v23.6c0,0.1,0,0.2,0,0.2v3 c0,2.1,1.7,3.8,3.8,3.8h24.8c0.3,0,0.6-0.3,0.6-0.6V30V5.5C43.2,5.2,43,4.9,42.6,4.9 M42,6.1v23.2H23.7V6.2V6.1H42z M18.9,2.6 c2,0,3.6,1.6,3.6,3.6v22.3c-0.7-0.6-1.8-1.2-3.1-1.3c-1.4-0.1-2.8,0.4-4.2,1.4V6.2C15.3,4.2,16.9,2.6,18.9,2.6 M17.8,35.7 c-1.4,0-2.5-1.1-2.5-2.5v-2.9c1.4-1.3,2.7-1.9,4.1-1.8c2,0.2,3.3,1.9,3.3,1.9c0.1,0.1,0.2,0.2,0.3,0.2c0,0,0,0,0,0c0,0,0,0,0,0 c0,0,0,0,0,0s0,0,0,0h0.1H42v1.9H19.8c-0.3,0-0.6,0.3-0.6,0.6c0,0.3,0.3,0.6,0.6,0.6H42v1.9H17.8z\"><\/path><\/svg>                    <\/div>\n\n\t\t\t<\/div>\n                        <h3 class=\"feature-title\"> Katal\u00f3gusok <\/h3>\n                        <p class=\"feature-content\"> A nyomtatott katal\u00f3gusok tov\u00e1bbra is n\u00e9pszer\u0171ek az \u00fcgyfelek k\u00f6r\u00e9ben, k\u00e9nyelmes m\u00f3dot k\u00edn\u00e1lva a term\u00e9kek gyors b\u00f6ng\u00e9sz\u00e9s\u00e9re \u00e9s \u00f6sszehasonl\u00edt\u00e1s\u00e1ra.\n\u00c9vente megjelen\u0151 &quot;\u00c1ltal\u00e1nos Katal\u00f3gusunk&quot; tartalmazza teljes term\u00e9kk\u00edn\u00e1latunkat, \u00e9s kieg\u00e9sz\u00edtik a speci\u00e1lis katal\u00f3gusok, amelyek az egyes \u00fczleti szektorokra koncentr\u00e1lnak. <\/p>\n                    <\/div>\n                <\/div>\n                <\/div>\t\t\t\t<\/div>\n\t\t\t\t<\/div>\n\t\t\t\t\t<\/div>\n\t\t\t\t<\/div>\n\t\t<div class=\"elementor-element elementor-element-dc3448e e-con-full e-flex e-con e-parent\" data-id=\"dc3448e\" data-element_type=\"container\" data-settings=\"{&quot;jet_parallax_layout_list&quot;:[]}\">\n\t\t\t\t<\/div>\n\t\t\t\t<\/div>\n\t\t","protected":false},"excerpt":{"rendered":"<p>MULTICSATORN\u00c1S STRAT\u00c9GIA Az Inatech Packaging multicsatorn\u00e1s strat\u00e9gi\u00e1t alkalmaz, hogy \u00fcgyfelei sokf\u00e9le ig\u00e9ny\u00e9t kiel\u00e9g\u00edtse.Elk\u00f6telezett \u00e9rt\u00e9kes\u00edt\u00e9si csapatunk szem\u00e9lyre szabott t\u00e1mogat\u00e1st \u00e9s egyedi megold\u00e1sokat k\u00edn\u00e1l minden v\u00e1llalkoz\u00e1s sz\u00e1m\u00e1ra.Emellett k\u00e9t interakt\u00edv weboldalt \u00e9s online katal\u00f3gusokat is biztos\u00edtunk, amelyek gyors hozz\u00e1f\u00e9r\u00e9st ny\u00fajtanak teljes term\u00e9kk\u00edn\u00e1latunkhoz.Ez lehet\u0151v\u00e9 teszi \u00fcgyfeleink sz\u00e1m\u00e1ra, hogy preferenci\u00e1iknak megfelel\u0151en egyszer\u0171en \u00e9s hat\u00e9konyan adjanak le rendel\u00e9seket. \u00c9RT\u00c9KES\u00cdT\u00c9SI CSAPAT Egy&#8230;<\/p>\n","protected":false},"author":2,"featured_media":0,"parent":0,"menu_order":0,"comment_status":"closed","ping_status":"closed","template":"","meta":{"footnotes":""},"class_list":["post-51560","page","type-page","status-publish","hentry"],"_links":{"self":[{"href":"https:\/\/inatech-group.com\/hu\/wp-json\/wp\/v2\/pages\/51560","targetHints":{"allow":["GET"]}}],"collection":[{"href":"https:\/\/inatech-group.com\/hu\/wp-json\/wp\/v2\/pages"}],"about":[{"href":"https:\/\/inatech-group.com\/hu\/wp-json\/wp\/v2\/types\/page"}],"author":[{"embeddable":true,"href":"https:\/\/inatech-group.com\/hu\/wp-json\/wp\/v2\/users\/2"}],"replies":[{"embeddable":true,"href":"https:\/\/inatech-group.com\/hu\/wp-json\/wp\/v2\/comments?post=51560"}],"version-history":[{"count":0,"href":"https:\/\/inatech-group.com\/hu\/wp-json\/wp\/v2\/pages\/51560\/revisions"}],"wp:attachment":[{"href":"https:\/\/inatech-group.com\/hu\/wp-json\/wp\/v2\/media?parent=51560"}],"curies":[{"name":"wp","href":"https:\/\/api.w.org\/{rel}","templated":true}]}}