{"id":51541,"date":"2025-01-29T01:12:55","date_gmt":"2025-01-29T01:12:55","guid":{"rendered":"https:\/\/inatech-group.com\/join-our-team\/"},"modified":"2025-04-03T19:02:17","modified_gmt":"2025-04-03T19:02:17","slug":"csatlakozzon-csapatunkhoz","status":"publish","type":"page","link":"https:\/\/inatech-group.com\/hu\/csatlakozzon-csapatunkhoz\/","title":{"rendered":"CSATLAKOZZON CSAPATUNKHOZ"},"content":{"rendered":"\t\t<div data-elementor-type=\"wp-page\" data-elementor-id=\"51541\" class=\"elementor elementor-51541 elementor-44134\" data-elementor-post-type=\"page\">\n\t\t\t\t<div class=\"elementor-element elementor-element-e11167d e-flex e-con-boxed e-con e-parent\" data-id=\"e11167d\" data-element_type=\"container\" data-settings=\"{&quot;jet_parallax_layout_list&quot;:[]}\">\n\t\t\t\t\t<div class=\"e-con-inner\">\n\t\t\t\t<div class=\"elementor-element elementor-element-bf3b4ea elementor-widget elementor-widget-heading\" data-id=\"bf3b4ea\" data-element_type=\"widget\" data-widget_type=\"heading.default\">\n\t\t\t\t\t<h2 class=\"elementor-heading-title elementor-size-default\">Fejl\u0151d\u00e9si Lehet\u0151s\u00e9gek \u00e9s Szakmai Siker\n\n<\/h2>\t\t\t\t<\/div>\n\t\t\t\t\t<\/div>\n\t\t\t\t<\/div>\n\t\t<div class=\"elementor-element elementor-element-565f65e e-flex e-con-boxed e-con e-parent\" data-id=\"565f65e\" data-element_type=\"container\" data-settings=\"{&quot;jet_parallax_layout_list&quot;:[]}\">\n\t\t\t\t\t<div class=\"e-con-inner\">\n\t\t\t\t<div class=\"elementor-element elementor-element-35ebea3 elementor-widget elementor-widget-text-editor\" data-id=\"35ebea3\" data-element_type=\"widget\" data-widget_type=\"text-editor.default\">\n\t\t\t\t\t\t\t\t\t<p>At INATECH Csoport, elk\u00f6telezettek vagyunk abban, hogy innovat\u00edv csomagol\u00e1si megold\u00e1sokat biztos\u00edtsunk, amelyek val\u00f3ban k\u00fcl\u00f6nbs\u00e9get jelentenek.<\/p><p><span class=\"hidemobile\">Siker\u00fcnket csapatunk tagjainak elk\u00f6telezetts\u00e9ge \u00e9s szenved\u00e9lye hajtja, \u00e9s mindig keres\u00fcnk tehets\u00e9ges egy\u00e9neket, akik csatlakozn\u00e1nak hozz\u00e1nk.<\/span><\/p><p><span class=\"hidemobile\">Ha csatlakozik az INATECH Csoporthoz, egy dinamikus, j\u00f6v\u0151orient\u00e1lt c\u00e9g r\u00e9sz\u00e9v\u00e9 v\u00e1lik, amely hossz\u00fa t\u00e1v\u00fa \u00e9rt\u00e9ket k\u00edv\u00e1n l\u00e9trehozni \u00fcgyfelei sz\u00e1m\u00e1ra. Szem\u00e9lyes \u00e9s szakmai fejl\u0151d\u00e9si lehet\u0151s\u00e9geket k\u00edn\u00e1lunk, amelyek lehet\u0151v\u00e9 teszik, hogy hozz\u00e1j\u00e1ruljon folyamatos siker\u00fcnkh\u00f6z, mik\u00f6zben egy t\u00e1mogat\u00f3 \u00e9s egy\u00fcttm\u0171k\u00f6d\u0151 munkak\u00f6rnyezet r\u00e9szese lesz.<\/span><\/p><p><span style=\"color: #3492eb;\"><strong>Csatlakozzon hozz\u00e1nk, \u00e9s legyen r\u00e9sze egy olyan c\u00e9gnek, amely form\u00e1lja a csomagol\u00e1s j\u00f6v\u0151j\u00e9t!<\/strong><\/span><\/p>\t\t\t\t\t\t\t\t<\/div>\n\t\t\t\t\t<\/div>\n\t\t\t\t<\/div>\n\t\t<div class=\"elementor-element elementor-element-9ec8c56 e-flex e-con-boxed e-con e-parent\" data-id=\"9ec8c56\" data-element_type=\"container\" data-settings=\"{&quot;background_background&quot;:&quot;classic&quot;,&quot;jet_parallax_layout_list&quot;:[]}\">\n\t\t\t\t\t<div class=\"e-con-inner\">\n\t\t\t\t<div class=\"elementor-element elementor-element-ec2bb57 elementor-widget elementor-widget-rs-cf7\" data-id=\"ec2bb57\" data-element_type=\"widget\" data-widget_type=\"rs-cf7.default\">\n\t\t\t\t<div class=\"elementor-widget-container\">\n\t\t\t\t\t\n<div class=\"wpcf7 no-js\" id=\"wpcf7-f52995-o1\" lang=\"ro-RO\" dir=\"ltr\" data-wpcf7-id=\"52995\">\n<div class=\"screen-reader-response\"><p role=\"status\" aria-live=\"polite\" aria-atomic=\"true\"><\/p> <ul><\/ul><\/div>\n<form action=\"\/hu\/wp-json\/wp\/v2\/pages\/51541#wpcf7-f52995-o1\" method=\"post\" class=\"wpcf7-form init\" aria-label=\"Formular de contact\" novalidate=\"novalidate\" data-status=\"init\">\n<fieldset class=\"hidden-fields-container\"><input type=\"hidden\" name=\"_wpcf7\" value=\"52995\" \/><input type=\"hidden\" name=\"_wpcf7_version\" value=\"6.1.3\" \/><input type=\"hidden\" name=\"_wpcf7_locale\" value=\"ro_RO\" \/><input type=\"hidden\" name=\"_wpcf7_unit_tag\" value=\"wpcf7-f52995-o1\" \/><input type=\"hidden\" name=\"_wpcf7_container_post\" value=\"0\" \/><input type=\"hidden\" name=\"_wpcf7_posted_data_hash\" value=\"\" \/><input type=\"hidden\" name=\"_wpcf7_recaptcha_response\" value=\"\" \/>\n<\/fieldset>\n<div class=\"row\">\n\t<div class=\"col-sm-12\">\n\t\t<p><span class=\"wpcf7-form-control-wrap\" data-name=\"your-name\"><input size=\"40\" maxlength=\"400\" class=\"wpcf7-form-control wpcf7-text wpcf7-validates-as-required\" aria-required=\"true\" aria-invalid=\"false\" placeholder=\"N\u00e9v\" value=\"\" type=\"text\" name=\"your-name\" \/><\/span>\n\t\t<\/p>\n\t<\/div>\n\t<div class=\"col-sm-6\">\n\t\t<p><span class=\"wpcf7-form-control-wrap\" data-name=\"your-email\"><input size=\"40\" maxlength=\"400\" class=\"wpcf7-form-control wpcf7-email wpcf7-validates-as-required wpcf7-text wpcf7-validates-as-email\" aria-required=\"true\" aria-invalid=\"false\" placeholder=\"E-mail\" value=\"\" type=\"email\" name=\"your-email\" \/><\/span>\n\t\t<\/p>\n\t<\/div>\n\t<div class=\"col-sm-6\">\n\t\t<p><span class=\"wpcf7-form-control-wrap\" data-name=\"your-phone\"><input size=\"40\" maxlength=\"400\" class=\"wpcf7-form-control wpcf7-text wpcf7-validates-as-required\" aria-required=\"true\" aria-invalid=\"false\" placeholder=\"Telefon\" value=\"\" type=\"text\" name=\"your-phone\" \/><\/span>\n\t\t<\/p>\n\t<\/div>\n\t<div class=\"col-sm-12\">\n\t\t<div class=\"inatech_cv_upload_container\">\n\t\t\t<p>Csatolja \u00f6n\u00e9letrajz\u00e1t\n\t\t\t<\/p>\n\t\t\t<div class=\"inatech_cv_upload_wrapper\">\n\t\t\t\t<p><input id=\"inatech_cv_upload_input\" type=\"file\" name=\"CV\" accept=\".pdf,.doc,.docx,.txt,.rtf,.odt\" class=\"inatech_cv_upload_hidden\" \/><br \/>\n<label for=\"inatech_cv_upload_input\" id=\"inatech_cv_upload_button\" class=\"inatech_cv_upload_button\"><br \/>\n<i class=\"fa-solid fa-file-arrow-up\"><\/i> V\u00e1lassza ki az \u00f6n\u00e9letrajzot<br \/>\n<\/label>\n\t\t\t\t<\/p>\n\t\t\t<\/div>\n\t\t<\/div>\n\t<\/div>\n\t<div class=\"col-sm-12\">\n\t\t<p>V\u00e1lassza ki a k\u00edv\u00e1nt poz\u00edci\u00f3t\n\t\t<\/p>\n\t\t<p><span class=\"wpcf7-form-control-wrap\" data-name=\"Job\"><select class=\"wpcf7-form-control wpcf7-select\" aria-invalid=\"false\" name=\"Job\"><option value=\"Els\u0151 opci\u00f3\">Els\u0151 opci\u00f3<\/option><option value=\"M\u00e1sodik opci\u00f3\">M\u00e1sodik opci\u00f3<\/option><option value=\"Harmadik opci\u00f3\">Harmadik opci\u00f3<\/option><\/select><\/span>\n\t\t<\/p>\n\t<\/div>\n\t<div class=\"col-sm-12\">\n\t\t<p>V\u00e1lasszon irod\u00e1t\n\t\t<\/p>\n\t\t<p><span class=\"wpcf7-form-control-wrap\" data-name=\"Sediul\"><select class=\"wpcf7-form-control wpcf7-select\" aria-invalid=\"false\" name=\"Sediul\"><option value=\"Bukarest\">Bukarest<\/option><option value=\"Oradea\">Oradea<\/option><\/select><\/span>\n\t\t<\/p>\n\t<\/div>\n\t<div class=\"form-button col-sm-12\">\n\t\t<p id=\"inatech_send_cv\" class=\"submit-btn\"><input class=\"wpcf7-form-control wpcf7-submit has-spinner\" type=\"submit\" value=\"K\u00fcld\u00e9s most\" \/>\n\t\t<\/p>\n\t<\/div>\n<\/div><div class=\"wpcf7-response-output\" aria-hidden=\"true\"><\/div>\n<\/form>\n<\/div>\n\t\t\t\t<\/div>\n\t\t\t\t<\/div>\n\t\t\t\t\t<\/div>\n\t\t\t\t<\/div>\n\t\t<div class=\"elementor-element elementor-element-748d146 e-con-full e-flex e-con e-parent\" data-id=\"748d146\" data-element_type=\"container\" data-settings=\"{&quot;jet_parallax_layout_list&quot;:[]}\">\n\t\t\t\t<\/div>\n\t\t\t\t<\/div>\n\t\t","protected":false},"excerpt":{"rendered":"<p>Fejl\u0151d\u00e9si Lehet\u0151s\u00e9gek \u00e9s Szakmai Siker At INATECH Csoport, elk\u00f6telezettek vagyunk abban, hogy innovat\u00edv csomagol\u00e1si megold\u00e1sokat biztos\u00edtsunk, amelyek val\u00f3ban k\u00fcl\u00f6nbs\u00e9get jelentenek. Siker\u00fcnket csapatunk tagjainak elk\u00f6telezetts\u00e9ge \u00e9s szenved\u00e9lye hajtja, \u00e9s mindig keres\u00fcnk tehets\u00e9ges egy\u00e9neket, akik csatlakozn\u00e1nak hozz\u00e1nk. Ha csatlakozik az INATECH Csoporthoz, egy dinamikus, j\u00f6v\u0151orient\u00e1lt c\u00e9g r\u00e9sz\u00e9v\u00e9 v\u00e1lik, amely hossz\u00fa t\u00e1v\u00fa \u00e9rt\u00e9ket k\u00edv\u00e1n l\u00e9trehozni \u00fcgyfelei sz\u00e1m\u00e1ra. Szem\u00e9lyes&#8230;<\/p>\n","protected":false},"author":2,"featured_media":0,"parent":0,"menu_order":0,"comment_status":"closed","ping_status":"closed","template":"","meta":{"footnotes":""},"class_list":["post-51541","page","type-page","status-publish","hentry"],"_links":{"self":[{"href":"https:\/\/inatech-group.com\/hu\/wp-json\/wp\/v2\/pages\/51541","targetHints":{"allow":["GET"]}}],"collection":[{"href":"https:\/\/inatech-group.com\/hu\/wp-json\/wp\/v2\/pages"}],"about":[{"href":"https:\/\/inatech-group.com\/hu\/wp-json\/wp\/v2\/types\/page"}],"author":[{"embeddable":true,"href":"https:\/\/inatech-group.com\/hu\/wp-json\/wp\/v2\/users\/2"}],"replies":[{"embeddable":true,"href":"https:\/\/inatech-group.com\/hu\/wp-json\/wp\/v2\/comments?post=51541"}],"version-history":[{"count":0,"href":"https:\/\/inatech-group.com\/hu\/wp-json\/wp\/v2\/pages\/51541\/revisions"}],"wp:attachment":[{"href":"https:\/\/inatech-group.com\/hu\/wp-json\/wp\/v2\/media?parent=51541"}],"curies":[{"name":"wp","href":"https:\/\/api.w.org\/{rel}","templated":true}]}}