{"id":51532,"date":"2025-01-29T01:09:32","date_gmt":"2025-01-29T01:09:32","guid":{"rendered":"https:\/\/inatech-group.com\/certifications\/"},"modified":"2025-11-13T07:50:52","modified_gmt":"2025-11-13T07:50:52","slug":"tanusitvanyok","status":"publish","type":"page","link":"https:\/\/inatech-group.com\/hu\/tanusitvanyok\/","title":{"rendered":"TAN\u00daS\u00cdTV\u00c1NYOK"},"content":{"rendered":"\t\t<div data-elementor-type=\"wp-page\" data-elementor-id=\"51532\" class=\"elementor elementor-51532 elementor-44127\" data-elementor-post-type=\"page\">\n\t\t\t\t\t\t<section class=\"elementor-section elementor-top-section elementor-element elementor-element-6779016 elementor-section-boxed elementor-section-height-default elementor-section-height-default\" data-id=\"6779016\" data-element_type=\"section\" data-settings=\"{&quot;jet_parallax_layout_list&quot;:[]}\">\n\t\t\t\t\t\t<div class=\"elementor-container elementor-column-gap-default\">\n\t\t\t\t\t<div class=\"elementor-column elementor-col-100 elementor-top-column elementor-element elementor-element-1578f01\" data-id=\"1578f01\" data-element_type=\"column\">\n\t\t\t<div class=\"elementor-widget-wrap elementor-element-populated\">\n\t\t\t\t\t\t<div class=\"elementor-element elementor-element-edf4373 elementor-widget elementor-widget-rs-heading\" data-id=\"edf4373\" data-element_type=\"widget\" data-widget_type=\"rs-heading.default\">\n\t\t\t\t<div class=\"elementor-widget-container\">\n\t\t\t\t\t        <div class=\"rs-heading default center \">\r\n        \t<div class=\"title-inner\">\r\n        \t\t      \t\t\r\n\t            <h2 class=\"title\"><span class=\"watermark\"><\/span>Tan\u00fas\u00edtv\u00e1nyaink \u00e9s Min\u0151s\u00e9gi Szabv\u00e1nyaink\n\n<\/h2>\t        <\/div>\r\n\t                <\/div>\r\n\r\n        \t\t\t\t<\/div>\n\t\t\t\t<\/div>\n\t\t\t\t\t<\/div>\n\t\t<\/div>\n\t\t\t\t\t<\/div>\n\t\t<\/section>\n\t\t<div class=\"elementor-element elementor-element-fc8017f e-flex e-con-boxed e-con e-parent\" data-id=\"fc8017f\" data-element_type=\"container\" data-settings=\"{&quot;jet_parallax_layout_list&quot;:[]}\">\n\t\t\t\t\t<div class=\"e-con-inner\">\n\t\t\t\t<div class=\"elementor-element elementor-element-71d5648 elementor-widget elementor-widget-text-editor\" data-id=\"71d5648\" data-element_type=\"widget\" data-widget_type=\"text-editor.default\">\n\t\t\t\t\t\t\t\t\t<p class=\"\" data-start=\"0\" data-end=\"125\"><strong data-start=\"0\" data-end=\"17\">INATECH Csoport<\/strong> a legmagasabb min\u0151s\u00e9gi \u00e9s biztons\u00e1gi szabv\u00e1nyok szerint m\u0171k\u00f6dik, \u00e9s nemzetk\u00f6zi norm\u00e1k alapj\u00e1n tan\u00fas\u00edtva van.<\/p>\n<p class=\"\" data-start=\"127\" data-end=\"464\">Tan\u00fas\u00edtv\u00e1nyaink meger\u0151s\u00edtik, hogy gy\u00e1rt\u00e1si \u00e9s eloszt\u00e1si folyamataink megfelelnek a legszigor\u00fabb el\u0151\u00edr\u00e1soknak, biztos\u00edtva megb\u00edzhat\u00f3 \u00e9s fenntarthat\u00f3 term\u00e9keket \u00fcgyfeleink sz\u00e1m\u00e1ra. Ezen szigor\u00fa szabv\u00e1nyok r\u00e9v\u00e9n elk\u00f6telezettek vagyunk az innovat\u00edv, biztons\u00e1gos \u00e9s k\u00f6rnyezetbar\u00e1t megold\u00e1sok biztos\u00edt\u00e1sa mellett, mik\u00f6zben minden \u00fczleti ter\u00fcleten meg\u0151rizz\u00fck a kiv\u00e1l\u00f3s\u00e1got.<\/p>\n\t\t\t\t\t\t\t\t<\/div>\n\t\t\t\t\t<\/div>\n\t\t\t\t<\/div>\n\t\t<div class=\"elementor-element elementor-element-c5437ad e-grid e-con-boxed e-con e-parent\" data-id=\"c5437ad\" data-element_type=\"container\" data-settings=\"{&quot;jet_parallax_layout_list&quot;:[]}\">\n\t\t\t\t\t<div class=\"e-con-inner\">\n\t\t\t\t<div class=\"elementor-element elementor-element-d5aabcd elementor-widget elementor-widget-image\" data-id=\"d5aabcd\" data-element_type=\"widget\" data-widget_type=\"image.default\">\n\t\t\t\t\t\t\t\t\t\t\t\t\t\t\t<img fetchpriority=\"high\" decoding=\"async\" width=\"343\" height=\"617\" src=\"https:\/\/inatech-group.com\/wp-content\/uploads\/2025\/11\/Certificat-INATECH-Packaging-2025-ISO-9001.webp\" class=\"attachment-large size-large wp-image-53764\" alt=\"\" srcset=\"https:\/\/inatech-group.com\/wp-content\/uploads\/2025\/11\/Certificat-INATECH-Packaging-2025-ISO-9001.webp 343w, https:\/\/inatech-group.com\/wp-content\/uploads\/2025\/11\/Certificat-INATECH-Packaging-2025-ISO-9001-167x300.webp 167w\" sizes=\"(max-width: 343px) 100vw, 343px\" \/>\t\t\t\t\t\t\t\t\t\t\t\t\t\t\t<\/div>\n\t\t\t\t<div class=\"elementor-element elementor-element-91f0ee4 elementor-widget elementor-widget-image\" data-id=\"91f0ee4\" data-element_type=\"widget\" data-widget_type=\"image.default\">\n\t\t\t\t\t\t\t\t\t\t\t\t\t\t\t<img decoding=\"async\" width=\"343\" height=\"617\" src=\"https:\/\/inatech-group.com\/wp-content\/uploads\/2025\/11\/Certificat-INATECH-Packaging-2025-ISO-14001.webp\" class=\"attachment-large size-large wp-image-53769\" alt=\"\" srcset=\"https:\/\/inatech-group.com\/wp-content\/uploads\/2025\/11\/Certificat-INATECH-Packaging-2025-ISO-14001.webp 343w, https:\/\/inatech-group.com\/wp-content\/uploads\/2025\/11\/Certificat-INATECH-Packaging-2025-ISO-14001-167x300.webp 167w\" sizes=\"(max-width: 343px) 100vw, 343px\" \/>\t\t\t\t\t\t\t\t\t\t\t\t\t\t\t<\/div>\n\t\t\t\t\t<\/div>\n\t\t\t\t<\/div>\n\t\t<div class=\"elementor-element elementor-element-dbb645c e-con-full e-flex e-con e-parent\" data-id=\"dbb645c\" data-element_type=\"container\" data-settings=\"{&quot;jet_parallax_layout_list&quot;:[]}\">\n\t\t\t\t<\/div>\n\t\t\t\t<\/div>\n\t\t","protected":false},"excerpt":{"rendered":"<p>Tan\u00fas\u00edtv\u00e1nyaink \u00e9s Min\u0151s\u00e9gi Szabv\u00e1nyaink INATECH Csoport a legmagasabb min\u0151s\u00e9gi \u00e9s biztons\u00e1gi szabv\u00e1nyok szerint m\u0171k\u00f6dik, \u00e9s nemzetk\u00f6zi norm\u00e1k alapj\u00e1n tan\u00fas\u00edtva van. Tan\u00fas\u00edtv\u00e1nyaink meger\u0151s\u00edtik, hogy gy\u00e1rt\u00e1si \u00e9s eloszt\u00e1si folyamataink megfelelnek a legszigor\u00fabb el\u0151\u00edr\u00e1soknak, biztos\u00edtva megb\u00edzhat\u00f3 \u00e9s fenntarthat\u00f3 term\u00e9keket \u00fcgyfeleink sz\u00e1m\u00e1ra. Ezen szigor\u00fa szabv\u00e1nyok r\u00e9v\u00e9n elk\u00f6telezettek vagyunk az innovat\u00edv, biztons\u00e1gos \u00e9s k\u00f6rnyezetbar\u00e1t megold\u00e1sok biztos\u00edt\u00e1sa mellett, mik\u00f6zben minden \u00fczleti&#8230;<\/p>\n","protected":false},"author":2,"featured_media":0,"parent":0,"menu_order":0,"comment_status":"closed","ping_status":"closed","template":"","meta":{"footnotes":""},"class_list":["post-51532","page","type-page","status-publish","hentry"],"_links":{"self":[{"href":"https:\/\/inatech-group.com\/hu\/wp-json\/wp\/v2\/pages\/51532","targetHints":{"allow":["GET"]}}],"collection":[{"href":"https:\/\/inatech-group.com\/hu\/wp-json\/wp\/v2\/pages"}],"about":[{"href":"https:\/\/inatech-group.com\/hu\/wp-json\/wp\/v2\/types\/page"}],"author":[{"embeddable":true,"href":"https:\/\/inatech-group.com\/hu\/wp-json\/wp\/v2\/users\/2"}],"replies":[{"embeddable":true,"href":"https:\/\/inatech-group.com\/hu\/wp-json\/wp\/v2\/comments?post=51532"}],"version-history":[{"count":3,"href":"https:\/\/inatech-group.com\/hu\/wp-json\/wp\/v2\/pages\/51532\/revisions"}],"predecessor-version":[{"id":53785,"href":"https:\/\/inatech-group.com\/hu\/wp-json\/wp\/v2\/pages\/51532\/revisions\/53785"}],"wp:attachment":[{"href":"https:\/\/inatech-group.com\/hu\/wp-json\/wp\/v2\/media?parent=51532"}],"curies":[{"name":"wp","href":"https:\/\/api.w.org\/{rel}","templated":true}]}}