{"id":51527,"date":"2025-01-29T01:08:21","date_gmt":"2025-01-29T01:08:21","guid":{"rendered":"https:\/\/inatech-group.com\/circular-economy\/"},"modified":"2025-03-30T14:33:32","modified_gmt":"2025-03-30T14:33:32","slug":"korforgasos-gazdalkodas","status":"publish","type":"page","link":"https:\/\/inatech-group.com\/hu\/korforgasos-gazdalkodas\/","title":{"rendered":"K\u00d6RFORG\u00c1SOS GAZD\u00c1LKOD\u00c1S"},"content":{"rendered":"\t\t<div data-elementor-type=\"wp-page\" data-elementor-id=\"51527\" class=\"elementor elementor-51527 elementor-44121\" data-elementor-post-type=\"page\">\n\t\t\t\t<div class=\"elementor-element elementor-element-f611e69 e-flex e-con-boxed e-con e-parent\" data-id=\"f611e69\" data-element_type=\"container\" data-settings=\"{&quot;jet_parallax_layout_list&quot;:[]}\">\n\t\t\t\t\t<div class=\"e-con-inner\">\n\t\t\t\t<div class=\"elementor-element elementor-element-c97ea7d elementor-widget elementor-widget-heading\" data-id=\"c97ea7d\" data-element_type=\"widget\" data-widget_type=\"heading.default\">\n\t\t\t\t\t<h2 class=\"elementor-heading-title elementor-size-default\">K\u00f6rforg\u00e1sos Gazd\u00e1lkod\u00e1s \u00e9s K\u00f6rnyezeti Felel\u0151ss\u00e9g\u00fcnk\n<\/h2>\t\t\t\t<\/div>\n\t\t\t\t\t<\/div>\n\t\t\t\t<\/div>\n\t\t<div class=\"elementor-element elementor-element-a26c301 e-flex e-con-boxed e-con e-parent\" data-id=\"a26c301\" data-element_type=\"container\" data-settings=\"{&quot;jet_parallax_layout_list&quot;:[]}\">\n\t\t\t\t\t<div class=\"e-con-inner\">\n\t\t\t\t<div class=\"elementor-element elementor-element-fc8a4cb elementor-widget elementor-widget-text-editor\" data-id=\"fc8a4cb\" data-element_type=\"widget\" data-widget_type=\"text-editor.default\">\n\t\t\t\t\t\t\t\t\t<p>Az INATECH Packaging-n\u00e9l \u00fagy v\u00e9lj\u00fck, hogy a k\u00f6rforg\u00e1sos gazd\u00e1lkod\u00e1s kulcsfontoss\u00e1g\u00fa a fenntarthat\u00f3bb j\u00f6v\u0151h\u00f6z. Ez\u00e9rt arra t\u00f6reksz\u00fcnk, hogy olyan gyakorlatokat alkalmazzunk, amelyek cs\u00f6kkentik a k\u00f6rnyezeti hat\u00e1sokat, \u00e9s \u00f6szt\u00f6nzik az anyagok \u00fajrahasznos\u00edt\u00e1s\u00e1t \u00e9s \u00fajra felhaszn\u00e1l\u00e1s\u00e1t. B\u00fcszk\u00e9k vagyunk arra, hogy Forest Stewardship Council (FSC) tan\u00fas\u00edtv\u00e1nnyal rendelkez\u0151 v\u00e1llalat vagyunk, amely bizony\u00edtja elk\u00f6telezetts\u00e9g\u00fcnket a felel\u0151s erd\u0151gazd\u00e1lkod\u00e1s \u00e9s a term\u00e9szeti er\u0151forr\u00e1sok v\u00e9delme ir\u00e1nt.<\/p>\t\t\t\t\t\t\t\t<\/div>\n\t\t\t\t\t<\/div>\n\t\t\t\t<\/div>\n\t\t<div class=\"elementor-element elementor-element-e3a5f8d e-flex e-con-boxed e-con e-parent\" data-id=\"e3a5f8d\" data-element_type=\"container\" data-settings=\"{&quot;jet_parallax_layout_list&quot;:[]}\">\n\t\t\t\t\t<div class=\"e-con-inner\">\n\t\t\t\t<div class=\"elementor-element elementor-element-61ec915 elementor-widget elementor-widget-image\" data-id=\"61ec915\" data-element_type=\"widget\" data-widget_type=\"image.default\">\n\t\t\t\t\t\t\t\t\t\t\t\t\t\t\t<img fetchpriority=\"high\" decoding=\"async\" width=\"1410\" height=\"480\" src=\"https:\/\/inatech-group.com\/wp-content\/uploads\/2025\/02\/Inatech_Economie_Circulara_2.webp\" class=\"attachment-full size-full wp-image-45115\" alt=\"\" srcset=\"https:\/\/inatech-group.com\/wp-content\/uploads\/2025\/02\/Inatech_Economie_Circulara_2.webp 1410w, https:\/\/inatech-group.com\/wp-content\/uploads\/2025\/02\/Inatech_Economie_Circulara_2-300x102.webp 300w, https:\/\/inatech-group.com\/wp-content\/uploads\/2025\/02\/Inatech_Economie_Circulara_2-1024x349.webp 1024w, https:\/\/inatech-group.com\/wp-content\/uploads\/2025\/02\/Inatech_Economie_Circulara_2-768x261.webp 768w\" sizes=\"(max-width: 1410px) 100vw, 1410px\" \/>\t\t\t\t\t\t\t\t\t\t\t\t\t\t\t<\/div>\n\t\t\t\t\t<\/div>\n\t\t\t\t<\/div>\n\t\t<div class=\"elementor-element elementor-element-5fcf09c e-flex e-con-boxed e-con e-parent\" data-id=\"5fcf09c\" data-element_type=\"container\" data-settings=\"{&quot;jet_parallax_layout_list&quot;:[]}\">\n\t\t\t\t\t<div class=\"e-con-inner\">\n\t\t\t\t<div class=\"elementor-element elementor-element-ef7077d elementor-widget elementor-widget-heading\" data-id=\"ef7077d\" data-element_type=\"widget\" data-widget_type=\"heading.default\">\n\t\t\t\t\t<h3 class=\"elementor-heading-title elementor-size-default\">\u00dajrahasznos\u00edt\u00e1s \u00e9s Fenntarthat\u00f3s\u00e1g: Elk\u00f6telezetts\u00e9g\u00fcnk egy Tiszt\u00e1bb K\u00f6rnyezet\u00e9rt\n\n<\/h3>\t\t\t\t<\/div>\n\t\t\t\t<div class=\"elementor-element elementor-element-c24c3d0 elementor-widget elementor-widget-text-editor\" data-id=\"c24c3d0\" data-element_type=\"widget\" data-widget_type=\"text-editor.default\">\n\t\t\t\t\t\t\t\t\tA fenntarthat\u00f3 fejl\u0151d\u00e9s \u00e9s a k\u00f6rnyezetv\u00e9delem alapvet\u0151 pill\u00e9rei annak a t\u00e1rsadalomnak, amelynek r\u00e9szesei vagyunk.\nAz INATECH Csoport tiszteletben tartja a k\u00f6rnyezetet, amelyben \u00e9l\u00fcnk, \u00e9s olyan felel\u0151s hullad\u00e9kgazd\u00e1lkod\u00e1si politik\u00e1t alkalmaz, amely lehet\u0151v\u00e9 teszi a b\u0151v\u00edtett cellul\u00e1ris habok \u00e9s LDPE term\u00e9kek hullad\u00e9kainak 95%-os \u00fajrahasznos\u00edt\u00e1s\u00e1t \u00e9s \u00fajj\u00e1\u00e9p\u00edt\u00e9s\u00e9t.\t\t\t\t\t\t\t\t<\/div>\n\t\t\t\t\t<\/div>\n\t\t\t\t<\/div>\n\t\t<div class=\"elementor-element elementor-element-a9fafac e-flex e-con-boxed e-con e-parent\" data-id=\"a9fafac\" data-element_type=\"container\" data-settings=\"{&quot;jet_parallax_layout_list&quot;:[]}\">\n\t\t\t\t\t<div class=\"e-con-inner\">\n\t\t\t\t<div class=\"elementor-element elementor-element-ab61c0a elementor-widget elementor-widget-text-editor\" data-id=\"ab61c0a\" data-element_type=\"widget\" data-widget_type=\"text-editor.default\">\n\t\t\t\t\t\t\t\t\t<p>Az IFOAM AG, az INATECH Csoport r\u00e9szek\u00e9nt, k\u00f6rnyezetv\u00e9delmi enged\u00e9lyt szerzett m\u0171anyag hullad\u00e9k gy\u0171jt\u00e9s\u00e9re \u00e9s feldolgoz\u00e1s\u00e1ra.<br \/>Az IFOAM AG beruh\u00e1zott olyan berendez\u00e9sekbe, amelyek lehet\u0151v\u00e9 teszik a hullad\u00e9k feldolgoz\u00e1s\u00e1t \u00e9s \u00fajrahasznos\u00edtott m\u0171anyag alapanyagokk\u00e1 t\u00f6rt\u00e9n\u0151 \u00e1talak\u00edt\u00e1s\u00e1t, mint p\u00e9ld\u00e1ul m\u0171anyag apr\u00edt\u00f3\/rost\u00e1l\u00f3 \u00e9s egy extruder, amely az \u00fajrahasznos\u00edtott m\u0171anyag granul\u00e1tumok el\u0151\u00e1ll\u00edt\u00e1s\u00e1ra szolg\u00e1l.<\/p>\t\t\t\t\t\t\t\t<\/div>\n\t\t\t\t\t<\/div>\n\t\t\t\t<\/div>\n\t\t<div class=\"elementor-element elementor-element-6cd29b7 e-con-full e-flex e-con e-parent\" data-id=\"6cd29b7\" data-element_type=\"container\" data-settings=\"{&quot;jet_parallax_layout_list&quot;:[]}\">\n\t\t\t\t<\/div>\n\t\t\t\t<\/div>\n\t\t","protected":false},"excerpt":{"rendered":"<p>K\u00f6rforg\u00e1sos Gazd\u00e1lkod\u00e1s \u00e9s K\u00f6rnyezeti Felel\u0151ss\u00e9g\u00fcnk Az INATECH Packaging-n\u00e9l \u00fagy v\u00e9lj\u00fck, hogy a k\u00f6rforg\u00e1sos gazd\u00e1lkod\u00e1s kulcsfontoss\u00e1g\u00fa a fenntarthat\u00f3bb j\u00f6v\u0151h\u00f6z. Ez\u00e9rt arra t\u00f6reksz\u00fcnk, hogy olyan gyakorlatokat alkalmazzunk, amelyek cs\u00f6kkentik a k\u00f6rnyezeti hat\u00e1sokat, \u00e9s \u00f6szt\u00f6nzik az anyagok \u00fajrahasznos\u00edt\u00e1s\u00e1t \u00e9s \u00fajra felhaszn\u00e1l\u00e1s\u00e1t. B\u00fcszk\u00e9k vagyunk arra, hogy Forest Stewardship Council (FSC) tan\u00fas\u00edtv\u00e1nnyal rendelkez\u0151 v\u00e1llalat vagyunk, amely bizony\u00edtja elk\u00f6telezetts\u00e9g\u00fcnket a felel\u0151s&#8230;<\/p>\n","protected":false},"author":2,"featured_media":0,"parent":0,"menu_order":0,"comment_status":"closed","ping_status":"closed","template":"","meta":{"footnotes":""},"class_list":["post-51527","page","type-page","status-publish","hentry"],"_links":{"self":[{"href":"https:\/\/inatech-group.com\/hu\/wp-json\/wp\/v2\/pages\/51527","targetHints":{"allow":["GET"]}}],"collection":[{"href":"https:\/\/inatech-group.com\/hu\/wp-json\/wp\/v2\/pages"}],"about":[{"href":"https:\/\/inatech-group.com\/hu\/wp-json\/wp\/v2\/types\/page"}],"author":[{"embeddable":true,"href":"https:\/\/inatech-group.com\/hu\/wp-json\/wp\/v2\/users\/2"}],"replies":[{"embeddable":true,"href":"https:\/\/inatech-group.com\/hu\/wp-json\/wp\/v2\/comments?post=51527"}],"version-history":[{"count":0,"href":"https:\/\/inatech-group.com\/hu\/wp-json\/wp\/v2\/pages\/51527\/revisions"}],"wp:attachment":[{"href":"https:\/\/inatech-group.com\/hu\/wp-json\/wp\/v2\/media?parent=51527"}],"curies":[{"name":"wp","href":"https:\/\/api.w.org\/{rel}","templated":true}]}}