{"id":51500,"date":"2025-01-29T00:58:14","date_gmt":"2025-01-29T00:58:14","guid":{"rendered":"https:\/\/inatech-group.com\/inatech-group-companies\/"},"modified":"2025-04-03T14:25:11","modified_gmt":"2025-04-03T14:25:11","slug":"az-inatech-csoport-vallalatai","status":"publish","type":"page","link":"https:\/\/inatech-group.com\/hu\/az-inatech-csoport-vallalatai\/","title":{"rendered":"AZ INATECH CSOPORT V\u00c1LLALATAI"},"content":{"rendered":"\t\t<div data-elementor-type=\"wp-page\" data-elementor-id=\"51500\" class=\"elementor elementor-51500 elementor-44083\" data-elementor-post-type=\"page\">\n\t\t\t\t<div class=\"elementor-element elementor-element-a374a14 e-flex e-con-boxed e-con e-parent\" data-id=\"a374a14\" data-element_type=\"container\" data-settings=\"{&quot;jet_parallax_layout_list&quot;:[]}\">\n\t\t\t\t\t<div class=\"e-con-inner\">\n\t\t\t\t<div class=\"elementor-element elementor-element-fdcfbec elementor-widget elementor-widget-heading\" data-id=\"fdcfbec\" data-element_type=\"widget\" data-widget_type=\"heading.default\">\n\t\t\t\t\t<h2 class=\"elementor-heading-title elementor-size-default\">Egy dinamikusan fejl\u0151d\u0151 professzion\u00e1lis csoport\n\n<\/h2>\t\t\t\t<\/div>\n\t\t\t\t\t<\/div>\n\t\t\t\t<\/div>\n\t\t<div class=\"elementor-element elementor-element-6dd7e0c e-flex e-con-boxed e-con e-parent\" data-id=\"6dd7e0c\" data-element_type=\"container\" data-settings=\"{&quot;jet_parallax_layout_list&quot;:[]}\">\n\t\t\t\t\t<div class=\"e-con-inner\">\n\t\t\t\t<div class=\"elementor-element elementor-element-fd08d8a elementor-widget elementor-widget-text-editor\" data-id=\"fd08d8a\" data-element_type=\"widget\" data-widget_type=\"text-editor.default\">\n\t\t\t\t\t\t\t\t\t<p>Az Inatech Csoport egyre er\u0151teljesebben van jelen az eur\u00f3pai piacon, k\u00e9t disztrib\u00faci\u00f3s k\u00f6zpontot m\u0171k\u00f6dtet, \u00e9s h\u00e1rom orsz\u00e1gban folytat tev\u00e9kenys\u00e9get.<\/p><p><span class=\"hidemobile\">A csoport dinamikus diverzifik\u00e1ci\u00f3s strat\u00e9gi\u00e1t k\u00f6vet, folyamatosan b\u0151v\u00edtve term\u00e9k- \u00e9s szolg\u00e1ltat\u00e1sk\u00edn\u00e1lat\u00e1t annak \u00e9rdek\u00e9ben, hogy \u00e1tfog\u00f3 \u00fczleti partnerr\u00e9 v\u00e1ljon.<\/span><\/p>\t\t\t\t\t\t\t\t<\/div>\n\t\t\t\t\t<\/div>\n\t\t\t\t<\/div>\n\t\t<div class=\"elementor-element elementor-element-eabfeb2 e-grid elementor-hidden-mobile e-con-boxed e-con e-parent\" data-id=\"eabfeb2\" data-element_type=\"container\" data-settings=\"{&quot;jet_parallax_layout_list&quot;:[]}\">\n\t\t\t\t\t<div class=\"e-con-inner\">\n\t\t\t\t<div class=\"elementor-element elementor-element-ee26956 elementor-invisible elementor-widget elementor-widget-ucaddon_image_card_content_box\" data-id=\"ee26956\" data-element_type=\"widget\" data-settings=\"{&quot;_animation&quot;:&quot;fadeIn&quot;}\" data-widget_type=\"ucaddon_image_card_content_box.default\">\n\t\t\t\t<div class=\"elementor-widget-container\">\n\t\t\t\t\t\n<!-- start Image Card -->\n<style>\/* widget: Image Card *\/\n\n.uc_classic_content *{\n\tbox-sizing: border-box;\n}\n\n#uc_image_card_content_box_elementor_ee26956 \n{\n\tfont-size:14px;\n\toverflow:hidden;\n\tcolor:#8a8a8a;\n\ttext-align:center;\n\tposition:relative;\n\twidth:100%;\n    box-shadow:rgba(0,0,0,0.10) 0px 5px 20px;\n}\n\n.uc_classic_content .uc_classic_content_content h2\n{\n\tfont-size:21px;\n    color:black;\n}\n\n.uc_classic_content .uc_classic_content_content p\n{\n\tline-height:1.5em;\n}\n\n.uc_classic_content .uc_classic_content_border\n{\n\tdisplay:block;\n    margin: 0 auto;\n}\n\n.uc_classic_content  .uc_classic_content_placeholder img\n{\n\twidth:100%;\n    object-fit:cover;\n}\n\n#uc_image_card_content_box_elementor_ee26956 .uc_classic_content_content \n{\n display: flex;\n flex-flow: column nowrap;\n}\n#uc_image_card_content_box_elementor_ee26956 .btn_wrap\n{\n  margin-top:auto;\n}\n#uc_image_card_content_box_elementor_ee26956 .uc_classic_content_content .uc_more_btn {\n\tdisplay:inline-block;\n\ttext-decoration:none;\n\ttransition: all 0.3s ease;\n    border-style:solid;\n    text-align:center;\n    \n\n}\n\n\n\n\n\n<\/style>\n\n<div class=\"uc_classic_content\" id=\"uc_image_card_content_box_elementor_ee26956\">\n  <span class=\"uc_classic_content_border\"><\/span>\n    \t<div class=\"uc_classic_content_container_holder\">\n           \n                  \t<div class=\"uc_classic_content_placeholder\">              \n        \t\t<img decoding=\"async\" src=\"https:\/\/inatech-group.com\/wp-content\/uploads\/2025\/03\/Inatech_logo_light-1-1.svg\" alt=\"Inatech_logo_light-1\">              \n            <\/div>\n                      <div class=\"uc_classic_content_content\">\n             <h2 class=\"ue-title\">teljes k\u00f6r\u0171 csomagol\u00e1si szolg\u00e1ltat\u00f3<\/h2>              <div class=\"ue-text\"><p>Az INATECH PACKAGING az INATECH Csoport specializ\u00e1lt div\u00edzi\u00f3ja, amely innovat\u00edv v\u00e9d\u0151csomagol\u00e1si megold\u00e1sok biztos\u00edt\u00e1s\u00e1ra szakosodott.<br \/>Sz\u00e9les term\u00e9kk\u00edn\u00e1latunkat minden \u00fcgyf\u00e9l egyedi ig\u00e9nyeihez igaz\u00edtjuk, biztos\u00edtva az \u00e1ruk v\u00e9delm\u00e9t mind a t\u00e1rol\u00e1s, mind a sz\u00e1ll\u00edt\u00e1s sor\u00e1n.<br \/>Magas min\u0151s\u00e9g\u0171 anyagokat \u00e9s korszer\u0171 technol\u00f3gi\u00e1kat alkalmazva garant\u00e1ljuk, hogy minden csomagol\u00e1s optim\u00e1lis v\u00e9delmet, hat\u00e9konys\u00e1got \u00e9s fenntarthat\u00f3s\u00e1got ny\u00fajtson.<\/p><\/div>              \n                            \t\t<div class=\"btn_wrap\"><a class=\"uc_more_btn elementor-animation-bob\" href=\"https:\/\/inatech-shop.ro\/\"  target='_blank'>C\u00c9G WEBOLDALA<\/a><\/div>\n              \n            <\/div>\n        <\/div>\n   <\/div>\n<!-- end Image Card -->\t\t\t\t<\/div>\n\t\t\t\t<\/div>\n\t\t\t\t<div class=\"elementor-element elementor-element-4812cc9 elementor-invisible elementor-widget elementor-widget-ucaddon_image_card_content_box\" data-id=\"4812cc9\" data-element_type=\"widget\" data-settings=\"{&quot;_animation&quot;:&quot;fadeIn&quot;,&quot;_animation_delay&quot;:500}\" data-widget_type=\"ucaddon_image_card_content_box.default\">\n\t\t\t\t<div class=\"elementor-widget-container\">\n\t\t\t\t\t\n<!-- start Image Card -->\n<style>\/* widget: Image Card *\/\n\n.uc_classic_content *{\n\tbox-sizing: border-box;\n}\n\n#uc_image_card_content_box_elementor_4812cc9 \n{\n\tfont-size:14px;\n\toverflow:hidden;\n\tcolor:#8a8a8a;\n\ttext-align:center;\n\tposition:relative;\n\twidth:100%;\n    box-shadow:rgba(0,0,0,0.10) 0px 5px 20px;\n}\n\n.uc_classic_content .uc_classic_content_content h2\n{\n\tfont-size:21px;\n    color:black;\n}\n\n.uc_classic_content .uc_classic_content_content p\n{\n\tline-height:1.5em;\n}\n\n.uc_classic_content .uc_classic_content_border\n{\n\tdisplay:block;\n    margin: 0 auto;\n}\n\n.uc_classic_content  .uc_classic_content_placeholder img\n{\n\twidth:100%;\n    object-fit:cover;\n}\n\n#uc_image_card_content_box_elementor_4812cc9 .uc_classic_content_content \n{\n display: flex;\n flex-flow: column nowrap;\n}\n#uc_image_card_content_box_elementor_4812cc9 .btn_wrap\n{\n  margin-top:auto;\n}\n#uc_image_card_content_box_elementor_4812cc9 .uc_classic_content_content .uc_more_btn {\n\tdisplay:inline-block;\n\ttext-decoration:none;\n\ttransition: all 0.3s ease;\n    border-style:solid;\n    text-align:center;\n    \n\n}\n\n\n\n\n\n<\/style>\n\n<div class=\"uc_classic_content\" id=\"uc_image_card_content_box_elementor_4812cc9\">\n  <span class=\"uc_classic_content_border\"><\/span>\n    \t<div class=\"uc_classic_content_container_holder\">\n           \n                  \t<div class=\"uc_classic_content_placeholder\">              \n        \t\t<img decoding=\"async\" src=\"https:\/\/inatech-group.com\/wp-content\/uploads\/2025\/03\/Ifoam_Logo_Tabs-2.svg\" alt=\"Ifoam_Logo_Tabs\">              \n            <\/div>\n                      <div class=\"uc_classic_content_content\">\n             <h2 class=\"ue-title\">Egyedi csomagol\u00e1sok gy\u00e1rt\u00f3ja<\/h2>              <div class=\"ue-text\"><p>Az IFOAM AG az INATECH Csoport r\u00e9sze, amely innovat\u00edv, egyedi v\u00e9d\u0151csomagol\u00e1sok gy\u00e1rt\u00e1s\u00e1ra specializ\u00e1l\u00f3dott.<br \/>A v\u00e1llalat technikai habanyagok, m\u0171anyagok \u00e9s karton feldolgoz\u00e1s\u00e1ra szakosodott, \u00e9s hat\u00e9kony, fenntarthat\u00f3 megold\u00e1sokat fejleszt az \u00fcgyfelek egyedi ig\u00e9nyeihez igaz\u00edtva.<br \/>A technol\u00f3giai fejleszt\u00e9sekbe \u00e9s innov\u00e1ci\u00f3ba t\u00f6rt\u00e9n\u0151 folyamatos beruh\u00e1z\u00e1sok r\u00e9v\u00e9n az IFOAM AG garant\u00e1lja az \u00e1ruk optim\u00e1lis v\u00e9delm\u00e9t mind a t\u00e1rol\u00e1s, mind a sz\u00e1ll\u00edt\u00e1s sor\u00e1n, er\u0151s\u00edtve ezzel az INATECH Csoport min\u0151s\u00e9g \u00e9s kiv\u00e1l\u00f3s\u00e1g ir\u00e1nti elk\u00f6telezetts\u00e9g\u00e9t.<\/p><\/div>              \n                            \t\t<div class=\"btn_wrap\"><a class=\"uc_more_btn elementor-animation-bob\" href=\"https:\/\/ifoam.ro\/\" >C\u00c9G WEBOLDALA<\/a><\/div>\n              \n            <\/div>\n        <\/div>\n   <\/div>\n<!-- end Image Card -->\t\t\t\t<\/div>\n\t\t\t\t<\/div>\n\t\t\t\t<div class=\"elementor-element elementor-element-3bad5d3 elementor-invisible elementor-widget elementor-widget-ucaddon_image_card_content_box\" data-id=\"3bad5d3\" data-element_type=\"widget\" data-settings=\"{&quot;_animation&quot;:&quot;fadeIn&quot;,&quot;_animation_delay&quot;:1000}\" data-widget_type=\"ucaddon_image_card_content_box.default\">\n\t\t\t\t<div class=\"elementor-widget-container\">\n\t\t\t\t\t\n<!-- start Image Card -->\n<style>\/* widget: Image Card *\/\n\n.uc_classic_content *{\n\tbox-sizing: border-box;\n}\n\n#uc_image_card_content_box_elementor_3bad5d3 \n{\n\tfont-size:14px;\n\toverflow:hidden;\n\tcolor:#8a8a8a;\n\ttext-align:center;\n\tposition:relative;\n\twidth:100%;\n    box-shadow:rgba(0,0,0,0.10) 0px 5px 20px;\n}\n\n.uc_classic_content .uc_classic_content_content h2\n{\n\tfont-size:21px;\n    color:black;\n}\n\n.uc_classic_content .uc_classic_content_content p\n{\n\tline-height:1.5em;\n}\n\n.uc_classic_content .uc_classic_content_border\n{\n\tdisplay:block;\n    margin: 0 auto;\n}\n\n.uc_classic_content  .uc_classic_content_placeholder img\n{\n\twidth:100%;\n    object-fit:cover;\n}\n\n#uc_image_card_content_box_elementor_3bad5d3 .uc_classic_content_content \n{\n display: flex;\n flex-flow: column nowrap;\n}\n#uc_image_card_content_box_elementor_3bad5d3 .btn_wrap\n{\n  margin-top:auto;\n}\n#uc_image_card_content_box_elementor_3bad5d3 .uc_classic_content_content .uc_more_btn {\n\tdisplay:inline-block;\n\ttext-decoration:none;\n\ttransition: all 0.3s ease;\n    border-style:solid;\n    text-align:center;\n    \n\n}\n\n\n\n\n\n<\/style>\n\n<div class=\"uc_classic_content\" id=\"uc_image_card_content_box_elementor_3bad5d3\">\n  <span class=\"uc_classic_content_border\"><\/span>\n    \t<div class=\"uc_classic_content_container_holder\">\n           \n                  \t<div class=\"uc_classic_content_placeholder\">              \n        \t\t<img decoding=\"async\" src=\"https:\/\/inatech-group.com\/wp-content\/uploads\/2025\/03\/ISOTeckLine_Logo_Tabs_white-1.svg\" alt=\"ISOTeckLine_Logo_Tabs_white\">              \n            <\/div>\n                      <div class=\"uc_classic_content_content\">\n             <h2 class=\"ue-title\">Professzion\u00e1lis szigetel\u0151anyag-besz\u00e1ll\u00edt\u00f3 az \u00e9p\u00edt\u0151ipar sz\u00e1m\u00e1ra<\/h2>              <div class=\"ue-text\"><p>Az <strong data-start=\"57\" data-end=\"73\">ISOTECK LINE<\/strong> az <strong data-start=\"77\" data-end=\"96\">INATECH Csoport<\/strong> r\u00e9sze, amely professzion\u00e1lis szigetel\u00e9si megold\u00e1sokra specializ\u00e1l\u00f3dott az \u00e9p\u00edt\u0151ipar sz\u00e1m\u00e1ra.<br data-start=\"189\" data-end=\"192\" \/>Kiv\u00e1l\u00f3 min\u0151s\u00e9g\u0171 anyagok \u00e9s modern technol\u00f3gi\u00e1k felhaszn\u00e1l\u00e1s\u00e1val az ISOTECK LINE hat\u00e9kony \u00e9s tart\u00f3s term\u00e9keket k\u00edn\u00e1l, amelyek az ipar\u00e1gi k\u00f6vetelm\u00e9nyekhez igazodnak.<br data-start=\"355\" data-end=\"358\" data-is-only-node=\"\" \/>A v\u00e1llalat c\u00e9lja az energiahat\u00e9konys\u00e1g n\u00f6vel\u00e9se \u00e9s a k\u00f6rnyezeti hat\u00e1sok cs\u00f6kkent\u00e9se, ezzel t\u00e1mogatva a fenntarthat\u00f3 fejl\u0151d\u00e9st az \u00e9p\u00edt\u0151iparban.<\/p><\/div>              \n                            \t\t<div class=\"btn_wrap\"><a class=\"uc_more_btn elementor-animation-float\" href=\"https:\/\/isoteckline.com\/\" >C\u00c9G WEBOLDALA<\/a><\/div>\n              \n            <\/div>\n        <\/div>\n   <\/div>\n<!-- end Image Card -->\t\t\t\t<\/div>\n\t\t\t\t<\/div>\n\t\t\t\t\t<\/div>\n\t\t\t\t<\/div>\n\t\t<div class=\"elementor-element elementor-element-890143b elementor-hidden-desktop elementor-hidden-tablet e-flex e-con-boxed e-con e-parent\" data-id=\"890143b\" data-element_type=\"container\" data-settings=\"{&quot;jet_parallax_layout_list&quot;:[]}\">\n\t\t\t\t\t<div class=\"e-con-inner\">\n\t\t\t\t<div class=\"elementor-element elementor-element-b37f225 elementor-widget elementor-widget-inatech_company_slider\" data-id=\"b37f225\" data-element_type=\"widget\" data-widget_type=\"inatech_company_slider.default\">\n\t\t\t\t<div class=\"elementor-widget-container\">\n\t\t\t\t\t<style>@media(min-width:768px){.inatech-mobile-slider{display:none;}}<\/style><div class=\"inatech-mobile-slider swiper-container\" data-swiper=\"true\">\n                    <div class=\"swiper-wrapper\"><div class=\"swiper-slide\">\t\t<div data-elementor-type=\"container\" data-elementor-id=\"52452\" class=\"elementor elementor-52452 elementor-50982\" data-elementor-post-type=\"elementor_library\">\n\t\t\t\t<div class=\"elementor-element elementor-element-aa4ca99 e-flex e-con-boxed e-con e-parent\" data-id=\"aa4ca99\" data-element_type=\"container\" data-settings=\"{&quot;jet_parallax_layout_list&quot;:[]}\">\n\t\t\t\t\t<div class=\"e-con-inner\">\n\t\t\t\t<div class=\"elementor-element elementor-element-c0130b2 elementor-invisible elementor-widget elementor-widget-ucaddon_image_card_content_box\" data-id=\"c0130b2\" data-element_type=\"widget\" data-settings=\"{&quot;_animation&quot;:&quot;fadeIn&quot;}\" data-widget_type=\"ucaddon_image_card_content_box.default\">\n\t\t\t\t<div class=\"elementor-widget-container\">\n\t\t\t\t\t\n<!-- start Image Card -->\n<style>\/* widget: Image Card *\/\n\n.uc_classic_content *{\n\tbox-sizing: border-box;\n}\n\n#uc_image_card_content_box_elementor_c0130b2 \n{\n\tfont-size:14px;\n\toverflow:hidden;\n\tcolor:#8a8a8a;\n\ttext-align:center;\n\tposition:relative;\n\twidth:100%;\n    box-shadow:rgba(0,0,0,0.10) 0px 5px 20px;\n}\n\n.uc_classic_content .uc_classic_content_content h2\n{\n\tfont-size:21px;\n    color:black;\n}\n\n.uc_classic_content .uc_classic_content_content p\n{\n\tline-height:1.5em;\n}\n\n.uc_classic_content .uc_classic_content_border\n{\n\tdisplay:block;\n    margin: 0 auto;\n}\n\n.uc_classic_content  .uc_classic_content_placeholder img\n{\n\twidth:100%;\n    object-fit:cover;\n}\n\n#uc_image_card_content_box_elementor_c0130b2 .uc_classic_content_content \n{\n display: flex;\n flex-flow: column nowrap;\n}\n#uc_image_card_content_box_elementor_c0130b2 .btn_wrap\n{\n  margin-top:auto;\n}\n#uc_image_card_content_box_elementor_c0130b2 .uc_classic_content_content .uc_more_btn {\n\tdisplay:inline-block;\n\ttext-decoration:none;\n\ttransition: all 0.3s ease;\n    border-style:solid;\n    text-align:center;\n    \n\n}\n\n\n\n\n\n<\/style>\n\n<div class=\"uc_classic_content\" id=\"uc_image_card_content_box_elementor_c0130b2\">\n  <span class=\"uc_classic_content_border\"><\/span>\n    \t<div class=\"uc_classic_content_container_holder\">\n           \n                  \t<div class=\"uc_classic_content_placeholder\">              \n        \t\t<img decoding=\"async\" src=\"https:\/\/inatech-group.com\/wp-content\/uploads\/2025\/03\/Inatech_logo_light-1-1.svg\" alt=\"Inatech_logo_light-1\">              \n            <\/div>\n                      <div class=\"uc_classic_content_content\">\n             <h2 class=\"ue-title\">teljes k\u00f6r\u0171 csomagol\u00e1si szolg\u00e1ltat\u00f3<\/h2>              <div class=\"ue-text\"><p>Az INATECH PACKAGING az INATECH Csoport specializ\u00e1lt div\u00edzi\u00f3ja, amely innovat\u00edv v\u00e9d\u0151csomagol\u00e1si megold\u00e1sok biztos\u00edt\u00e1s\u00e1ra szakosodott.<br \/>Sz\u00e9les term\u00e9kk\u00edn\u00e1latunkat minden \u00fcgyf\u00e9l egyedi ig\u00e9nyeihez igaz\u00edtjuk, biztos\u00edtva az \u00e1ruk v\u00e9delm\u00e9t mind a t\u00e1rol\u00e1s, mind a sz\u00e1ll\u00edt\u00e1s sor\u00e1n.<br \/>Magas min\u0151s\u00e9g\u0171 anyagokat \u00e9s korszer\u0171 technol\u00f3gi\u00e1kat alkalmazva garant\u00e1ljuk, hogy minden csomagol\u00e1s optim\u00e1lis v\u00e9delmet, hat\u00e9konys\u00e1got \u00e9s fenntarthat\u00f3s\u00e1got ny\u00fajtson.<\/p><\/div>              \n                            \t\t<div class=\"btn_wrap\"><a class=\"uc_more_btn elementor-animation-bob\" href=\"https:\/\/inatech-shop.ro\/\"  target='_blank'>C\u00c9G WEBOLDALA<\/a><\/div>\n              \n            <\/div>\n        <\/div>\n   <\/div>\n<!-- end Image Card -->\t\t\t\t<\/div>\n\t\t\t\t<\/div>\n\t\t\t\t\t<\/div>\n\t\t\t\t<\/div>\n\t\t\t\t<\/div>\n\t\t<\/div><div class=\"swiper-slide\">\t\t<div data-elementor-type=\"page\" data-elementor-id=\"52456\" class=\"elementor elementor-52456 elementor-51023\" data-elementor-post-type=\"elementor_library\">\n\t\t\t\t<div class=\"elementor-element elementor-element-171ed3f e-flex e-con-boxed e-con e-parent\" data-id=\"171ed3f\" data-element_type=\"container\" data-settings=\"{&quot;jet_parallax_layout_list&quot;:[]}\">\n\t\t\t\t\t<div class=\"e-con-inner\">\n\t\t\t\t<div class=\"elementor-element elementor-element-56e84e2 elementor-invisible elementor-widget elementor-widget-ucaddon_image_card_content_box\" data-id=\"56e84e2\" data-element_type=\"widget\" data-settings=\"{&quot;_animation&quot;:&quot;fadeIn&quot;,&quot;_animation_delay&quot;:500}\" data-widget_type=\"ucaddon_image_card_content_box.default\">\n\t\t\t\t<div class=\"elementor-widget-container\">\n\t\t\t\t\t\n<!-- start Image Card -->\n<style>\/* widget: Image Card *\/\n\n.uc_classic_content *{\n\tbox-sizing: border-box;\n}\n\n#uc_image_card_content_box_elementor_56e84e2 \n{\n\tfont-size:14px;\n\toverflow:hidden;\n\tcolor:#8a8a8a;\n\ttext-align:center;\n\tposition:relative;\n\twidth:100%;\n    box-shadow:rgba(0,0,0,0.10) 0px 5px 20px;\n}\n\n.uc_classic_content .uc_classic_content_content h2\n{\n\tfont-size:21px;\n    color:black;\n}\n\n.uc_classic_content .uc_classic_content_content p\n{\n\tline-height:1.5em;\n}\n\n.uc_classic_content .uc_classic_content_border\n{\n\tdisplay:block;\n    margin: 0 auto;\n}\n\n.uc_classic_content  .uc_classic_content_placeholder img\n{\n\twidth:100%;\n    object-fit:cover;\n}\n\n#uc_image_card_content_box_elementor_56e84e2 .uc_classic_content_content \n{\n display: flex;\n flex-flow: column nowrap;\n}\n#uc_image_card_content_box_elementor_56e84e2 .btn_wrap\n{\n  margin-top:auto;\n}\n#uc_image_card_content_box_elementor_56e84e2 .uc_classic_content_content .uc_more_btn {\n\tdisplay:inline-block;\n\ttext-decoration:none;\n\ttransition: all 0.3s ease;\n    border-style:solid;\n    text-align:center;\n    \n\n}\n\n\n\n\n\n<\/style>\n\n<div class=\"uc_classic_content\" id=\"uc_image_card_content_box_elementor_56e84e2\">\n  <span class=\"uc_classic_content_border\"><\/span>\n    \t<div class=\"uc_classic_content_container_holder\">\n           \n                  \t<div class=\"uc_classic_content_placeholder\">              \n        \t\t<img decoding=\"async\" src=\"https:\/\/inatech-group.com\/wp-content\/uploads\/2025\/03\/Ifoam_Logo_Tabs-2.svg\" alt=\"Ifoam_Logo_Tabs\">              \n            <\/div>\n                      <div class=\"uc_classic_content_content\">\n             <h2 class=\"ue-title\">Egyedi csomagol\u00e1sok gy\u00e1rt\u00f3ja<\/h2>              <div class=\"ue-text\"><p>Az IFOAM AG az INATECH Csoport r\u00e9sze, amely innovat\u00edv, egyedi v\u00e9d\u0151csomagol\u00e1sok gy\u00e1rt\u00e1s\u00e1ra specializ\u00e1l\u00f3dott.<br \/>A v\u00e1llalat technikai habanyagok, m\u0171anyagok \u00e9s karton feldolgoz\u00e1s\u00e1ra szakosodott, \u00e9s hat\u00e9kony, fenntarthat\u00f3 megold\u00e1sokat fejleszt az \u00fcgyfelek egyedi ig\u00e9nyeihez igaz\u00edtva.<br \/>A technol\u00f3giai fejleszt\u00e9sekbe \u00e9s innov\u00e1ci\u00f3ba t\u00f6rt\u00e9n\u0151 folyamatos beruh\u00e1z\u00e1sok r\u00e9v\u00e9n az IFOAM AG garant\u00e1lja az \u00e1ruk optim\u00e1lis v\u00e9delm\u00e9t mind a t\u00e1rol\u00e1s, mind a sz\u00e1ll\u00edt\u00e1s sor\u00e1n, er\u0151s\u00edtve ezzel az INATECH Csoport min\u0151s\u00e9g \u00e9s kiv\u00e1l\u00f3s\u00e1g ir\u00e1nti elk\u00f6telezetts\u00e9g\u00e9t.<\/p><\/div>              \n                            \t\t<div class=\"btn_wrap\"><a class=\"uc_more_btn elementor-animation-bob\" href=\"https:\/\/ifoam.ro\/\" >C\u00c9G WEBOLDALA<\/a><\/div>\n              \n            <\/div>\n        <\/div>\n   <\/div>\n<!-- end Image Card -->\t\t\t\t<\/div>\n\t\t\t\t<\/div>\n\t\t\t\t\t<\/div>\n\t\t\t\t<\/div>\n\t\t\t\t<\/div>\n\t\t<\/div><div class=\"swiper-slide\">\t\t<div data-elementor-type=\"container\" data-elementor-id=\"52460\" class=\"elementor elementor-52460 elementor-51033\" data-elementor-post-type=\"elementor_library\">\n\t\t\t\t<div class=\"elementor-element elementor-element-9b065ce e-con-full e-flex e-con e-parent\" data-id=\"9b065ce\" data-element_type=\"container\" data-settings=\"{&quot;jet_parallax_layout_list&quot;:[]}\">\n\t\t\t\t<div class=\"elementor-element elementor-element-6787e66 elementor-invisible elementor-widget elementor-widget-ucaddon_image_card_content_box\" data-id=\"6787e66\" data-element_type=\"widget\" data-settings=\"{&quot;_animation&quot;:&quot;fadeIn&quot;,&quot;_animation_delay&quot;:1000}\" data-widget_type=\"ucaddon_image_card_content_box.default\">\n\t\t\t\t<div class=\"elementor-widget-container\">\n\t\t\t\t\t\n<!-- start Image Card -->\n<style>\/* widget: Image Card *\/\n\n.uc_classic_content *{\n\tbox-sizing: border-box;\n}\n\n#uc_image_card_content_box_elementor_6787e66 \n{\n\tfont-size:14px;\n\toverflow:hidden;\n\tcolor:#8a8a8a;\n\ttext-align:center;\n\tposition:relative;\n\twidth:100%;\n    box-shadow:rgba(0,0,0,0.10) 0px 5px 20px;\n}\n\n.uc_classic_content .uc_classic_content_content h2\n{\n\tfont-size:21px;\n    color:black;\n}\n\n.uc_classic_content .uc_classic_content_content p\n{\n\tline-height:1.5em;\n}\n\n.uc_classic_content .uc_classic_content_border\n{\n\tdisplay:block;\n    margin: 0 auto;\n}\n\n.uc_classic_content  .uc_classic_content_placeholder img\n{\n\twidth:100%;\n    object-fit:cover;\n}\n\n#uc_image_card_content_box_elementor_6787e66 .uc_classic_content_content \n{\n display: flex;\n flex-flow: column nowrap;\n}\n#uc_image_card_content_box_elementor_6787e66 .btn_wrap\n{\n  margin-top:auto;\n}\n#uc_image_card_content_box_elementor_6787e66 .uc_classic_content_content .uc_more_btn {\n\tdisplay:inline-block;\n\ttext-decoration:none;\n\ttransition: all 0.3s ease;\n    border-style:solid;\n    text-align:center;\n    \n\n}\n\n\n\n\n\n<\/style>\n\n<div class=\"uc_classic_content\" id=\"uc_image_card_content_box_elementor_6787e66\">\n  <span class=\"uc_classic_content_border\"><\/span>\n    \t<div class=\"uc_classic_content_container_holder\">\n           \n                  \t<div class=\"uc_classic_content_placeholder\">              \n        \t\t<img decoding=\"async\" src=\"https:\/\/inatech-group.com\/wp-content\/uploads\/2025\/03\/ISOTeckLine_Logo_Tabs_white-1.svg\" alt=\"ISOTeckLine_Logo_Tabs_white\">              \n            <\/div>\n                      <div class=\"uc_classic_content_content\">\n             <h2 class=\"ue-title\">Professzion\u00e1lis szigetel\u0151anyag-besz\u00e1ll\u00edt\u00f3 az \u00e9p\u00edt\u0151ipar sz\u00e1m\u00e1ra<\/h2>              <div class=\"ue-text\">Az ISOTECK LINE az INATECH Csoport r\u00e9sze, amely professzion\u00e1lis szigetel\u00e9si megold\u00e1sokra specializ\u00e1l\u00f3dott az \u00e9p\u00edt\u0151ipar sz\u00e1m\u00e1ra.\nKiv\u00e1l\u00f3 min\u0151s\u00e9g\u0171 anyagok \u00e9s modern technol\u00f3gi\u00e1k felhaszn\u00e1l\u00e1s\u00e1val az ISOTECK LINE hat\u00e9kony \u00e9s tart\u00f3s term\u00e9keket k\u00edn\u00e1l, amelyek az ipar\u00e1gi k\u00f6vetelm\u00e9nyekhez igazodnak.\nA v\u00e1llalat c\u00e9lja az energiahat\u00e9konys\u00e1g n\u00f6vel\u00e9se \u00e9s a k\u00f6rnyezeti hat\u00e1sok cs\u00f6kkent\u00e9se, ezzel t\u00e1mogatva a fenntarthat\u00f3 fejl\u0151d\u00e9st az \u00e9p\u00edt\u0151iparban.<\/div>              \n                            \t\t<div class=\"btn_wrap\"><a class=\"uc_more_btn elementor-animation-float\" href=\"https:\/\/isoteckline.com\/\" >C\u00c9G WEBOLDALA<\/a><\/div>\n              \n            <\/div>\n        <\/div>\n   <\/div>\n<!-- end Image Card -->\t\t\t\t<\/div>\n\t\t\t\t<\/div>\n\t\t\t\t<\/div>\n\t\t\t\t<\/div>\n\t\t<\/div><\/div>\n                  <div class=\"swiper-button-next\"><\/div>\n                  <div class=\"swiper-button-prev\"><\/div>\n                <\/div>\t\t\t\t<\/div>\n\t\t\t\t<\/div>\n\t\t\t\t\t<\/div>\n\t\t\t\t<\/div>\n\t\t<div class=\"elementor-element elementor-element-6cd38fd e-con-full e-flex e-con e-parent\" data-id=\"6cd38fd\" data-element_type=\"container\" id=\"inatech_pre_footer\" data-settings=\"{&quot;jet_parallax_layout_list&quot;:[]}\">\n\t\t\t\t<\/div>\n\t\t\t\t<\/div>\n\t\t","protected":false},"excerpt":{"rendered":"<p>Egy dinamikusan fejl\u0151d\u0151 professzion\u00e1lis csoport Az Inatech Csoport egyre er\u0151teljesebben van jelen az eur\u00f3pai piacon, k\u00e9t disztrib\u00faci\u00f3s k\u00f6zpontot m\u0171k\u00f6dtet, \u00e9s h\u00e1rom orsz\u00e1gban folytat tev\u00e9kenys\u00e9get. A csoport dinamikus diverzifik\u00e1ci\u00f3s strat\u00e9gi\u00e1t k\u00f6vet, folyamatosan b\u0151v\u00edtve term\u00e9k- \u00e9s szolg\u00e1ltat\u00e1sk\u00edn\u00e1lat\u00e1t annak \u00e9rdek\u00e9ben, hogy \u00e1tfog\u00f3 \u00fczleti partnerr\u00e9 v\u00e1ljon. teljes k\u00f6r\u0171 csomagol\u00e1si szolg\u00e1ltat\u00f3 Az INATECH PACKAGING az INATECH Csoport specializ\u00e1lt div\u00edzi\u00f3ja, amely&#8230;<\/p>\n","protected":false},"author":2,"featured_media":0,"parent":0,"menu_order":0,"comment_status":"closed","ping_status":"closed","template":"","meta":{"footnotes":""},"class_list":["post-51500","page","type-page","status-publish","hentry"],"_links":{"self":[{"href":"https:\/\/inatech-group.com\/hu\/wp-json\/wp\/v2\/pages\/51500","targetHints":{"allow":["GET"]}}],"collection":[{"href":"https:\/\/inatech-group.com\/hu\/wp-json\/wp\/v2\/pages"}],"about":[{"href":"https:\/\/inatech-group.com\/hu\/wp-json\/wp\/v2\/types\/page"}],"author":[{"embeddable":true,"href":"https:\/\/inatech-group.com\/hu\/wp-json\/wp\/v2\/users\/2"}],"replies":[{"embeddable":true,"href":"https:\/\/inatech-group.com\/hu\/wp-json\/wp\/v2\/comments?post=51500"}],"version-history":[{"count":0,"href":"https:\/\/inatech-group.com\/hu\/wp-json\/wp\/v2\/pages\/51500\/revisions"}],"wp:attachment":[{"href":"https:\/\/inatech-group.com\/hu\/wp-json\/wp\/v2\/media?parent=51500"}],"curies":[{"name":"wp","href":"https:\/\/api.w.org\/{rel}","templated":true}]}}