{"id":51514,"date":"2025-01-29T01:04:19","date_gmt":"2025-01-29T01:04:19","guid":{"rendered":"https:\/\/inatech-group.com\/inatech-group-team\/"},"modified":"2026-01-26T08:18:45","modified_gmt":"2026-01-26T08:18:45","slug":"%d0%bd%d0%b0%d1%88%d0%b8%d1%8f%d1%82-%d0%b5%d0%ba%d0%b8%d0%bf","status":"publish","type":"page","link":"https:\/\/inatech-group.com\/bg\/%d0%bd%d0%b0%d1%88%d0%b8%d1%8f%d1%82-%d0%b5%d0%ba%d0%b8%d0%bf\/","title":{"rendered":"\u041d\u0410\u0428\u0418\u042f\u0422 \u0415\u041a\u0418\u041f"},"content":{"rendered":"\t\t<div data-elementor-type=\"wp-page\" data-elementor-id=\"51514\" class=\"elementor elementor-51514 elementor-44104\" data-elementor-post-type=\"page\">\n\t\t\t\t<div class=\"elementor-element elementor-element-2725a86 e-flex e-con-boxed e-con e-parent\" data-id=\"2725a86\" data-element_type=\"container\" data-settings=\"{&quot;jet_parallax_layout_list&quot;:[]}\">\n\t\t\t\t\t<div class=\"e-con-inner\">\n\t\t\t\t<div class=\"elementor-element elementor-element-55f2210 elementor-widget elementor-widget-heading\" data-id=\"55f2210\" data-element_type=\"widget\" data-widget_type=\"heading.default\">\n\t\t\t\t\t<h2 class=\"elementor-heading-title elementor-size-default\">\u0421\u044a\u0432\u0435\u0442 \u043d\u0430 \u0434\u0438\u0440\u0435\u043a\u0442\u043e\u0440\u0438\u0442\u0435 \u2013 INATECH GROUP<\/h2>\t\t\t\t<\/div>\n\t\t\t\t\t<\/div>\n\t\t\t\t<\/div>\n\t\t<div class=\"elementor-element elementor-element-72f9ac0 e-flex e-con-boxed e-con e-parent\" data-id=\"72f9ac0\" data-element_type=\"container\" data-settings=\"{&quot;jet_parallax_layout_list&quot;:[]}\">\n\t\t\t\t\t<div class=\"e-con-inner\">\n\t\t\t\t<div class=\"elementor-element elementor-element-def7148 elementor-widget elementor-widget-text-editor\" data-id=\"def7148\" data-element_type=\"widget\" data-widget_type=\"text-editor.default\">\n\t\t\t\t\t\t\t\t\t\u0418\u0437\u043f\u044a\u043b\u043d\u0438\u0442\u0435\u043b\u043d\u0438\u044f\u0442 \u0435\u043a\u0438\u043f \u043d\u0430 INATECH Group \u043e\u0431\u0435\u0434\u0438\u043d\u044f\u0432\u0430 \u043b\u0438\u0434\u0435\u0440\u0438 \u0441 \u043e\u0431\u0449\u0430 \u0432\u0438\u0437\u0438\u044f: \u0443\u0441\u0442\u043e\u0439\u0447\u0438\u0432\u043e \u0440\u0430\u0437\u0432\u0438\u0442\u0438\u0435, \u0438\u043d\u043e\u0432\u0430\u0446\u0438\u0438 \u0438 \u043e\u043f\u0435\u0440\u0430\u0442\u0438\u0432\u043d\u043e \u0441\u044a\u0432\u044a\u0440\u0448\u0435\u043d\u0441\u0442\u0432\u043e.\n\u0427\u0440\u0435\u0437 \u0432\u0437\u0435\u0442\u0438\u0442\u0435 \u0440\u0435\u0448\u0435\u043d\u0438\u044f \u0438 \u043e\u043f\u0440\u0435\u0434\u0435\u043b\u0435\u043d\u0438\u0442\u0435 \u0441\u0442\u0440\u0430\u0442\u0435\u0433\u0438\u0447\u0435\u0441\u043a\u0438 \u043d\u0430\u0441\u043e\u043a\u0438 \u0442\u0435 \u043a\u043e\u043e\u0440\u0434\u0438\u043d\u0438\u0440\u0430\u0442 \u0434\u0435\u0439\u043d\u043e\u0441\u0442\u0442\u0430 \u043d\u0430 \u0432\u0441\u0438\u0447\u043a\u0438 \u0434\u0438\u0432\u0438\u0437\u0438\u0438 \u043d\u0430 \u0433\u0440\u0443\u043f\u0430\u0442\u0430, \u0443\u043a\u0440\u0435\u043f\u0432\u0430\u0439\u043a\u0438 \u043f\u043e\u0437\u0438\u0446\u0438\u044f\u0442\u0430 \u043d\u0430 INATECH \u043a\u0430\u0442\u043e \u043d\u0430\u0434\u0435\u0436\u0434\u0435\u043d \u043f\u0430\u0440\u0442\u043d\u044c\u043e\u0440 \u0432 \u043e\u0431\u043b\u0430\u0441\u0442\u0442\u0430 \u043d\u0430 \u043e\u043f\u0430\u043a\u043e\u0432\u044a\u0447\u043d\u0430\u0442\u0430 \u0438\u043d\u0434\u0443\u0441\u0442\u0440\u0438\u044f, \u0438\u043d\u0442\u0435\u0433\u0440\u0438\u0440\u0430\u043d\u0438\u0442\u0435 \u0438\u043d\u0434\u0443\u0441\u0442\u0440\u0438\u0430\u043b\u043d\u0438 \u0440\u0435\u0448\u0435\u043d\u0438\u044f \u0438 \u043f\u0440\u043e\u0444\u0435\u0441\u0438\u043e\u043d\u0430\u043b\u043d\u0438\u0442\u0435 \u0438\u0437\u043e\u043b\u0430\u0446\u0438\u043e\u043d\u043d\u0438 \u043c\u0430\u0442\u0435\u0440\u0438\u0430\u043b\u0438, \u0438\u0437\u043f\u043e\u043b\u0437\u0432\u0430\u043d\u0438 \u0432 \u0441\u0442\u0440\u043e\u0438\u0442\u0435\u043b\u0441\u0442\u0432\u043e\u0442\u043e. \t\t\t\t\t\t\t\t<\/div>\n\t\t\t\t\t<\/div>\n\t\t\t\t<\/div>\n\t\t<div class=\"elementor-element elementor-element-afd6d85 e-flex e-con-boxed e-con e-parent\" data-id=\"afd6d85\" data-element_type=\"container\" data-settings=\"{&quot;jet_parallax_layout_list&quot;:[]}\">\n\t\t\t\t\t<div class=\"e-con-inner\">\n\t\t\t\t<div class=\"elementor-element elementor-element-4636716 elementor-widget elementor-widget-rsteam\" data-id=\"4636716\" data-element_type=\"widget\" data-widget_type=\"rsteam.default\">\n\t\t\t\t<div class=\"elementor-widget-container\">\n\t\t\t\t\t<div class=\"rs-team-grid rs-team team-grid-style1 popup rsaddon_pro_box\">\r\n\t<div class=\"row\">\r\n\t\t \t\r\n\t\t\t\t\t\r\n\t\t\t\t<div class=\"col-lg-3 col-md-6 col-xs-1\">\r\n\t\t\t\t\t<div class=\"team-item\">\r\n\t\t\t\t\t\t<div class=\"team-inner-wrap\">\r\n\t\t\t\t\t\t\t<div class=\"image-wrap\">\r\n\t\t\t\t\t\t\t\t\r\n\r\n\t\t\t\t\t\t\t\t\t\t\t\t\t\t\t  \t\t<a class=\"pointer-events\"  data-effect=\"mfp-zoom-in\">\r\n\t\t\t\t\t\t\t    \t\t\t\t\t\t\t    \r\n\t\t\t\t\t\t\t\t\t<img fetchpriority=\"high\" decoding=\"async\" width=\"640\" height=\"640\" src=\"https:\/\/inatech-group.com\/wp-content\/uploads\/2025\/02\/Badescu-George-Cristian-960-x-960-px.jpg\" class=\"attachment-large size-large wp-post-image\" alt=\"\" srcset=\"https:\/\/inatech-group.com\/wp-content\/uploads\/2025\/02\/Badescu-George-Cristian-960-x-960-px.jpg 800w, https:\/\/inatech-group.com\/wp-content\/uploads\/2025\/02\/Badescu-George-Cristian-960-x-960-px-300x300.jpg 300w, https:\/\/inatech-group.com\/wp-content\/uploads\/2025\/02\/Badescu-George-Cristian-960-x-960-px-150x150.jpg 150w, https:\/\/inatech-group.com\/wp-content\/uploads\/2025\/02\/Badescu-George-Cristian-960-x-960-px-768x768.jpg 768w, https:\/\/inatech-group.com\/wp-content\/uploads\/2025\/02\/Badescu-George-Cristian-960-x-960-px-500x500.jpg 500w\" sizes=\"(max-width: 640px) 100vw, 640px\" \/>\t\t\t\t\t\t\t\t<\/a>\r\n\t\t\t\t\t\t\t\t\t\t\t\t\t\t\t\t\t<div class=\"social-icons1 f\">\r\n\t\t\t\t\t\t\t\t\t\t<a href=\"https:\/\/www.linkedin.com\/in\/cristian-george-badescu\/\" class=\"social-icon\"><i class=\"fab fa-linkedin-in\"><\/i><\/a>\t\t\t\t\t\t\t        <\/div>\r\n\t\t\t\t\t\t\t        \r\n\t\t\t\t\t\t\t<\/div>\t\r\n\t\t\t\t\t\t\t<div class=\"team-content\">\r\n\t\t\t\t\t\t\t  <h3 class=\"team-name\">\r\n\t\t\t\t\t\t\t  \t\t\t\t\t\t\t\t  \t\t<a class=\"pointer-events\"  data-effect=\"mfp-zoom-in\">\r\n\t\t\t\t\t\t\t    \r\n\t\t\t\t\t\t\t  \tCristian Badescu<\/a><\/h3>\r\n\t\t\t\t\t\t\t  <span class=\"team-title\">\u0413\u043b\u0430\u0432\u0435\u043d \u0438\u0437\u043f\u044a\u043b\u043d\u0438\u0442\u0435\u043b\u0435\u043d \u0434\u0438\u0440\u0435\u043a\u0442\u043e\u0440<\/span>\r\n\t\t\t\t\t\t\t<\/div>\t\t\t\t\t\r\n\t\t\t\t  \t\t<\/div>\r\n\t\t\t  \t\t<\/div>\r\n\t\t\t\t<\/div>\r\n\r\n\t\t\t\t<!-- Hidden PupupBox Text -->\r\n\r\n\t\t\t\t\r\n\t\t\t\r\n\t\t\t\t\t\r\n\t\t\t\t<div class=\"col-lg-3 col-md-6 col-xs-1\">\r\n\t\t\t\t\t<div class=\"team-item\">\r\n\t\t\t\t\t\t<div class=\"team-inner-wrap\">\r\n\t\t\t\t\t\t\t<div class=\"image-wrap\">\r\n\t\t\t\t\t\t\t\t\r\n\r\n\t\t\t\t\t\t\t\t\t\t\t\t\t\t\t  \t\t<a class=\"pointer-events\"  data-effect=\"mfp-zoom-in\">\r\n\t\t\t\t\t\t\t    \t\t\t\t\t\t\t    \r\n\t\t\t\t\t\t\t\t\t<img decoding=\"async\" width=\"640\" height=\"640\" src=\"https:\/\/inatech-group.com\/wp-content\/uploads\/2025\/01\/Andrei_Rusu.webp\" class=\"attachment-large size-large wp-post-image\" alt=\"Andrei RUSU - Business Manager INATECH GROUP\" srcset=\"https:\/\/inatech-group.com\/wp-content\/uploads\/2025\/01\/Andrei_Rusu.webp 1000w, https:\/\/inatech-group.com\/wp-content\/uploads\/2025\/01\/Andrei_Rusu-300x300.webp 300w, https:\/\/inatech-group.com\/wp-content\/uploads\/2025\/01\/Andrei_Rusu-150x150.webp 150w, https:\/\/inatech-group.com\/wp-content\/uploads\/2025\/01\/Andrei_Rusu-768x768.webp 768w, https:\/\/inatech-group.com\/wp-content\/uploads\/2025\/01\/Andrei_Rusu-500x500.webp 500w, https:\/\/inatech-group.com\/wp-content\/uploads\/2025\/01\/Andrei_Rusu-700x700.webp 700w\" sizes=\"(max-width: 640px) 100vw, 640px\" \/>\t\t\t\t\t\t\t\t<\/a>\r\n\t\t\t\t\t\t\t\t\t\t\t\t\t\t\t\t\t<div class=\"social-icons1 f\">\r\n\t\t\t\t\t\t\t\t\t\t<a href=\"https:\/\/www.linkedin.com\/in\/andrei-rusu-0a797051\/\" class=\"social-icon\"><i class=\"fab fa-linkedin-in\"><\/i><\/a>\t\t\t\t\t\t\t        <\/div>\r\n\t\t\t\t\t\t\t        \r\n\t\t\t\t\t\t\t<\/div>\t\r\n\t\t\t\t\t\t\t<div class=\"team-content\">\r\n\t\t\t\t\t\t\t  <h3 class=\"team-name\">\r\n\t\t\t\t\t\t\t  \t\t\t\t\t\t\t\t  \t\t<a class=\"pointer-events\"  data-effect=\"mfp-zoom-in\">\r\n\t\t\t\t\t\t\t    \r\n\t\t\t\t\t\t\t  \tAndrei Rusu<\/a><\/h3>\r\n\t\t\t\t\t\t\t  <span class=\"team-title\">\u0413\u043b\u0430\u0432\u0435\u043d \u043e\u043f\u0435\u0440\u0430\u0442\u0438\u0432\u0435\u043d \u0434\u0438\u0440\u0435\u043a\u0442\u043e\u0440<\/span>\r\n\t\t\t\t\t\t\t<\/div>\t\t\t\t\t\r\n\t\t\t\t  \t\t<\/div>\r\n\t\t\t  \t\t<\/div>\r\n\t\t\t\t<\/div>\r\n\r\n\t\t\t\t<!-- Hidden PupupBox Text -->\r\n\r\n\t\t\t\t\r\n\t\t\t\r\n\t\t\t\t\t\r\n\t\t\t\t<div class=\"col-lg-3 col-md-6 col-xs-1\">\r\n\t\t\t\t\t<div class=\"team-item\">\r\n\t\t\t\t\t\t<div class=\"team-inner-wrap\">\r\n\t\t\t\t\t\t\t<div class=\"image-wrap\">\r\n\t\t\t\t\t\t\t\t\r\n\r\n\t\t\t\t\t\t\t\t\t\t\t\t\t\t\t  \t\t<a class=\"pointer-events\"  data-effect=\"mfp-zoom-in\">\r\n\t\t\t\t\t\t\t    \t\t\t\t\t\t\t    \r\n\t\t\t\t\t\t\t\t\t<img decoding=\"async\" width=\"640\" height=\"640\" src=\"https:\/\/inatech-group.com\/wp-content\/uploads\/2025\/01\/Simona_Bucur.webp\" class=\"attachment-large size-large wp-post-image\" alt=\"Simona BUCUR - CFO INATECH GROUP\" srcset=\"https:\/\/inatech-group.com\/wp-content\/uploads\/2025\/01\/Simona_Bucur.webp 1000w, https:\/\/inatech-group.com\/wp-content\/uploads\/2025\/01\/Simona_Bucur-300x300.webp 300w, https:\/\/inatech-group.com\/wp-content\/uploads\/2025\/01\/Simona_Bucur-150x150.webp 150w, https:\/\/inatech-group.com\/wp-content\/uploads\/2025\/01\/Simona_Bucur-768x768.webp 768w, https:\/\/inatech-group.com\/wp-content\/uploads\/2025\/01\/Simona_Bucur-500x500.webp 500w, https:\/\/inatech-group.com\/wp-content\/uploads\/2025\/01\/Simona_Bucur-700x700.webp 700w\" sizes=\"(max-width: 640px) 100vw, 640px\" \/>\t\t\t\t\t\t\t\t<\/a>\r\n\t\t\t\t\t\t\t\t\t\t\t\t\t\t\t\t\t<div class=\"social-icons1 f\">\r\n\t\t\t\t\t\t\t\t\t\t<a href=\"https:\/\/www.linkedin.com\/in\/simona-b-a08873216\/\" class=\"social-icon\"><i class=\"fab fa-linkedin-in\"><\/i><\/a>\t\t\t\t\t\t\t        <\/div>\r\n\t\t\t\t\t\t\t        \r\n\t\t\t\t\t\t\t<\/div>\t\r\n\t\t\t\t\t\t\t<div class=\"team-content\">\r\n\t\t\t\t\t\t\t  <h3 class=\"team-name\">\r\n\t\t\t\t\t\t\t  \t\t\t\t\t\t\t\t  \t\t<a class=\"pointer-events\"  data-effect=\"mfp-zoom-in\">\r\n\t\t\t\t\t\t\t    \r\n\t\t\t\t\t\t\t  \tSIMONA BUCUR<\/a><\/h3>\r\n\t\t\t\t\t\t\t  <span class=\"team-title\">\u0413\u043b\u0430\u0432\u0435\u043d \u0444\u0438\u043d\u0430\u043d\u0441\u043e\u0432 \u0434\u0438\u0440\u0435\u043a\u0442\u043e\u0440<\/span>\r\n\t\t\t\t\t\t\t<\/div>\t\t\t\t\t\r\n\t\t\t\t  \t\t<\/div>\r\n\t\t\t  \t\t<\/div>\r\n\t\t\t\t<\/div>\r\n\r\n\t\t\t\t<!-- Hidden PupupBox Text -->\r\n\r\n\t\t\t\t\r\n\t\t\t\r\n\t\t\t\t\t\r\n\t\t\t\t<div class=\"col-lg-3 col-md-6 col-xs-1\">\r\n\t\t\t\t\t<div class=\"team-item\">\r\n\t\t\t\t\t\t<div class=\"team-inner-wrap\">\r\n\t\t\t\t\t\t\t<div class=\"image-wrap\">\r\n\t\t\t\t\t\t\t\t\r\n\r\n\t\t\t\t\t\t\t\t\t\t\t\t\t\t\t  \t\t<a class=\"pointer-events\"  data-effect=\"mfp-zoom-in\">\r\n\t\t\t\t\t\t\t    \t\t\t\t\t\t\t    \r\n\t\t\t\t\t\t\t\t\t<img loading=\"lazy\" decoding=\"async\" width=\"640\" height=\"640\" src=\"https:\/\/inatech-group.com\/wp-content\/uploads\/2025\/01\/Doina-CRISTESCU.png\" class=\"attachment-large size-large wp-post-image\" alt=\"Doina CRISTESCU\" srcset=\"https:\/\/inatech-group.com\/wp-content\/uploads\/2025\/01\/Doina-CRISTESCU.png 1000w, https:\/\/inatech-group.com\/wp-content\/uploads\/2025\/01\/Doina-CRISTESCU-300x300.png 300w, https:\/\/inatech-group.com\/wp-content\/uploads\/2025\/01\/Doina-CRISTESCU-150x150.png 150w, https:\/\/inatech-group.com\/wp-content\/uploads\/2025\/01\/Doina-CRISTESCU-768x768.png 768w, https:\/\/inatech-group.com\/wp-content\/uploads\/2025\/01\/Doina-CRISTESCU-500x500.png 500w, https:\/\/inatech-group.com\/wp-content\/uploads\/2025\/01\/Doina-CRISTESCU-700x700.png 700w\" sizes=\"(max-width: 640px) 100vw, 640px\" \/>\t\t\t\t\t\t\t\t<\/a>\r\n\t\t\t\t\t\t\t\t\t\t\t\t\t\t\t\t\t<div class=\"social-icons1 f\">\r\n\t\t\t\t\t\t\t\t\t\t<a href=\"https:\/\/www.linkedin.com\/in\/doina-cristescu-02234b20b\" class=\"social-icon\"><i class=\"fab fa-linkedin-in\"><\/i><\/a>\t\t\t\t\t\t\t        <\/div>\r\n\t\t\t\t\t\t\t        \r\n\t\t\t\t\t\t\t<\/div>\t\r\n\t\t\t\t\t\t\t<div class=\"team-content\">\r\n\t\t\t\t\t\t\t  <h3 class=\"team-name\">\r\n\t\t\t\t\t\t\t  \t\t\t\t\t\t\t\t  \t\t<a class=\"pointer-events\"  data-effect=\"mfp-zoom-in\">\r\n\t\t\t\t\t\t\t    \r\n\t\t\t\t\t\t\t  \tDoina Cristescu<\/a><\/h3>\r\n\t\t\t\t\t\t\t  <span class=\"team-title\">\u041c\u0435\u043d\u0438\u0434\u0436\u044a\u0440 \u201e\u0421\u0447\u0435\u0442\u043e\u0432\u043e\u0434\u043d\u0438 \u043e\u043f\u0435\u0440\u0430\u0446\u0438\u0438\u201c<\/span>\r\n\t\t\t\t\t\t\t<\/div>\t\t\t\t\t\r\n\t\t\t\t  \t\t<\/div>\r\n\t\t\t  \t\t<\/div>\r\n\t\t\t\t<\/div>\r\n\r\n\t\t\t\t<!-- Hidden PupupBox Text -->\r\n\r\n\t\t\t\t\r\n\t\t\t\r\n\t\t\t\t\t\r\n\t\t\t\t<div class=\"col-lg-3 col-md-6 col-xs-1\">\r\n\t\t\t\t\t<div class=\"team-item\">\r\n\t\t\t\t\t\t<div class=\"team-inner-wrap\">\r\n\t\t\t\t\t\t\t<div class=\"image-wrap\">\r\n\t\t\t\t\t\t\t\t\r\n\r\n\t\t\t\t\t\t\t\t\t\t\t\t\t\t\t  \t\t<a class=\"pointer-events\"  data-effect=\"mfp-zoom-in\">\r\n\t\t\t\t\t\t\t    \t\t\t\t\t\t\t    \r\n\t\t\t\t\t\t\t\t\t<img loading=\"lazy\" decoding=\"async\" width=\"640\" height=\"640\" src=\"https:\/\/inatech-group.com\/wp-content\/uploads\/2025\/01\/Victor-POP-1000x1000-px-150-dpi-fundal-alb-webp.webp\" class=\"attachment-large size-large wp-post-image\" alt=\"\" srcset=\"https:\/\/inatech-group.com\/wp-content\/uploads\/2025\/01\/Victor-POP-1000x1000-px-150-dpi-fundal-alb-webp.webp 1000w, https:\/\/inatech-group.com\/wp-content\/uploads\/2025\/01\/Victor-POP-1000x1000-px-150-dpi-fundal-alb-webp-300x300.webp 300w, https:\/\/inatech-group.com\/wp-content\/uploads\/2025\/01\/Victor-POP-1000x1000-px-150-dpi-fundal-alb-webp-150x150.webp 150w, https:\/\/inatech-group.com\/wp-content\/uploads\/2025\/01\/Victor-POP-1000x1000-px-150-dpi-fundal-alb-webp-768x768.webp 768w, https:\/\/inatech-group.com\/wp-content\/uploads\/2025\/01\/Victor-POP-1000x1000-px-150-dpi-fundal-alb-webp-500x500.webp 500w\" sizes=\"(max-width: 640px) 100vw, 640px\" \/>\t\t\t\t\t\t\t\t<\/a>\r\n\t\t\t\t\t\t\t\t\t\t\t\t\t\t\t\t\t<div class=\"social-icons1 f\">\r\n\t\t\t\t\t\t\t\t\t\t<a href=\"https:\/\/ro.linkedin.com\/in\/victor-pop-ulma-packaging\" class=\"social-icon\"><i class=\"fab fa-linkedin-in\"><\/i><\/a>\t\t\t\t\t\t\t        <\/div>\r\n\t\t\t\t\t\t\t        \r\n\t\t\t\t\t\t\t<\/div>\t\r\n\t\t\t\t\t\t\t<div class=\"team-content\">\r\n\t\t\t\t\t\t\t  <h3 class=\"team-name\">\r\n\t\t\t\t\t\t\t  \t\t\t\t\t\t\t\t  \t\t<a class=\"pointer-events\"  data-effect=\"mfp-zoom-in\">\r\n\t\t\t\t\t\t\t    \r\n\t\t\t\t\t\t\t  \tVictor POP<\/a><\/h3>\r\n\t\t\t\t\t\t\t  <span class=\"team-title\">\u0422\u044a\u0440\u0433\u043e\u0432\u0441\u043a\u0438 \u0414\u0438\u0440\u0435\u043a\u0442\u043e\u0440<\/span>\r\n\t\t\t\t\t\t\t<\/div>\t\t\t\t\t\r\n\t\t\t\t  \t\t<\/div>\r\n\t\t\t  \t\t<\/div>\r\n\t\t\t\t<\/div>\r\n\r\n\t\t\t\t<!-- Hidden PupupBox Text -->\r\n\r\n\t\t\t\t\r\n\t\t\t\r\n\t\t\t\t\t\r\n\t\t\t\t<div class=\"col-lg-3 col-md-6 col-xs-1\">\r\n\t\t\t\t\t<div class=\"team-item\">\r\n\t\t\t\t\t\t<div class=\"team-inner-wrap\">\r\n\t\t\t\t\t\t\t<div class=\"image-wrap\">\r\n\t\t\t\t\t\t\t\t\r\n\r\n\t\t\t\t\t\t\t\t\t\t\t\t\t\t\t  \t\t<a class=\"pointer-events\"  data-effect=\"mfp-zoom-in\">\r\n\t\t\t\t\t\t\t    \t\t\t\t\t\t\t    \r\n\t\t\t\t\t\t\t\t\t<img loading=\"lazy\" decoding=\"async\" width=\"640\" height=\"640\" src=\"https:\/\/inatech-group.com\/wp-content\/uploads\/2025\/01\/Daniel_Vaum.webp\" class=\"attachment-large size-large wp-post-image\" alt=\"Daniel VAUM - Purchasing Manager INATECH GROUP\" srcset=\"https:\/\/inatech-group.com\/wp-content\/uploads\/2025\/01\/Daniel_Vaum.webp 1000w, https:\/\/inatech-group.com\/wp-content\/uploads\/2025\/01\/Daniel_Vaum-300x300.webp 300w, https:\/\/inatech-group.com\/wp-content\/uploads\/2025\/01\/Daniel_Vaum-150x150.webp 150w, https:\/\/inatech-group.com\/wp-content\/uploads\/2025\/01\/Daniel_Vaum-768x768.webp 768w, https:\/\/inatech-group.com\/wp-content\/uploads\/2025\/01\/Daniel_Vaum-500x500.webp 500w, https:\/\/inatech-group.com\/wp-content\/uploads\/2025\/01\/Daniel_Vaum-700x700.webp 700w\" sizes=\"(max-width: 640px) 100vw, 640px\" \/>\t\t\t\t\t\t\t\t<\/a>\r\n\t\t\t\t\t\t\t\t\t\t\t\t\t\t\t\t\t<div class=\"social-icons1 f\">\r\n\t\t\t\t\t\t\t\t\t\t<a href=\"https:\/\/www.linkedin.com\/in\/daniel-vaum-04a9b072\/\" class=\"social-icon\"><i class=\"fab fa-linkedin-in\"><\/i><\/a>\t\t\t\t\t\t\t        <\/div>\r\n\t\t\t\t\t\t\t        \r\n\t\t\t\t\t\t\t<\/div>\t\r\n\t\t\t\t\t\t\t<div class=\"team-content\">\r\n\t\t\t\t\t\t\t  <h3 class=\"team-name\">\r\n\t\t\t\t\t\t\t  \t\t\t\t\t\t\t\t  \t\t<a class=\"pointer-events\"  data-effect=\"mfp-zoom-in\">\r\n\t\t\t\t\t\t\t    \r\n\t\t\t\t\t\t\t  \tDaniel Vaum<\/a><\/h3>\r\n\t\t\t\t\t\t\t  <span class=\"team-title\">\u041c\u0435\u043d\u0438\u0434\u0436\u044a\u0440 \u043f\u043e\u043a\u0443\u043f\u043a\u0438 (\u0437\u0430\u043a\u0443\u043f\u0443\u0432\u0430\u043d\u0435)<\/span>\r\n\t\t\t\t\t\t\t<\/div>\t\t\t\t\t\r\n\t\t\t\t  \t\t<\/div>\r\n\t\t\t  \t\t<\/div>\r\n\t\t\t\t<\/div>\r\n\r\n\t\t\t\t<!-- Hidden PupupBox Text -->\r\n\r\n\t\t\t\t\r\n\t\t\t\r\n\t\t\t\t\t\r\n\t\t\t\t<div class=\"col-lg-3 col-md-6 col-xs-1\">\r\n\t\t\t\t\t<div class=\"team-item\">\r\n\t\t\t\t\t\t<div class=\"team-inner-wrap\">\r\n\t\t\t\t\t\t\t<div class=\"image-wrap\">\r\n\t\t\t\t\t\t\t\t\r\n\r\n\t\t\t\t\t\t\t\t\t\t\t\t\t\t\t  \t\t<a class=\"pointer-events\"  data-effect=\"mfp-zoom-in\">\r\n\t\t\t\t\t\t\t    \t\t\t\t\t\t\t    \r\n\t\t\t\t\t\t\t\t\t<img loading=\"lazy\" decoding=\"async\" width=\"640\" height=\"640\" src=\"https:\/\/inatech-group.com\/wp-content\/uploads\/2025\/01\/Alexandru-DRAGOMIRESCU-echipa-Inatech-1000x1000-px-150-fundal-alb.jpg\" class=\"attachment-large size-large wp-post-image\" alt=\"\" srcset=\"https:\/\/inatech-group.com\/wp-content\/uploads\/2025\/01\/Alexandru-DRAGOMIRESCU-echipa-Inatech-1000x1000-px-150-fundal-alb.jpg 1000w, https:\/\/inatech-group.com\/wp-content\/uploads\/2025\/01\/Alexandru-DRAGOMIRESCU-echipa-Inatech-1000x1000-px-150-fundal-alb-300x300.jpg 300w, https:\/\/inatech-group.com\/wp-content\/uploads\/2025\/01\/Alexandru-DRAGOMIRESCU-echipa-Inatech-1000x1000-px-150-fundal-alb-150x150.jpg 150w, https:\/\/inatech-group.com\/wp-content\/uploads\/2025\/01\/Alexandru-DRAGOMIRESCU-echipa-Inatech-1000x1000-px-150-fundal-alb-768x768.jpg 768w, https:\/\/inatech-group.com\/wp-content\/uploads\/2025\/01\/Alexandru-DRAGOMIRESCU-echipa-Inatech-1000x1000-px-150-fundal-alb-500x500.jpg 500w\" sizes=\"(max-width: 640px) 100vw, 640px\" \/>\t\t\t\t\t\t\t\t<\/a>\r\n\t\t\t\t\t\t\t\t\t\t\t\t\t\t\t\t\t<div class=\"social-icons1 f\">\r\n\t\t\t\t\t\t\t\t\t\t<a href=\"https:\/\/linkedin.com\/in\/alexandru-dragomirescu-112b95145\" class=\"social-icon\"><i class=\"fab fa-linkedin-in\"><\/i><\/a>\t\t\t\t\t\t\t        <\/div>\r\n\t\t\t\t\t\t\t        \r\n\t\t\t\t\t\t\t<\/div>\t\r\n\t\t\t\t\t\t\t<div class=\"team-content\">\r\n\t\t\t\t\t\t\t  <h3 class=\"team-name\">\r\n\t\t\t\t\t\t\t  \t\t\t\t\t\t\t\t  \t\t<a class=\"pointer-events\"  data-effect=\"mfp-zoom-in\">\r\n\t\t\t\t\t\t\t    \r\n\t\t\t\t\t\t\t  \tALEXANDRU DRAGOMIRESCU<\/a><\/h3>\r\n\t\t\t\t\t\t\t  <span class=\"team-title\">\u041c\u0435\u043d\u0438\u0434\u0436\u044a\u0440 \u043b\u043e\u0433\u0438\u0441\u0442\u0438\u043a\u0430<\/span>\r\n\t\t\t\t\t\t\t<\/div>\t\t\t\t\t\r\n\t\t\t\t  \t\t<\/div>\r\n\t\t\t  \t\t<\/div>\r\n\t\t\t\t<\/div>\r\n\r\n\t\t\t\t<!-- Hidden PupupBox Text -->\r\n\r\n\t\t\t\t\r\n\t\t\t\r\n\t\t\t\t\t\r\n\t\t\t\t<div class=\"col-lg-3 col-md-6 col-xs-1\">\r\n\t\t\t\t\t<div class=\"team-item\">\r\n\t\t\t\t\t\t<div class=\"team-inner-wrap\">\r\n\t\t\t\t\t\t\t<div class=\"image-wrap\">\r\n\t\t\t\t\t\t\t\t\r\n\r\n\t\t\t\t\t\t\t\t\t\t\t\t\t\t\t  \t\t<a class=\"pointer-events\"  data-effect=\"mfp-zoom-in\">\r\n\t\t\t\t\t\t\t    \t\t\t\t\t\t\t    \r\n\t\t\t\t\t\t\t\t\t<img loading=\"lazy\" decoding=\"async\" width=\"640\" height=\"640\" src=\"https:\/\/inatech-group.com\/wp-content\/uploads\/2025\/01\/Madalina_Geamanu.webp\" class=\"attachment-large size-large wp-post-image\" alt=\"Madalina GEAMANU - Marketing Manager INATECH GROUP\" srcset=\"https:\/\/inatech-group.com\/wp-content\/uploads\/2025\/01\/Madalina_Geamanu.webp 1000w, https:\/\/inatech-group.com\/wp-content\/uploads\/2025\/01\/Madalina_Geamanu-300x300.webp 300w, https:\/\/inatech-group.com\/wp-content\/uploads\/2025\/01\/Madalina_Geamanu-150x150.webp 150w, https:\/\/inatech-group.com\/wp-content\/uploads\/2025\/01\/Madalina_Geamanu-768x768.webp 768w, https:\/\/inatech-group.com\/wp-content\/uploads\/2025\/01\/Madalina_Geamanu-500x500.webp 500w, https:\/\/inatech-group.com\/wp-content\/uploads\/2025\/01\/Madalina_Geamanu-700x700.webp 700w\" sizes=\"(max-width: 640px) 100vw, 640px\" \/>\t\t\t\t\t\t\t\t<\/a>\r\n\t\t\t\t\t\t\t\t\t\t\t\t\t\t\t\t\t<div class=\"social-icons1 f\">\r\n\t\t\t\t\t\t\t\t\t\t<a href=\"https:\/\/www.linkedin.com\/in\/m\u0103d\u0103lina-alexandra-geam\u0103nu-0091451b8\/\" class=\"social-icon\"><i class=\"fab fa-linkedin-in\"><\/i><\/a>\t\t\t\t\t\t\t        <\/div>\r\n\t\t\t\t\t\t\t        \r\n\t\t\t\t\t\t\t<\/div>\t\r\n\t\t\t\t\t\t\t<div class=\"team-content\">\r\n\t\t\t\t\t\t\t  <h3 class=\"team-name\">\r\n\t\t\t\t\t\t\t  \t\t\t\t\t\t\t\t  \t\t<a class=\"pointer-events\"  data-effect=\"mfp-zoom-in\">\r\n\t\t\t\t\t\t\t    \r\n\t\t\t\t\t\t\t  \tMadalina Geamanu<\/a><\/h3>\r\n\t\t\t\t\t\t\t  <span class=\"team-title\">\u0420\u044a\u043a\u043e\u0432\u043e\u0434\u0438\u0442\u0435\u043b \u043c\u0430\u0440\u043a\u0435\u0442\u0438\u043d\u0433<\/span>\r\n\t\t\t\t\t\t\t<\/div>\t\t\t\t\t\r\n\t\t\t\t  \t\t<\/div>\r\n\t\t\t  \t\t<\/div>\r\n\t\t\t\t<\/div>\r\n\r\n\t\t\t\t<!-- Hidden PupupBox Text -->\r\n\r\n\t\t\t\t\r\n\t\t\t  \r\n\t<\/div>\r\n<\/div>\t\t\t\t<\/div>\n\t\t\t\t<\/div>\n\t\t\t\t\t<\/div>\n\t\t\t\t<\/div>\n\t\t<div class=\"elementor-element elementor-element-56dda33 e-con-full e-flex e-con e-parent\" data-id=\"56dda33\" data-element_type=\"container\" data-settings=\"{&quot;jet_parallax_layout_list&quot;:[]}\">\n\t\t\t\t<\/div>\n\t\t\t\t<\/div>\n\t\t","protected":false},"excerpt":{"rendered":"<p>\u0421\u044a\u0432\u0435\u0442 \u043d\u0430 \u0434\u0438\u0440\u0435\u043a\u0442\u043e\u0440\u0438\u0442\u0435 \u2013 INATECH GROUP \u0418\u0437\u043f\u044a\u043b\u043d\u0438\u0442\u0435\u043b\u043d\u0438\u044f\u0442 \u0435\u043a\u0438\u043f \u043d\u0430 INATECH Group \u043e\u0431\u0435\u0434\u0438\u043d\u044f\u0432\u0430 \u043b\u0438\u0434\u0435\u0440\u0438 \u0441 \u043e\u0431\u0449\u0430 \u0432\u0438\u0437\u0438\u044f: \u0443\u0441\u0442\u043e\u0439\u0447\u0438\u0432\u043e \u0440\u0430\u0437\u0432\u0438\u0442\u0438\u0435, \u0438\u043d\u043e\u0432\u0430\u0446\u0438\u0438 \u0438 \u043e\u043f\u0435\u0440\u0430\u0442\u0438\u0432\u043d\u043e \u0441\u044a\u0432\u044a\u0440\u0448\u0435\u043d\u0441\u0442\u0432\u043e. \u0427\u0440\u0435\u0437 \u0432\u0437\u0435\u0442\u0438\u0442\u0435 \u0440\u0435\u0448\u0435\u043d\u0438\u044f \u0438 \u043e\u043f\u0440\u0435\u0434\u0435\u043b\u0435\u043d\u0438\u0442\u0435 \u0441\u0442\u0440\u0430\u0442\u0435\u0433\u0438\u0447\u0435\u0441\u043a\u0438 \u043d\u0430\u0441\u043e\u043a\u0438 \u0442\u0435 \u043a\u043e\u043e\u0440\u0434\u0438\u043d\u0438\u0440\u0430\u0442 \u0434\u0435\u0439\u043d\u043e\u0441\u0442\u0442\u0430 \u043d\u0430 \u0432\u0441\u0438\u0447\u043a\u0438 \u0434\u0438\u0432\u0438\u0437\u0438\u0438 \u043d\u0430 \u0433\u0440\u0443\u043f\u0430\u0442\u0430, \u0443\u043a\u0440\u0435\u043f\u0432\u0430\u0439\u043a\u0438 \u043f\u043e\u0437\u0438\u0446\u0438\u044f\u0442\u0430 \u043d\u0430 INATECH \u043a\u0430\u0442\u043e \u043d\u0430\u0434\u0435\u0436\u0434\u0435\u043d \u043f\u0430\u0440\u0442\u043d\u044c\u043e\u0440 \u0432 \u043e\u0431\u043b\u0430\u0441\u0442\u0442\u0430 \u043d\u0430 \u043e\u043f\u0430\u043a\u043e\u0432\u044a\u0447\u043d\u0430\u0442\u0430 \u0438\u043d\u0434\u0443\u0441\u0442\u0440\u0438\u044f, \u0438\u043d\u0442\u0435\u0433\u0440\u0438\u0440\u0430\u043d\u0438\u0442\u0435 \u0438\u043d\u0434\u0443\u0441\u0442\u0440\u0438\u0430\u043b\u043d\u0438 \u0440\u0435\u0448\u0435\u043d\u0438\u044f \u0438 \u043f\u0440\u043e\u0444\u0435\u0441\u0438\u043e\u043d\u0430\u043b\u043d\u0438\u0442\u0435 \u0438\u0437\u043e\u043b\u0430\u0446\u0438\u043e\u043d\u043d\u0438&#8230;<\/p>\n","protected":false},"author":2,"featured_media":0,"parent":0,"menu_order":0,"comment_status":"closed","ping_status":"closed","template":"","meta":{"footnotes":""},"class_list":["post-51514","page","type-page","status-publish","hentry"],"_links":{"self":[{"href":"https:\/\/inatech-group.com\/bg\/wp-json\/wp\/v2\/pages\/51514","targetHints":{"allow":["GET"]}}],"collection":[{"href":"https:\/\/inatech-group.com\/bg\/wp-json\/wp\/v2\/pages"}],"about":[{"href":"https:\/\/inatech-group.com\/bg\/wp-json\/wp\/v2\/types\/page"}],"author":[{"embeddable":true,"href":"https:\/\/inatech-group.com\/bg\/wp-json\/wp\/v2\/users\/2"}],"replies":[{"embeddable":true,"href":"https:\/\/inatech-group.com\/bg\/wp-json\/wp\/v2\/comments?post=51514"}],"version-history":[{"count":6,"href":"https:\/\/inatech-group.com\/bg\/wp-json\/wp\/v2\/pages\/51514\/revisions"}],"predecessor-version":[{"id":53887,"href":"https:\/\/inatech-group.com\/bg\/wp-json\/wp\/v2\/pages\/51514\/revisions\/53887"}],"wp:attachment":[{"href":"https:\/\/inatech-group.com\/bg\/wp-json\/wp\/v2\/media?parent=51514"}],"curies":[{"name":"wp","href":"https:\/\/api.w.org\/{rel}","templated":true}]}}